{"id":6386,"date":"2013-10-18T17:50:22","date_gmt":"2013-10-18T17:50:22","guid":{"rendered":"https:\/\/muralunique.com\/?post_type=product&#038;p=6386"},"modified":"2025-09-30T16:18:04","modified_gmt":"2025-09-30T20:18:04","slug":"rue-celebre-a-new-york","status":"publish","type":"product","link":"https:\/\/www.muralunique.com\/fr\/produit\/rue-celebre-a-new-york\/","title":{"rendered":"Rue C\u00e9l\u00e8bre \u00e0 New York"},"content":{"rendered":"<p>-Murale en papier peint originale de Time Square \u00e0 New York.<\/p>\n<p>-La murale comprend des laizes de 18&#8243; (45cm) de largeur. Par exemple, une murale de 6&#8242; (1,83m) de largeur a 4 laizes et une murale de 12&#8242; (3,66m) de largeur a 8 laizes.<\/p>\n<p>-Murale en papier\u00a0peint pr\u00e9encoll\u00e9e, lavable, s&#8217;enl\u00e8ve \u00e0 sec et r\u00e9utilisable. Facile \u00e0 installer, se pose comme du papier\u00a0peint (tapisserie).<\/p>\n<p>-murale New York, papier peint New York, tapisserie New York, murale ville, papier peint urbain<\/p>\n","protected":false},"excerpt":{"rendered":"<p>-Murale en papier peint originale de Time Square \u00e0 New York. -La murale comprend des laizes de 18&#8243; (45cm) de largeur. Par exemple, une murale de 6&#8242; (1,83m) de largeur a 4 laizes et une murale de 12&#8242; (3,66m) de largeur a 8 laizes. -Murale en papier\u00a0peint pr\u00e9encoll\u00e9e, lavable, s&#8217;enl\u00e8ve \u00e0 sec et r\u00e9utilisable. Facile [&hellip;]<\/p>\n","protected":false},"featured_media":64823,"template":"","meta":{"_acf_changed":false},"product_brand":[203],"product_cat":[131,305,166,401,425],"product_tag":[8982,8921,9499,9170,9226,9230,8902,9423,8983,9500],"class_list":{"0":"post-6386","1":"product","2":"type-product","3":"status-publish","4":"has-post-thumbnail","6":"product_brand-muralunique-com","7":"product_cat-adolescents","8":"product_cat-produits-vedettes","9":"product_cat-scenes-urbaines-villes","10":"product_cat-tous-nos-produits","11":"product_cat-ultra-haute-d-finition-art","12":"product_tag-celebre","13":"product_tag-contemporain","14":"product_tag-etats-unis","15":"product_tag-manhattan-fr","16":"product_tag-new-york-fr","17":"product_tag-nyc-fr","18":"product_tag-paysage-urbain","19":"product_tag-rue","20":"product_tag-rue-celebre","21":"product_tag-urbain","23":"first","24":"instock","25":"taxable","26":"shipping-taxable","27":"purchasable","28":"product-type-variable","29":"has-default-attributes"},"acf":[],"_links":{"self":[{"href":"https:\/\/www.muralunique.com\/fr\/wp-json\/wp\/v2\/product\/6386","targetHints":{"allow":["GET"]}}],"collection":[{"href":"https:\/\/www.muralunique.com\/fr\/wp-json\/wp\/v2\/product"}],"about":[{"href":"https:\/\/www.muralunique.com\/fr\/wp-json\/wp\/v2\/types\/product"}],"wp:featuredmedia":[{"embeddable":true,"href":"https:\/\/www.muralunique.com\/fr\/wp-json\/wp\/v2\/media\/64823"}],"wp:attachment":[{"href":"https:\/\/www.muralunique.com\/fr\/wp-json\/wp\/v2\/media?parent=6386"}],"wp:term":[{"taxonomy":"product_brand","embeddable":true,"href":"https:\/\/www.muralunique.com\/fr\/wp-json\/wp\/v2\/product_brand?post=6386"},{"taxonomy":"product_cat","embeddable":true,"href":"https:\/\/www.muralunique.com\/fr\/wp-json\/wp\/v2\/product_cat?post=6386"},{"taxonomy":"product_tag","embeddable":true,"href":"https:\/\/www.muralunique.com\/fr\/wp-json\/wp\/v2\/product_tag?post=6386"}],"curies":[{"name":"wp","href":"https:\/\/api.w.org\/{rel}","templated":true}]}}