{"id":6392,"date":"2013-10-18T17:53:02","date_gmt":"2013-10-18T17:53:02","guid":{"rendered":"https:\/\/muralunique.com\/?post_type=product&#038;p=6392"},"modified":"2021-08-25T12:30:13","modified_gmt":"2021-08-25T16:30:13","slug":"commune-de-corinaldo-en-italie","status":"publish","type":"product","link":"https:\/\/www.muralunique.com\/fr\/produit\/commune-de-corinaldo-en-italie\/","title":{"rendered":"Commune de Corinaldo en Italie"},"content":{"rendered":"<p>-Magnifique murale en papier peint de la Commune de Corinaldo, Anc\u00f4ne, Italie.<\/p>\n<p>-La murale comprend des laizes de 18&#8243; (45cm) de largeur. Par exemple, une murale de 6&#8242; (1,83m) de largeur a 4 laizes et une murale de 12&#8242; (3,66m) de largeur a 8 laizes.<\/p>\n<p>-Murale en papier\u00a0peint pr\u00e9encoll\u00e9e, lavable, s&#8217;enl\u00e8ve \u00e0 sec et r\u00e9utilisable. Facile \u00e0 installer, se pose comme du papier\u00a0peint (tapisserie).<\/p>\n<p>-murale Italie, papier peint Italie, tapisserie Italie, murale commune Corinaldo, papier peint commune Corinaldo<\/p>\n","protected":false},"excerpt":{"rendered":"<p>-Magnifique murale en papier peint de la Commune de Corinaldo, Anc\u00f4ne, Italie. -La murale comprend des laizes de 18&#8243; (45cm) de largeur. Par exemple, une murale de 6&#8242; (1,83m) de largeur a 4 laizes et une murale de 12&#8242; (3,66m) de largeur a 8 laizes. -Murale en papier\u00a0peint pr\u00e9encoll\u00e9e, lavable, s&#8217;enl\u00e8ve \u00e0 sec et r\u00e9utilisable. [&hellip;]<\/p>\n","protected":false},"featured_media":6393,"template":"","meta":{"_acf_changed":false},"product_brand":[203],"product_cat":[128,166,401],"product_tag":[8667,8918,8921,8685,9407,8691,9115,9536,9537,8902,9500,9510],"class_list":{"0":"post-6392","1":"product","2":"type-product","3":"status-publish","4":"has-post-thumbnail","6":"product_brand-muralunique-com","7":"product_cat-merveilles-du-monde","8":"product_cat-scenes-urbaines-villes","9":"product_cat-tous-nos-produits","10":"product_tag-ancona-fr","11":"product_tag-comune-fr","12":"product_tag-contemporain","13":"product_tag-corinaldo-fr","14":"product_tag-escaliers","15":"product_tag-europe-fr","16":"product_tag-italie","17":"product_tag-merveilles","18":"product_tag-merveilles-du-monde","19":"product_tag-paysage-urbain","20":"product_tag-urbain","21":"product_tag-village-fr","23":"first","24":"instock","25":"taxable","26":"shipping-taxable","27":"purchasable","28":"product-type-variable","29":"has-default-attributes"},"acf":[],"_links":{"self":[{"href":"https:\/\/www.muralunique.com\/fr\/wp-json\/wp\/v2\/product\/6392","targetHints":{"allow":["GET"]}}],"collection":[{"href":"https:\/\/www.muralunique.com\/fr\/wp-json\/wp\/v2\/product"}],"about":[{"href":"https:\/\/www.muralunique.com\/fr\/wp-json\/wp\/v2\/types\/product"}],"wp:featuredmedia":[{"embeddable":true,"href":"https:\/\/www.muralunique.com\/fr\/wp-json\/wp\/v2\/media\/6393"}],"wp:attachment":[{"href":"https:\/\/www.muralunique.com\/fr\/wp-json\/wp\/v2\/media?parent=6392"}],"wp:term":[{"taxonomy":"product_brand","embeddable":true,"href":"https:\/\/www.muralunique.com\/fr\/wp-json\/wp\/v2\/product_brand?post=6392"},{"taxonomy":"product_cat","embeddable":true,"href":"https:\/\/www.muralunique.com\/fr\/wp-json\/wp\/v2\/product_cat?post=6392"},{"taxonomy":"product_tag","embeddable":true,"href":"https:\/\/www.muralunique.com\/fr\/wp-json\/wp\/v2\/product_tag?post=6392"}],"curies":[{"name":"wp","href":"https:\/\/api.w.org\/{rel}","templated":true}]}}