{"id":6455,"date":"2013-11-16T12:44:36","date_gmt":"2013-11-16T12:44:36","guid":{"rendered":"https:\/\/muralunique.com\/?post_type=product&#038;p=6455"},"modified":"2022-04-16T19:44:14","modified_gmt":"2022-04-16T23:44:14","slug":"foret-boreale-au-territoire-du-yukon-canada","status":"publish","type":"product","link":"https:\/\/www.muralunique.com\/fr\/produit\/foret-boreale-au-territoire-du-yukon-canada\/","title":{"rendered":"For\u00eat Bor\u00e9ale au Territoire du Yukon, Canada"},"content":{"rendered":"<p>-Murale en papier\u00a0peint d&#8217;une for\u00eat bor\u00e9ale au Territoire du Yukon (Canada). Cette for\u00eat bor\u00e9ale dans les tons de jaune et de brun est une bonne option pour donner vie \u00e0 vos murs.<\/p>\n<p>-La murale comprend des laizes de 18&#8243; (45cm) de largeur. Par exemple, une murale de 6&#8242; (1,83m) de largeur a 4 laizes et une murale de 12&#8242; (3,66m) de largeur a 8 laizes.<\/p>\n<p>-Murale en papier\u00a0peint pr\u00e9encoll\u00e9e, lavable, s&#8217;enl\u00e8ve \u00e0 sec et r\u00e9utilisable. Facile \u00e0 installer, se pose comme du papier\u00a0peint (tapisserie).<\/p>\n<p>-murale for\u00eat bor\u00e9ale, murale en papier peint for\u00eat bor\u00e9ale, papier peint for\u00eat bor\u00e9ale, tapisserie for\u00eat Canada, murale for\u00eat Canada<\/p>\n","protected":false},"excerpt":{"rendered":"<p>-Murale en papier\u00a0peint d&#8217;une for\u00eat bor\u00e9ale au Territoire du Yukon (Canada). Cette for\u00eat bor\u00e9ale dans les tons de jaune et de brun est une bonne option pour donner vie \u00e0 vos murs. -La murale comprend des laizes de 18&#8243; (45cm) de largeur. Par exemple, une murale de 6&#8242; (1,83m) de largeur a 4 laizes et [&hellip;]<\/p>\n","protected":false},"featured_media":31624,"template":"","meta":{"_acf_changed":false},"product_brand":[203],"product_cat":[141,401],"product_tag":[9478,8979,8788,8837,8864,8676,9019,8838,9219,9261,9137,9549,9467,9548],"class_list":{"0":"post-6455","1":"product","2":"type-product","3":"status-publish","4":"has-post-thumbnail","6":"product_brand-muralunique-com","7":"product_cat-nature-et-paysages","8":"product_cat-tous-nos-produits","9":"product_tag-arbres","10":"product_tag-automne-fr","11":"product_tag-automne","12":"product_tag-boreale","13":"product_tag-calme","14":"product_tag-canada-fr","15":"product_tag-foret","16":"product_tag-foret-boreale","17":"product_tag-nature-fr","18":"product_tag-paisible","19":"product_tag-paysage","20":"product_tag-territoire-du-yukon","21":"product_tag-tranquilite","22":"product_tag-yukon-fr","24":"first","25":"instock","26":"taxable","27":"shipping-taxable","28":"purchasable","29":"product-type-variable","30":"has-default-attributes"},"acf":[],"_links":{"self":[{"href":"https:\/\/www.muralunique.com\/fr\/wp-json\/wp\/v2\/product\/6455","targetHints":{"allow":["GET"]}}],"collection":[{"href":"https:\/\/www.muralunique.com\/fr\/wp-json\/wp\/v2\/product"}],"about":[{"href":"https:\/\/www.muralunique.com\/fr\/wp-json\/wp\/v2\/types\/product"}],"wp:featuredmedia":[{"embeddable":true,"href":"https:\/\/www.muralunique.com\/fr\/wp-json\/wp\/v2\/media\/31624"}],"wp:attachment":[{"href":"https:\/\/www.muralunique.com\/fr\/wp-json\/wp\/v2\/media?parent=6455"}],"wp:term":[{"taxonomy":"product_brand","embeddable":true,"href":"https:\/\/www.muralunique.com\/fr\/wp-json\/wp\/v2\/product_brand?post=6455"},{"taxonomy":"product_cat","embeddable":true,"href":"https:\/\/www.muralunique.com\/fr\/wp-json\/wp\/v2\/product_cat?post=6455"},{"taxonomy":"product_tag","embeddable":true,"href":"https:\/\/www.muralunique.com\/fr\/wp-json\/wp\/v2\/product_tag?post=6455"}],"curies":[{"name":"wp","href":"https:\/\/api.w.org\/{rel}","templated":true}]}}