{"id":6493,"date":"2013-11-28T17:48:19","date_gmt":"2013-11-28T17:48:19","guid":{"rendered":"https:\/\/muralunique.com\/?post_type=product&#038;p=6493"},"modified":"2022-04-16T19:43:41","modified_gmt":"2022-04-16T23:43:41","slug":"en-avant-la-musique","status":"publish","type":"product","link":"https:\/\/www.muralunique.com\/fr\/produit\/en-avant-la-musique\/","title":{"rendered":"En Avant la Musique"},"content":{"rendered":"<p>-Murale en papier peint tr\u00e8s originale pour les amateurs de musique!<\/p>\n<p>-La murale comprend des laizes de 18&#8243; (45cm) de largeur. Par exemple, une murale de 6&#8242; (1,83m) de largeur a 4 laizes et une murale de 12&#8242; (3,66m) de largeur a 8 laizes.<\/p>\n<p>-Murale en papier\u00a0peint pr\u00e9encoll\u00e9e, lavable, s&#8217;enl\u00e8ve \u00e0 sec et r\u00e9utilisable. Facile \u00e0 installer, se pose comme du papier\u00a0peint (tapisserie).<\/p>\n<p>-tapisserie de musique, murale de musique, papier peint de musique, murale pour enfants, murale pour adolescents<\/p>\n","protected":false},"excerpt":{"rendered":"<p>-Murale en papier peint tr\u00e8s originale pour les amateurs de musique! -La murale comprend des laizes de 18&#8243; (45cm) de largeur. Par exemple, une murale de 6&#8242; (1,83m) de largeur a 4 laizes et une murale de 12&#8242; (3,66m) de largeur a 8 laizes. -Murale en papier\u00a0peint pr\u00e9encoll\u00e9e, lavable, s&#8217;enl\u00e8ve \u00e0 sec et r\u00e9utilisable. Facile [&hellip;]<\/p>\n","protected":false},"featured_media":6494,"template":"","meta":{"_acf_changed":false},"product_brand":[203],"product_cat":[131,173,477,401,425],"product_tag":[9441,9442,8894,8895,9037,9125,9057,9058,9060,9070,9212,9211,9856],"class_list":{"0":"post-6493","1":"product","2":"type-product","3":"status-publish","4":"has-post-thumbnail","6":"product_brand-muralunique-com","7":"product_cat-adolescents","8":"product_cat-enfants","9":"product_cat-musique","10":"product_cat-tous-nos-produits","11":"product_cat-ultra-haute-d-finition-art","12":"product_tag-ado","13":"product_tag-adolescents","14":"product_tag-enfant","15":"product_tag-enfants","16":"product_tag-funky-fr","17":"product_tag-gamins","18":"product_tag-graffiti-fr","19":"product_tag-graffitis-fr","20":"product_tag-grafitis-fr","21":"product_tag-guitare","22":"product_tag-musical-fr","23":"product_tag-musique","24":"product_tag-rock-and-roll-fr","26":"first","27":"instock","28":"taxable","29":"shipping-taxable","30":"purchasable","31":"product-type-variable","32":"has-default-attributes"},"acf":[],"_links":{"self":[{"href":"https:\/\/www.muralunique.com\/fr\/wp-json\/wp\/v2\/product\/6493","targetHints":{"allow":["GET"]}}],"collection":[{"href":"https:\/\/www.muralunique.com\/fr\/wp-json\/wp\/v2\/product"}],"about":[{"href":"https:\/\/www.muralunique.com\/fr\/wp-json\/wp\/v2\/types\/product"}],"wp:featuredmedia":[{"embeddable":true,"href":"https:\/\/www.muralunique.com\/fr\/wp-json\/wp\/v2\/media\/6494"}],"wp:attachment":[{"href":"https:\/\/www.muralunique.com\/fr\/wp-json\/wp\/v2\/media?parent=6493"}],"wp:term":[{"taxonomy":"product_brand","embeddable":true,"href":"https:\/\/www.muralunique.com\/fr\/wp-json\/wp\/v2\/product_brand?post=6493"},{"taxonomy":"product_cat","embeddable":true,"href":"https:\/\/www.muralunique.com\/fr\/wp-json\/wp\/v2\/product_cat?post=6493"},{"taxonomy":"product_tag","embeddable":true,"href":"https:\/\/www.muralunique.com\/fr\/wp-json\/wp\/v2\/product_tag?post=6493"}],"curies":[{"name":"wp","href":"https:\/\/api.w.org\/{rel}","templated":true}]}}