{"id":6511,"date":"2013-11-28T18:01:17","date_gmt":"2013-11-28T18:01:17","guid":{"rendered":"https:\/\/muralunique.com\/?post_type=product&#038;p=6511"},"modified":"2025-10-10T08:57:29","modified_gmt":"2025-10-10T12:57:29","slug":"hypnose","status":"publish","type":"product","link":"https:\/\/www.muralunique.com\/fr\/produit\/hypnose\/","title":{"rendered":"Hypnose"},"content":{"rendered":"<p>-Murale en papier peint de formes g\u00e9om\u00e9triques multicolores.<\/p>\n<p><strong>-Cette murale peut \u00eatre r\u00e9p\u00e9t\u00e9e horizontalement et verticalement.<\/strong><\/p>\n<p>-La murale comprend des laizes de 18&#8243; (45cm) de largeur. Par exemple, une murale de 6&#8242; (1,83m) de largeur a 4 laizes et une murale de 12&#8242; (3,66m) de largeur a 8 laizes.<\/p>\n<p>-Murale en papier\u00a0peint pr\u00e9encoll\u00e9e, lavable, s&#8217;enl\u00e8ve \u00e0 sec et r\u00e9utilisable. Facile \u00e0 installer, se pose comme du papier\u00a0peint (tapisserie).<\/p>\n<p>-murale \u200bmulticolore, murale color\u00e9e, murale en papier peint originale, tapisserie multicolore, papier peint color\u00e9<\/p>\n","protected":false},"excerpt":{"rendered":"<p>-Murale en papier peint de formes g\u00e9om\u00e9triques multicolores. -Cette murale peut \u00eatre r\u00e9p\u00e9t\u00e9e horizontalement et verticalement. -La murale comprend des laizes de 18&#8243; (45cm) de largeur. Par exemple, une murale de 6&#8242; (1,83m) de largeur a 4 laizes et une murale de 12&#8242; (3,66m) de largeur a 8 laizes. -Murale en papier\u00a0peint pr\u00e9encoll\u00e9e, lavable, s&#8217;enl\u00e8ve [&hellip;]<\/p>\n","protected":false},"featured_media":6516,"template":"","meta":{"_acf_changed":false},"product_brand":[203],"product_cat":[125,131,173,367,10345,401],"product_tag":[8751,9441,9442,8921,9047,9049],"class_list":{"0":"post-6511","1":"product","2":"type-product","3":"status-publish","4":"has-post-thumbnail","6":"product_brand-muralunique-com","7":"product_cat-abstrait-et-geometrie","8":"product_cat-adolescents","9":"product_cat-enfants","10":"product_cat-murales-en-r-p-tition","11":"product_cat-murs-extra-hauts-murales-repetition-verticale","12":"product_cat-tous-nos-produits","13":"product_tag-abstrait","14":"product_tag-ado","15":"product_tag-adolescents","16":"product_tag-contemporain","17":"product_tag-geometrie","18":"product_tag-geometrique","20":"first","21":"instock","22":"taxable","23":"shipping-taxable","24":"purchasable","25":"product-type-variable"},"acf":[],"_links":{"self":[{"href":"https:\/\/www.muralunique.com\/fr\/wp-json\/wp\/v2\/product\/6511","targetHints":{"allow":["GET"]}}],"collection":[{"href":"https:\/\/www.muralunique.com\/fr\/wp-json\/wp\/v2\/product"}],"about":[{"href":"https:\/\/www.muralunique.com\/fr\/wp-json\/wp\/v2\/types\/product"}],"wp:featuredmedia":[{"embeddable":true,"href":"https:\/\/www.muralunique.com\/fr\/wp-json\/wp\/v2\/media\/6516"}],"wp:attachment":[{"href":"https:\/\/www.muralunique.com\/fr\/wp-json\/wp\/v2\/media?parent=6511"}],"wp:term":[{"taxonomy":"product_brand","embeddable":true,"href":"https:\/\/www.muralunique.com\/fr\/wp-json\/wp\/v2\/product_brand?post=6511"},{"taxonomy":"product_cat","embeddable":true,"href":"https:\/\/www.muralunique.com\/fr\/wp-json\/wp\/v2\/product_cat?post=6511"},{"taxonomy":"product_tag","embeddable":true,"href":"https:\/\/www.muralunique.com\/fr\/wp-json\/wp\/v2\/product_tag?post=6511"}],"curies":[{"name":"wp","href":"https:\/\/api.w.org\/{rel}","templated":true}]}}