{"id":65378,"date":"2022-06-09T16:39:12","date_gmt":"2022-06-09T20:39:12","guid":{"rendered":"https:\/\/www.muralunique.com\/?post_type=product&#038;p=65378"},"modified":"2022-06-10T12:08:15","modified_gmt":"2022-06-10T16:08:15","slug":"garage-de-vieilles-bagnoles","status":"publish","type":"product","link":"https:\/\/www.muralunique.com\/fr\/produit\/garage-de-vieilles-bagnoles\/","title":{"rendered":"Garage de Vieilles Bagnoles"},"content":{"rendered":"<p>-Murale en papier peint d&#8217;un garage pour vieilles bagnoles &#8220;Old Car City&#8221;. Une image trompe l&#8217;oeil tr\u00e8s int\u00e9ressante, id\u00e9ale pour cr\u00e9er un d\u00e9cor original et donner du style et de la personnalit\u00e9 \u00e0 un mur ennuyant.<\/p>\n<p>-La murale comprend des laizes de 18\u2033 (45cm) de largeur. Par exemple, une murale de 6\u2032 (1,83m) de largeur a 4 laizes et une murale de 12\u2032 (3,66m) de largeur a 8 laizes.<\/p>\n<p>-Murale en papier\u00a0peint pr\u00e9encoll\u00e9e, lavable, s\u2019enl\u00e8ve \u00e0 sec et r\u00e9utilisable. Facile \u00e0 installer, se pose comme du papier\u00a0peint (tapisserie).<\/p>\n<p>-murale garage de vieilles bagnoles, tapisserie garage de vieilles bagnoles, papier peint garage de vieilles bagnoles, murale en papier peint de garage de vieilles bagnoles<\/p>\n","protected":false},"excerpt":{"rendered":"<p>-Murale en papier peint d&#8217;un garage pour vieilles bagnoles &#8220;Old Car City&#8221;. Une image trompe l&#8217;oeil tr\u00e8s int\u00e9ressante, id\u00e9ale pour cr\u00e9er un d\u00e9cor original et donner du style et de la personnalit\u00e9 \u00e0 un mur ennuyant. -La murale comprend des laizes de 18\u2033 (45cm) de largeur. Par exemple, une murale de 6\u2032 (1,83m) de largeur [&hellip;]<\/p>\n","protected":false},"featured_media":65377,"template":"","meta":{"_acf_changed":false},"product_brand":[],"product_cat":[401,179,163],"product_tag":[10126,10124,9043,10121,10122,9469,9470,9471,9483,9612,9485,9235,9234,9786,8874],"class_list":{"0":"post-65378","1":"product","2":"type-product","3":"status-publish","4":"has-post-thumbnail","6":"artist-artistes-varies","7":"product_cat-tous-nos-produits","8":"product_cat-transports","9":"product_cat-trompe-loeil","10":"product_tag-atelier-de-travail-fr","11":"product_tag-atelier-de-travail","12":"product_tag-garage-fr","13":"product_tag-outil","14":"product_tag-outils","15":"product_tag-transport-fr","16":"product_tag-transportation","17":"product_tag-transports","18":"product_tag-trompe-l-oeil","19":"product_tag-trompe-loeil-fr","20":"product_tag-trompe-oeil-fr","21":"product_tag-vieille-voiture","22":"product_tag-vieux","23":"product_tag-voiture","24":"product_tag-voitures","26":"first","27":"instock","28":"taxable","29":"shipping-taxable","30":"purchasable","31":"product-type-variable","32":"has-default-attributes"},"acf":[],"_links":{"self":[{"href":"https:\/\/www.muralunique.com\/fr\/wp-json\/wp\/v2\/product\/65378","targetHints":{"allow":["GET"]}}],"collection":[{"href":"https:\/\/www.muralunique.com\/fr\/wp-json\/wp\/v2\/product"}],"about":[{"href":"https:\/\/www.muralunique.com\/fr\/wp-json\/wp\/v2\/types\/product"}],"wp:featuredmedia":[{"embeddable":true,"href":"https:\/\/www.muralunique.com\/fr\/wp-json\/wp\/v2\/media\/65377"}],"wp:attachment":[{"href":"https:\/\/www.muralunique.com\/fr\/wp-json\/wp\/v2\/media?parent=65378"}],"wp:term":[{"taxonomy":"product_brand","embeddable":true,"href":"https:\/\/www.muralunique.com\/fr\/wp-json\/wp\/v2\/product_brand?post=65378"},{"taxonomy":"product_cat","embeddable":true,"href":"https:\/\/www.muralunique.com\/fr\/wp-json\/wp\/v2\/product_cat?post=65378"},{"taxonomy":"product_tag","embeddable":true,"href":"https:\/\/www.muralunique.com\/fr\/wp-json\/wp\/v2\/product_tag?post=65378"}],"curies":[{"name":"wp","href":"https:\/\/api.w.org\/{rel}","templated":true}]}}