{"id":65534,"date":"2022-06-13T16:15:30","date_gmt":"2022-06-13T20:15:30","guid":{"rendered":"https:\/\/www.muralunique.com\/?post_type=product&#038;p=65534"},"modified":"2022-06-13T16:40:32","modified_gmt":"2022-06-13T20:40:32","slug":"moto-de-cross-country","status":"publish","type":"product","link":"https:\/\/www.muralunique.com\/fr\/produit\/moto-de-cross-country\/","title":{"rendered":"Moto de Cross-Country"},"content":{"rendered":"<p>-Murale en noir et blanc d&#8217;une moto de type cross-country en pleine action. Que ce soit pour une chambre, une salle de jeu d&#8217;adolescents ou d&#8217;adultes, cette murale est parfaite pour les amateurs de motocross.<\/p>\n<p>-La murale comprend des laizes de 18\u2033 (45cm) de largeur. Par exemple, une murale de 6\u2032 (1,83m) de largeur a 4 laizes et une murale de 12\u2032 (3,66m) de largeur a 8 laizes.<\/p>\n<p>-Murale en papier\u00a0peint pr\u00e9encoll\u00e9e, lavable, s\u2019enl\u00e8ve \u00e0 sec et r\u00e9utilisable. Facile \u00e0 installer, se pose comme du papier\u00a0peint (tapisserie).<\/p>\n<p>-murale de motocross, murale en papier peint de motocross, murale de moto de cross-country, tapisserie de moto de cross-country, papier peint de moto de cross-country, tapisserie de motocross<\/p>\n","protected":false},"excerpt":{"rendered":"<p>-Murale en noir et blanc d&#8217;une moto de type cross-country en pleine action. Que ce soit pour une chambre, une salle de jeu d&#8217;adolescents ou d&#8217;adultes, cette murale est parfaite pour les amateurs de motocross. -La murale comprend des laizes de 18\u2033 (45cm) de largeur. Par exemple, une murale de 6\u2032 (1,83m) de largeur a [&hellip;]<\/p>\n","protected":false},"featured_media":65532,"template":"","meta":{"_acf_changed":false},"product_brand":[],"product_cat":[131,145,401,179],"product_tag":[9441,9442,9898,9899,9204,9900,9205,9206,9399,9400,9469,9470,9471],"class_list":{"0":"post-65534","1":"product","2":"type-product","3":"status-publish","4":"has-post-thumbnail","6":"artist-artistes-varies","7":"product_cat-adolescents","8":"product_cat-sports-2","9":"product_cat-tous-nos-produits","10":"product_cat-transports","11":"product_tag-ado","12":"product_tag-adolescents","13":"product_tag-cross-country-fr","14":"product_tag-moto-fr","15":"product_tag-motocross-fr","16":"product_tag-motocyclette","17":"product_tag-motocyclettes","18":"product_tag-motos-fr","19":"product_tag-sport","20":"product_tag-sports","21":"product_tag-transport-fr","22":"product_tag-transportation","23":"product_tag-transports","25":"first","26":"instock","27":"taxable","28":"shipping-taxable","29":"purchasable","30":"product-type-variable","31":"has-default-attributes"},"acf":[],"_links":{"self":[{"href":"https:\/\/www.muralunique.com\/fr\/wp-json\/wp\/v2\/product\/65534","targetHints":{"allow":["GET"]}}],"collection":[{"href":"https:\/\/www.muralunique.com\/fr\/wp-json\/wp\/v2\/product"}],"about":[{"href":"https:\/\/www.muralunique.com\/fr\/wp-json\/wp\/v2\/types\/product"}],"wp:featuredmedia":[{"embeddable":true,"href":"https:\/\/www.muralunique.com\/fr\/wp-json\/wp\/v2\/media\/65532"}],"wp:attachment":[{"href":"https:\/\/www.muralunique.com\/fr\/wp-json\/wp\/v2\/media?parent=65534"}],"wp:term":[{"taxonomy":"product_brand","embeddable":true,"href":"https:\/\/www.muralunique.com\/fr\/wp-json\/wp\/v2\/product_brand?post=65534"},{"taxonomy":"product_cat","embeddable":true,"href":"https:\/\/www.muralunique.com\/fr\/wp-json\/wp\/v2\/product_cat?post=65534"},{"taxonomy":"product_tag","embeddable":true,"href":"https:\/\/www.muralunique.com\/fr\/wp-json\/wp\/v2\/product_tag?post=65534"}],"curies":[{"name":"wp","href":"https:\/\/api.w.org\/{rel}","templated":true}]}}