{"id":65597,"date":"2022-06-14T14:56:08","date_gmt":"2022-06-14T18:56:08","guid":{"rendered":"https:\/\/www.muralunique.com\/?post_type=product&#038;p=65597"},"modified":"2023-04-18T13:18:50","modified_gmt":"2023-04-18T17:18:50","slug":"feuillage-tropical-en-noir-et-blanc-texture-de-canevas","status":"publish","type":"product","link":"https:\/\/www.muralunique.com\/fr\/produit\/feuillage-tropical-en-noir-et-blanc-texture-de-canevas\/","title":{"rendered":"Feuillage Tropical en Noir et Blanc (Texture de Canevas)"},"content":{"rendered":"<p>-Murale en papier peint de feuilles tropicales en noir et blanc. Cette murale a une texture de canevas. Une id\u00e9e tendance, exclusive et originale pour habiller vos murs.<\/p>\n<p>-La murale comprend des laizes de 18\u2033 (45cm) de largeur. Par exemple, une murale de 6\u2032 (1,83m) de largeur a 4 laizes et une murale de 12\u2032 (3,66m) de largeur a 8 laizes.<\/p>\n<p>-Murale en papier\u00a0peint pr\u00e9encoll\u00e9e, lavable, s\u2019enl\u00e8ve \u00e0 sec et r\u00e9utilisable. Facile \u00e0 installer, se pose comme du papier\u00a0peint (tapisserie).<\/p>\n<p>-murale feuillage tropical en noir et blanc, murale en papier peint feuillage tropical en noir et blanc, tapisserie feuillage tropical en noir et blanc, papier peint feuillage tropical en noir et blanc<\/p>\n","protected":false},"excerpt":{"rendered":"<p>-Murale en papier peint de feuilles tropicales en noir et blanc. Cette murale a une texture de canevas. Une id\u00e9e tendance, exclusive et originale pour habiller vos murs. -La murale comprend des laizes de 18\u2033 (45cm) de largeur. Par exemple, une murale de 6\u2032 (1,83m) de largeur a 4 laizes et une murale de 12\u2032 [&hellip;]<\/p>\n","protected":false},"featured_media":65620,"template":"","meta":{"_acf_changed":false},"product_brand":[],"product_cat":[150,401],"product_tag":[9812,8970,9014,9144,9486],"class_list":{"0":"post-65597","1":"product","2":"type-product","3":"status-publish","4":"has-post-thumbnail","6":"product_cat-fleurs-et-feuillages","7":"product_cat-tous-nos-produits","8":"product_tag-canevas","9":"product_tag-exotique","10":"product_tag-feuillage","11":"product_tag-feuilles","12":"product_tag-tropical-fr","14":"first","15":"instock","16":"taxable","17":"shipping-taxable","18":"purchasable","19":"product-type-variable","20":"has-default-attributes"},"acf":[],"_links":{"self":[{"href":"https:\/\/www.muralunique.com\/fr\/wp-json\/wp\/v2\/product\/65597","targetHints":{"allow":["GET"]}}],"collection":[{"href":"https:\/\/www.muralunique.com\/fr\/wp-json\/wp\/v2\/product"}],"about":[{"href":"https:\/\/www.muralunique.com\/fr\/wp-json\/wp\/v2\/types\/product"}],"wp:featuredmedia":[{"embeddable":true,"href":"https:\/\/www.muralunique.com\/fr\/wp-json\/wp\/v2\/media\/65620"}],"wp:attachment":[{"href":"https:\/\/www.muralunique.com\/fr\/wp-json\/wp\/v2\/media?parent=65597"}],"wp:term":[{"taxonomy":"product_brand","embeddable":true,"href":"https:\/\/www.muralunique.com\/fr\/wp-json\/wp\/v2\/product_brand?post=65597"},{"taxonomy":"product_cat","embeddable":true,"href":"https:\/\/www.muralunique.com\/fr\/wp-json\/wp\/v2\/product_cat?post=65597"},{"taxonomy":"product_tag","embeddable":true,"href":"https:\/\/www.muralunique.com\/fr\/wp-json\/wp\/v2\/product_tag?post=65597"}],"curies":[{"name":"wp","href":"https:\/\/api.w.org\/{rel}","templated":true}]}}