{"id":65627,"date":"2022-06-14T15:47:30","date_gmt":"2022-06-14T19:47:30","guid":{"rendered":"https:\/\/www.muralunique.com\/?post_type=product&#038;p=65627"},"modified":"2025-09-30T16:18:58","modified_gmt":"2025-09-30T20:18:58","slug":"feuillage-tropical-vert-sur-fond-blanc-texture-de-canevas","status":"publish","type":"product","link":"https:\/\/www.muralunique.com\/fr\/produit\/feuillage-tropical-vert-sur-fond-blanc-texture-de-canevas\/","title":{"rendered":"Feuillage Tropical Vert sur Fond Blanc (Texture de Canevas)"},"content":{"rendered":"<p>-Murale en papier peint d&#8217;un feuillage tropical vert sur un fond blanc. Cette murale a une texture de canevas. Une id\u00e9e tendance, exclusive et originale pour habiller vos murs.<\/p>\n<p>-La murale comprend des laizes de 18\u2033 (45cm) de largeur. Par exemple, une murale de 6\u2032 (1,83m) de largeur a 4 laizes et une murale de 12\u2032 (3,66m) de largeur a 8 laizes.<\/p>\n<p>-Murale en papier\u00a0peint pr\u00e9encoll\u00e9e, lavable, s\u2019enl\u00e8ve \u00e0 sec et r\u00e9utilisable. Facile \u00e0 installer, se pose comme du papier\u00a0peint (tapisserie).<\/p>\n<p>-murale feuillage tropical vert sur un fond blanc, tapisserie feuillage tropical vert sur un fond blanc, murale en papier peint feuillage tropical vert sur un fond blanc, papier peint feuillage<\/p>\n","protected":false},"excerpt":{"rendered":"<p>-Murale en papier peint d&#8217;un feuillage tropical vert sur un fond blanc. Cette murale a une texture de canevas. Une id\u00e9e tendance, exclusive et originale pour habiller vos murs. -La murale comprend des laizes de 18\u2033 (45cm) de largeur. Par exemple, une murale de 6\u2032 (1,83m) de largeur a 4 laizes et une murale de [&hellip;]<\/p>\n","protected":false},"featured_media":65637,"template":"","meta":{"_acf_changed":false},"product_brand":[],"product_cat":[150,401],"product_tag":[9812,8970,9014,9144,9486],"class_list":{"0":"post-65627","1":"product","2":"type-product","3":"status-publish","4":"has-post-thumbnail","6":"product_cat-fleurs-et-feuillages","7":"product_cat-tous-nos-produits","8":"product_tag-canevas","9":"product_tag-exotique","10":"product_tag-feuillage","11":"product_tag-feuilles","12":"product_tag-tropical-fr","14":"first","15":"instock","16":"taxable","17":"shipping-taxable","18":"purchasable","19":"product-type-variable","20":"has-default-attributes"},"acf":[],"_links":{"self":[{"href":"https:\/\/www.muralunique.com\/fr\/wp-json\/wp\/v2\/product\/65627","targetHints":{"allow":["GET"]}}],"collection":[{"href":"https:\/\/www.muralunique.com\/fr\/wp-json\/wp\/v2\/product"}],"about":[{"href":"https:\/\/www.muralunique.com\/fr\/wp-json\/wp\/v2\/types\/product"}],"wp:featuredmedia":[{"embeddable":true,"href":"https:\/\/www.muralunique.com\/fr\/wp-json\/wp\/v2\/media\/65637"}],"wp:attachment":[{"href":"https:\/\/www.muralunique.com\/fr\/wp-json\/wp\/v2\/media?parent=65627"}],"wp:term":[{"taxonomy":"product_brand","embeddable":true,"href":"https:\/\/www.muralunique.com\/fr\/wp-json\/wp\/v2\/product_brand?post=65627"},{"taxonomy":"product_cat","embeddable":true,"href":"https:\/\/www.muralunique.com\/fr\/wp-json\/wp\/v2\/product_cat?post=65627"},{"taxonomy":"product_tag","embeddable":true,"href":"https:\/\/www.muralunique.com\/fr\/wp-json\/wp\/v2\/product_tag?post=65627"}],"curies":[{"name":"wp","href":"https:\/\/api.w.org\/{rel}","templated":true}]}}