{"id":6574,"date":"2014-01-14T11:52:49","date_gmt":"2014-01-14T11:52:49","guid":{"rendered":"https:\/\/muralunique.com\/?post_type=product&#038;p=6574"},"modified":"2021-08-25T12:30:10","modified_gmt":"2021-08-25T16:30:10","slug":"manhattan-new-york-a-vol-doiseau","status":"publish","type":"product","link":"https:\/\/www.muralunique.com\/fr\/produit\/manhattan-new-york-a-vol-doiseau\/","title":{"rendered":"Manhattan, New York \u00e0 Vol d&#8217;Oiseau"},"content":{"rendered":"<p>-Photo murale en papier peint en noir et blanc d&#8217;une\u00a0vue incroyable de Manhattan, New York. Un \u00e9l\u00e9ment d\u00e9co int\u00e9ressant pour donner une touche de modernit\u00e9 \u00e0 une chambre, un bureau ou un salon.<\/p>\n<p>-La murale comprend des laizes de 18&#8243; (45cm) de largeur. Par exemple, une murale de 6&#8242; (1,83m) de largeur a 4 laizes et une murale de 12&#8242; (3,66m) de largeur a 8 laizes.<\/p>\n<p>-Murale en papier\u00a0peint pr\u00e9encoll\u00e9e, lavable, s&#8217;enl\u00e8ve \u00e0 sec et r\u00e9utilisable. Facile \u00e0 installer, se pose comme du papier\u00a0peint (tapisserie).<\/p>\n<p>-murale de New York, papier peint de New York, tapisserie de New York, murale de Manhattan, papier peint de Manhattan<\/p>\n","protected":false},"excerpt":{"rendered":"<p>-Photo murale en papier peint en noir et blanc d&#8217;une\u00a0vue incroyable de Manhattan, New York. Un \u00e9l\u00e9ment d\u00e9co int\u00e9ressant pour donner une touche de modernit\u00e9 \u00e0 une chambre, un bureau ou un salon. -La murale comprend des laizes de 18&#8243; (45cm) de largeur. Par exemple, une murale de 6&#8242; (1,83m) de largeur a 4 laizes [&hellip;]<\/p>\n","protected":false},"featured_media":6575,"template":"","meta":{"_acf_changed":false},"product_brand":[203],"product_cat":[305,166,401],"product_tag":[8921,9499,9381,9170,9226,9230,8902,9500,8901],"class_list":{"0":"post-6574","1":"product","2":"type-product","3":"status-publish","4":"has-post-thumbnail","6":"product_brand-muralunique-com","7":"product_cat-produits-vedettes","8":"product_cat-scenes-urbaines-villes","9":"product_cat-tous-nos-produits","10":"product_tag-contemporain","11":"product_tag-etats-unis","12":"product_tag-horizon","13":"product_tag-manhattan-fr","14":"product_tag-new-york-fr","15":"product_tag-nyc-fr","16":"product_tag-paysage-urbain","17":"product_tag-urbain","18":"product_tag-ville","20":"first","21":"instock","22":"taxable","23":"shipping-taxable","24":"purchasable","25":"product-type-variable","26":"has-default-attributes"},"acf":[],"_links":{"self":[{"href":"https:\/\/www.muralunique.com\/fr\/wp-json\/wp\/v2\/product\/6574","targetHints":{"allow":["GET"]}}],"collection":[{"href":"https:\/\/www.muralunique.com\/fr\/wp-json\/wp\/v2\/product"}],"about":[{"href":"https:\/\/www.muralunique.com\/fr\/wp-json\/wp\/v2\/types\/product"}],"wp:featuredmedia":[{"embeddable":true,"href":"https:\/\/www.muralunique.com\/fr\/wp-json\/wp\/v2\/media\/6575"}],"wp:attachment":[{"href":"https:\/\/www.muralunique.com\/fr\/wp-json\/wp\/v2\/media?parent=6574"}],"wp:term":[{"taxonomy":"product_brand","embeddable":true,"href":"https:\/\/www.muralunique.com\/fr\/wp-json\/wp\/v2\/product_brand?post=6574"},{"taxonomy":"product_cat","embeddable":true,"href":"https:\/\/www.muralunique.com\/fr\/wp-json\/wp\/v2\/product_cat?post=6574"},{"taxonomy":"product_tag","embeddable":true,"href":"https:\/\/www.muralunique.com\/fr\/wp-json\/wp\/v2\/product_tag?post=6574"}],"curies":[{"name":"wp","href":"https:\/\/api.w.org\/{rel}","templated":true}]}}