{"id":65781,"date":"2022-06-16T18:07:38","date_gmt":"2022-06-16T22:07:38","guid":{"rendered":"https:\/\/www.muralunique.com\/?post_type=product&#038;p=65781"},"modified":"2022-06-16T18:26:30","modified_gmt":"2022-06-16T22:26:30","slug":"amour-bonheur-et-prosperite-version-anglaise","status":"publish","type":"product","link":"https:\/\/www.muralunique.com\/fr\/produit\/amour-bonheur-et-prosperite-version-anglaise\/","title":{"rendered":"Amour, Bonheur et Prosp\u00e9rit\u00e9 (Version Anglaise)"},"content":{"rendered":"<p>-Murale d&#8217;un vieux mur de briques en noir et blanc avec des mots en anglais. Tous les mots sont reli\u00e9s \u00e0 l&#8217;amour, au bonheur, \u00e0 la prospr\u00e9rit\u00e9 et \u00e0 la positivit\u00e9. Une tr\u00e8s bonne id\u00e9e pour d\u00e9corer un mur ennuyant dans une salle d&#8217;attente dans un commerce ou une entreprise.<\/p>\n<p>-La murale comprend des laizes de 18\u2033 (45cm) de largeur. Par exemple, une murale de 6\u2032 (1,83m) de largeur a 4 laizes et une murale de 12\u2032 (3,66m) de largeur a 8 laizes.<\/p>\n<p>-Murale en papier\u00a0peint pr\u00e9encoll\u00e9e, lavable, s\u2019enl\u00e8ve \u00e0 sec et r\u00e9utilisable. Facile \u00e0 installer, se pose comme du papier\u00a0peint (tapisserie).<\/p>\n<p>-Photographie de Donn Petelka. Vous pouvez obtenir plus d\u2019informations \u00e0 cette adresse:\u00a0<a href=\"mailto:donnpetelka@gmail.com\" target=\"_blank\" rel=\"noopener noreferrer\">donnpetelka@gmail.com<\/a>.<\/p>\n<p>-murale amour, papier peint amour, tapisserie amour, murale bonheur, papier peint bonheur, tapisserie bonheur, murale prosp\u00e9rit\u00e9, papier peint prosp\u00e9rit\u00e9, tapisserie prosp\u00e9rit\u00e9<\/p>\n","protected":false},"excerpt":{"rendered":"<p>-Murale d&#8217;un vieux mur de briques en noir et blanc avec des mots en anglais. Tous les mots sont reli\u00e9s \u00e0 l&#8217;amour, au bonheur, \u00e0 la prospr\u00e9rit\u00e9 et \u00e0 la positivit\u00e9. Une tr\u00e8s bonne id\u00e9e pour d\u00e9corer un mur ennuyant dans une salle d&#8217;attente dans un commerce ou une entreprise. -La murale comprend des laizes [&hellip;]<\/p>\n","protected":false},"featured_media":65789,"template":"","meta":{"_acf_changed":false},"product_brand":[],"product_cat":[169,401,163,427],"product_tag":[9162,9908,8846,8847,9912,9913,8848,9909,9910,9911,9446,9447,9448,9449],"class_list":{"0":"post-65781","1":"product","2":"type-product","3":"status-publish","4":"has-post-thumbnail","6":"artist-donn-petelka-fr","7":"product_cat-textures-2","8":"product_cat-tous-nos-produits","9":"product_cat-trompe-loeil","10":"product_cat-ultra-haute-d-finition-photos","11":"product_tag-amour","12":"product_tag-bonheur","13":"product_tag-brique","14":"product_tag-briques","15":"product_tag-mot","16":"product_tag-mots","17":"product_tag-mur-de-briques","18":"product_tag-positif","19":"product_tag-positive-fr","20":"product_tag-prosperite","21":"product_tag-texte","22":"product_tag-texture-fr","23":"product_tag-texture-fr-2","24":"product_tag-textures","26":"first","27":"instock","28":"taxable","29":"shipping-taxable","30":"purchasable","31":"product-type-variable","32":"has-default-attributes"},"acf":[],"_links":{"self":[{"href":"https:\/\/www.muralunique.com\/fr\/wp-json\/wp\/v2\/product\/65781","targetHints":{"allow":["GET"]}}],"collection":[{"href":"https:\/\/www.muralunique.com\/fr\/wp-json\/wp\/v2\/product"}],"about":[{"href":"https:\/\/www.muralunique.com\/fr\/wp-json\/wp\/v2\/types\/product"}],"wp:featuredmedia":[{"embeddable":true,"href":"https:\/\/www.muralunique.com\/fr\/wp-json\/wp\/v2\/media\/65789"}],"wp:attachment":[{"href":"https:\/\/www.muralunique.com\/fr\/wp-json\/wp\/v2\/media?parent=65781"}],"wp:term":[{"taxonomy":"product_brand","embeddable":true,"href":"https:\/\/www.muralunique.com\/fr\/wp-json\/wp\/v2\/product_brand?post=65781"},{"taxonomy":"product_cat","embeddable":true,"href":"https:\/\/www.muralunique.com\/fr\/wp-json\/wp\/v2\/product_cat?post=65781"},{"taxonomy":"product_tag","embeddable":true,"href":"https:\/\/www.muralunique.com\/fr\/wp-json\/wp\/v2\/product_tag?post=65781"}],"curies":[{"name":"wp","href":"https:\/\/api.w.org\/{rel}","templated":true}]}}