{"id":6596,"date":"2014-01-22T13:54:47","date_gmt":"2014-01-22T13:54:47","guid":{"rendered":"https:\/\/muralunique.com\/?post_type=product&#038;p=6596"},"modified":"2021-08-25T12:30:10","modified_gmt":"2021-08-25T16:30:10","slug":"riviere-mossman-queensland-nord-australie","status":"publish","type":"product","link":"https:\/\/www.muralunique.com\/fr\/produit\/riviere-mossman-queensland-nord-australie\/","title":{"rendered":"Rivi\u00e8re Mossman, Queensland Nord, Australie"},"content":{"rendered":"<p>-Murale en papier\u00a0peint\u00a0d&#8217;une rivi\u00e8re paisible dans une for\u00eat.<\/p>\n<p>-La murale comprend des laizes de 18\u2033 (45cm) de largeur. Par exemple, une murale de 6\u2032 (1,83m) de largeur a 4 laizes et une murale de 12\u2032 (3,66m) de largeur a 8 laizes.<\/p>\n<p>-Murale en papier\u00a0peint pr\u00e9encoll\u00e9e, lavable, s\u2019enl\u00e8ve \u00e0 sec et r\u00e9utilisable. Facile \u00e0 installer, se pose comme du papier\u00a0peint (tapisserie).<\/p>\n<p>-murale Rivi\u00e8re Mossman, papier peint Rivi\u00e8re Mossman, photo murale Rivi\u00e8re Mossman, murale rivi\u00e8re, papier peint rivi\u00e8re<\/p>\n","protected":false},"excerpt":{"rendered":"<p>-Murale en papier\u00a0peint\u00a0d&#8217;une rivi\u00e8re paisible dans une for\u00eat. -La murale comprend des laizes de 18\u2033 (45cm) de largeur. Par exemple, une murale de 6\u2032 (1,83m) de largeur a 4 laizes et une murale de 12\u2032 (3,66m) de largeur a 8 laizes. -Murale en papier\u00a0peint pr\u00e9encoll\u00e9e, lavable, s\u2019enl\u00e8ve \u00e0 sec et r\u00e9utilisable. Facile \u00e0 installer, se [&hellip;]<\/p>\n","protected":false},"featured_media":31540,"template":"","meta":{"_acf_changed":false},"product_brand":[203],"product_cat":[153,141,401],"product_tag":[9478,8671,8864,9517,9427,9019,9219,9261,9137,9330,9467],"class_list":{"0":"post-6596","1":"product","2":"type-product","3":"status-publish","4":"has-post-thumbnail","6":"product_brand-muralunique-com","7":"product_cat-eau-et-plages","8":"product_cat-nature-et-paysages","9":"product_cat-tous-nos-produits","10":"product_tag-arbres","11":"product_tag-australie","12":"product_tag-calme","13":"product_tag-eau","14":"product_tag-ete","15":"product_tag-foret","16":"product_tag-nature-fr","17":"product_tag-paisible","18":"product_tag-paysage","19":"product_tag-riviere","20":"product_tag-tranquilite","22":"first","23":"instock","24":"taxable","25":"shipping-taxable","26":"purchasable","27":"product-type-variable","28":"has-default-attributes"},"acf":[],"_links":{"self":[{"href":"https:\/\/www.muralunique.com\/fr\/wp-json\/wp\/v2\/product\/6596","targetHints":{"allow":["GET"]}}],"collection":[{"href":"https:\/\/www.muralunique.com\/fr\/wp-json\/wp\/v2\/product"}],"about":[{"href":"https:\/\/www.muralunique.com\/fr\/wp-json\/wp\/v2\/types\/product"}],"wp:featuredmedia":[{"embeddable":true,"href":"https:\/\/www.muralunique.com\/fr\/wp-json\/wp\/v2\/media\/31540"}],"wp:attachment":[{"href":"https:\/\/www.muralunique.com\/fr\/wp-json\/wp\/v2\/media?parent=6596"}],"wp:term":[{"taxonomy":"product_brand","embeddable":true,"href":"https:\/\/www.muralunique.com\/fr\/wp-json\/wp\/v2\/product_brand?post=6596"},{"taxonomy":"product_cat","embeddable":true,"href":"https:\/\/www.muralunique.com\/fr\/wp-json\/wp\/v2\/product_cat?post=6596"},{"taxonomy":"product_tag","embeddable":true,"href":"https:\/\/www.muralunique.com\/fr\/wp-json\/wp\/v2\/product_tag?post=6596"}],"curies":[{"name":"wp","href":"https:\/\/api.w.org\/{rel}","templated":true}]}}