{"id":66079,"date":"2022-06-24T10:08:06","date_gmt":"2022-06-24T14:08:06","guid":{"rendered":"https:\/\/www.muralunique.com\/?post_type=product&#038;p=66079"},"modified":"2022-06-24T10:22:19","modified_gmt":"2022-06-24T14:22:19","slug":"combat-doies","status":"publish","type":"product","link":"https:\/\/www.muralunique.com\/fr\/produit\/combat-doies\/","title":{"rendered":"Combat d&#8217;Oies"},"content":{"rendered":"<p>-Photo murale d&#8217;un lac paisible et brumeux avec des oies. Une sc\u00e8ne de la nature qui respire la tranquilit\u00e9, parfaite pour cr\u00e9er une ambiance proprice au repos et \u00e0 la d\u00e9tente.<\/p>\n<p>-La murale comprend des laizes de 18\u2033 (45cm) de largeur. Par exemple, une murale de 6\u2032 (1,83m) de largeur a 4 laizes et une murale de 12\u2032 (3,66m) de largeur a 8 laizes.<\/p>\n<p>-Murale en papier\u00a0peint pr\u00e9encoll\u00e9e, lavable, s\u2019enl\u00e8ve \u00e0 sec et r\u00e9utilisable. Facile \u00e0 installer, se pose comme du papier\u00a0peint (tapisserie).<\/p>\n<p>-murale de la nature, papier peint de la nature, murale en papier peint de la nature, murale avec des oies, papier peint avec des oies, murale en papier peint avec des oies, murale de lac, papier peint de lac<\/p>\n","protected":false},"excerpt":{"rendered":"<p>-Photo murale d&#8217;un lac paisible et brumeux avec des oies. Une sc\u00e8ne de la nature qui respire la tranquilit\u00e9, parfaite pour cr\u00e9er une ambiance proprice au repos et \u00e0 la d\u00e9tente. -La murale comprend des laizes de 18\u2033 (45cm) de largeur. Par exemple, une murale de 6\u2032 (1,83m) de largeur a 4 laizes et une [&hellip;]<\/p>\n","protected":false},"featured_media":66076,"template":"","meta":{"_acf_changed":false},"product_brand":[],"product_cat":[134,153,141,401],"product_tag":[8768,8769,9478,8864,9517,9019,9135,9219,9922,9921,9261,9137,9467],"class_list":{"0":"post-66079","1":"product","2":"type-product","3":"status-publish","4":"has-post-thumbnail","6":"artist-artistes-varies","7":"product_cat-animaux","8":"product_cat-eau-et-plages","9":"product_cat-nature-et-paysages","10":"product_cat-tous-nos-produits","11":"product_tag-animal","12":"product_tag-animaux","13":"product_tag-arbres","14":"product_tag-calme","15":"product_tag-eau","16":"product_tag-foret","17":"product_tag-lac","18":"product_tag-nature-fr","19":"product_tag-oie","20":"product_tag-oies","21":"product_tag-paisible","22":"product_tag-paysage","23":"product_tag-tranquilite","25":"first","26":"instock","27":"taxable","28":"shipping-taxable","29":"purchasable","30":"product-type-variable","31":"has-default-attributes"},"acf":[],"_links":{"self":[{"href":"https:\/\/www.muralunique.com\/fr\/wp-json\/wp\/v2\/product\/66079","targetHints":{"allow":["GET"]}}],"collection":[{"href":"https:\/\/www.muralunique.com\/fr\/wp-json\/wp\/v2\/product"}],"about":[{"href":"https:\/\/www.muralunique.com\/fr\/wp-json\/wp\/v2\/types\/product"}],"wp:featuredmedia":[{"embeddable":true,"href":"https:\/\/www.muralunique.com\/fr\/wp-json\/wp\/v2\/media\/66076"}],"wp:attachment":[{"href":"https:\/\/www.muralunique.com\/fr\/wp-json\/wp\/v2\/media?parent=66079"}],"wp:term":[{"taxonomy":"product_brand","embeddable":true,"href":"https:\/\/www.muralunique.com\/fr\/wp-json\/wp\/v2\/product_brand?post=66079"},{"taxonomy":"product_cat","embeddable":true,"href":"https:\/\/www.muralunique.com\/fr\/wp-json\/wp\/v2\/product_cat?post=66079"},{"taxonomy":"product_tag","embeddable":true,"href":"https:\/\/www.muralunique.com\/fr\/wp-json\/wp\/v2\/product_tag?post=66079"}],"curies":[{"name":"wp","href":"https:\/\/api.w.org\/{rel}","templated":true}]}}