{"id":6619,"date":"2014-01-29T17:18:21","date_gmt":"2014-01-29T17:18:21","guid":{"rendered":"https:\/\/muralunique.com\/?post_type=product&#038;p=6619"},"modified":"2021-08-12T16:04:24","modified_gmt":"2021-08-12T20:04:24","slug":"mur-de-grange-noir-et-blanc","status":"publish","type":"product","link":"https:\/\/www.muralunique.com\/fr\/produit\/mur-de-grange-noir-et-blanc\/","title":{"rendered":"Mur de Grange (Noir et Blanc)"},"content":{"rendered":"<p>-Photo murale en papier peint d&#8217;un vieux mur de bois de grange en noir et blanc. La qualit\u00e9 (r\u00e9solution) de cette image est exceptionnelle (450 M\u00e9gaPixels). Les murales de bois sont tr\u00e8s populaires et sont un \u00e9l\u00e9ment d\u00e9coratif polyvalent, qui s&#8217;adapte aussi bien \u00e0 un d\u00e9cor rustique qu&#8217;\u00e0 un d\u00e9cor moderne.<\/p>\n<p>-La murale comprend des laizes de 18&#8243; (45cm) de largeur. Par exemple, une murale de 6&#8242; (1,83m) de largeur a 4 laizes et une murale de 12&#8242; (3,66m) de largeur a 8 laizes.<\/p>\n<p>-Murale en papier\u00a0peint pr\u00e9encoll\u00e9e, lavable, s&#8217;enl\u00e8ve \u00e0 sec et r\u00e9utilisable. Facile \u00e0 installer, se pose comme du papier\u00a0peint (tapisserie).<\/p>\n<p>-Photographie de Donn Petelka. Vous pouvez obtenir plus d&#8217;informations \u00e0 cette adresse:\u00a0<u><a style=\"color: #1155cc; font-family: verdana, sans-serif; font-size: large;\" href=\"mailto:donnpetelka@gmail.com\" target=\"_blank\" rel=\"noopener noreferrer\">donnpetelka@gmail.com<\/a><\/u>.<\/p>\n<p>-murale mur de bois de grange, papier peint mur de bois de grange, tapisserie mur de bois de grange, murale de bois, papier peint de bois<\/p>\n","protected":false},"excerpt":{"rendered":"<p>-Photo murale en papier peint d&#8217;un vieux mur de bois de grange en noir et blanc. La qualit\u00e9 (r\u00e9solution) de cette image est exceptionnelle (450 M\u00e9gaPixels). Les murales de bois sont tr\u00e8s populaires et sont un \u00e9l\u00e9ment d\u00e9coratif polyvalent, qui s&#8217;adapte aussi bien \u00e0 un d\u00e9cor rustique qu&#8217;\u00e0 un d\u00e9cor moderne. -La murale comprend des [&hellip;]<\/p>\n","protected":false},"featured_media":6620,"template":"","meta":{"_acf_changed":false},"product_brand":[197],"product_cat":[367,169,401,427],"product_tag":[9538,9362,8986,8801,9515,9283,9542,9448,9449,9234],"class_list":{"0":"post-6619","1":"product","2":"type-product","3":"status-publish","4":"has-post-thumbnail","6":"artist-donn-petelka-fr","7":"product_brand-donn-petelka-2","8":"product_cat-murales-en-r-p-tition","9":"product_cat-textures-2","10":"product_cat-tous-nos-produits","11":"product_cat-ultra-haute-d-finition-photos","12":"product_tag-bois","13":"product_tag-cabanon","14":"product_tag-ferme","15":"product_tag-grange","16":"product_tag-mur","17":"product_tag-planches","18":"product_tag-planches-de-bois","19":"product_tag-texture-fr-2","20":"product_tag-textures","21":"product_tag-vieux","23":"first","24":"instock","25":"taxable","26":"shipping-taxable","27":"purchasable","28":"product-type-variable","29":"has-default-attributes"},"acf":[],"_links":{"self":[{"href":"https:\/\/www.muralunique.com\/fr\/wp-json\/wp\/v2\/product\/6619","targetHints":{"allow":["GET"]}}],"collection":[{"href":"https:\/\/www.muralunique.com\/fr\/wp-json\/wp\/v2\/product"}],"about":[{"href":"https:\/\/www.muralunique.com\/fr\/wp-json\/wp\/v2\/types\/product"}],"wp:featuredmedia":[{"embeddable":true,"href":"https:\/\/www.muralunique.com\/fr\/wp-json\/wp\/v2\/media\/6620"}],"wp:attachment":[{"href":"https:\/\/www.muralunique.com\/fr\/wp-json\/wp\/v2\/media?parent=6619"}],"wp:term":[{"taxonomy":"product_brand","embeddable":true,"href":"https:\/\/www.muralunique.com\/fr\/wp-json\/wp\/v2\/product_brand?post=6619"},{"taxonomy":"product_cat","embeddable":true,"href":"https:\/\/www.muralunique.com\/fr\/wp-json\/wp\/v2\/product_cat?post=6619"},{"taxonomy":"product_tag","embeddable":true,"href":"https:\/\/www.muralunique.com\/fr\/wp-json\/wp\/v2\/product_tag?post=6619"}],"curies":[{"name":"wp","href":"https:\/\/api.w.org\/{rel}","templated":true}]}}