{"id":6674,"date":"2014-02-27T20:22:49","date_gmt":"2014-02-27T20:22:49","guid":{"rendered":"https:\/\/muralunique.com\/?post_type=product&#038;p=6674"},"modified":"2025-09-30T16:20:14","modified_gmt":"2025-09-30T20:20:14","slug":"ballons-de-soccer","status":"publish","type":"product","link":"https:\/\/www.muralunique.com\/fr\/produit\/ballons-de-soccer\/","title":{"rendered":"Ballons de Soccer"},"content":{"rendered":"<p>-Murale en papier peint en 3D de ballons de soccer en noir et blanc.<\/p>\n<p>-La murale comprend des laizes de 18\u2033 (45cm) de largeur. Par exemple, une murale de 6\u2032 (1,83m) de largeur a 4 laizes et une murale de 12\u2032 (3,66m) de largeur a 8 laizes.<\/p>\n<p>-Murale en papier\u00a0peint pr\u00e9encoll\u00e9e, lavable, s\u2019enl\u00e8ve \u00e0 sec et r\u00e9utilisable. Facile \u00e0 installer, se pose comme du papier\u00a0peint (tapisserie).<\/p>\n<p>-murale de ballons de soccer, murale de soccer, tapisserie de sport, murale de football, papier peint de football, murale de sports<\/p>\n","protected":false},"excerpt":{"rendered":"<p>-Murale en papier peint en 3D de ballons de soccer en noir et blanc. -La murale comprend des laizes de 18\u2033 (45cm) de largeur. Par exemple, une murale de 6\u2032 (1,83m) de largeur a 4 laizes et une murale de 12\u2032 (3,66m) de largeur a 8 laizes. -Murale en papier\u00a0peint pr\u00e9encoll\u00e9e, lavable, s\u2019enl\u00e8ve \u00e0 sec [&hellip;]<\/p>\n","protected":false},"featured_media":6675,"template":"","meta":{"_acf_changed":false},"product_brand":[203],"product_cat":[173,145,401],"product_tag":[8894,8895,9017,9018,9125,9391,9399,9400],"class_list":{"0":"post-6674","1":"product","2":"type-product","3":"status-publish","4":"has-post-thumbnail","6":"product_brand-muralunique-com","7":"product_cat-enfants","8":"product_cat-sports-2","9":"product_cat-tous-nos-produits","10":"product_tag-enfant","11":"product_tag-enfants","12":"product_tag-foot-fr","13":"product_tag-football-fr","14":"product_tag-gamins","15":"product_tag-soccer-fr","16":"product_tag-sport","17":"product_tag-sports","19":"first","20":"instock","21":"taxable","22":"shipping-taxable","23":"purchasable","24":"product-type-variable"},"acf":[],"_links":{"self":[{"href":"https:\/\/www.muralunique.com\/fr\/wp-json\/wp\/v2\/product\/6674","targetHints":{"allow":["GET"]}}],"collection":[{"href":"https:\/\/www.muralunique.com\/fr\/wp-json\/wp\/v2\/product"}],"about":[{"href":"https:\/\/www.muralunique.com\/fr\/wp-json\/wp\/v2\/types\/product"}],"wp:featuredmedia":[{"embeddable":true,"href":"https:\/\/www.muralunique.com\/fr\/wp-json\/wp\/v2\/media\/6675"}],"wp:attachment":[{"href":"https:\/\/www.muralunique.com\/fr\/wp-json\/wp\/v2\/media?parent=6674"}],"wp:term":[{"taxonomy":"product_brand","embeddable":true,"href":"https:\/\/www.muralunique.com\/fr\/wp-json\/wp\/v2\/product_brand?post=6674"},{"taxonomy":"product_cat","embeddable":true,"href":"https:\/\/www.muralunique.com\/fr\/wp-json\/wp\/v2\/product_cat?post=6674"},{"taxonomy":"product_tag","embeddable":true,"href":"https:\/\/www.muralunique.com\/fr\/wp-json\/wp\/v2\/product_tag?post=6674"}],"curies":[{"name":"wp","href":"https:\/\/api.w.org\/{rel}","templated":true}]}}