{"id":66866,"date":"2022-08-02T11:43:25","date_gmt":"2022-08-02T15:43:25","guid":{"rendered":"https:\/\/www.muralunique.com\/?post_type=product&#038;p=66866"},"modified":"2022-08-02T12:11:31","modified_gmt":"2022-08-02T16:11:31","slug":"courte-pointe","status":"publish","type":"product","link":"https:\/\/www.muralunique.com\/fr\/produit\/courte-pointe\/","title":{"rendered":"Courte-Pointe"},"content":{"rendered":"<p>-Murale exclusive d&#8217;une toile de l&#8217;artiste Johanne P\u00e9pin d&#8217;une courte-pointe dans les tons de vert et de jaune. La murale tout indiqu\u00e9e pour une chambre de b\u00e9b\u00e9, une chambre d&#8217;enfant ou une salle de jeu.<\/p>\n<p>-La murale comprend des laizes de 18\u2033 (45cm) de largeur. Par exemple, une murale de 6\u2032 (1,83m) de largeur a 4 laizes et une murale de 12\u2032 (3,66m) de largeur a 8 laizes.<\/p>\n<p>-Murale en papier\u00a0peint pr\u00e9encoll\u00e9e, lavable, s\u2019enl\u00e8ve \u00e0 sec et r\u00e9utilisable. Facile \u00e0 installer, se pose comme du papier\u00a0peint (tapisserie).<\/p>\n<p>-Cette toile est une cr\u00e9ation de Johanne P\u00e9pin.<\/p>\n<p>-murale courte-pointe, tapisserie courte-pointe, papier peint courte-pointe, murale pour b\u00e9b\u00e9, papier peint pour b\u00e9b\u00e9, tapisserie pour b\u00e9b\u00e9, murale pour enfants, tapisserie pour enfants, papier peint pour enfants<\/p>\n","protected":false},"excerpt":{"rendered":"<p>-Murale exclusive d&#8217;une toile de l&#8217;artiste Johanne P\u00e9pin d&#8217;une courte-pointe dans les tons de vert et de jaune. La murale tout indiqu\u00e9e pour une chambre de b\u00e9b\u00e9, une chambre d&#8217;enfant ou une salle de jeu. -La murale comprend des laizes de 18\u2033 (45cm) de largeur. Par exemple, une murale de 6\u2032 (1,83m) de largeur a [&hellip;]<\/p>\n","protected":false},"featured_media":66865,"template":"","meta":{"_acf_changed":false},"product_brand":[],"product_cat":[173,401,425],"product_tag":[8791,8790,9934,9933,8894,8895,9125],"class_list":{"0":"post-66866","1":"product","2":"type-product","3":"status-publish","4":"has-post-thumbnail","6":"artist-johanne-pepin-fr","7":"product_cat-enfants","8":"product_cat-tous-nos-produits","9":"product_cat-ultra-haute-d-finition-art","10":"product_tag-bebe","11":"product_tag-bebes","12":"product_tag-courte-pointe","13":"product_tag-couverture","14":"product_tag-enfant","15":"product_tag-enfants","16":"product_tag-gamins","18":"first","19":"instock","20":"taxable","21":"shipping-taxable","22":"purchasable","23":"product-type-variable","24":"has-default-attributes"},"acf":[],"_links":{"self":[{"href":"https:\/\/www.muralunique.com\/fr\/wp-json\/wp\/v2\/product\/66866","targetHints":{"allow":["GET"]}}],"collection":[{"href":"https:\/\/www.muralunique.com\/fr\/wp-json\/wp\/v2\/product"}],"about":[{"href":"https:\/\/www.muralunique.com\/fr\/wp-json\/wp\/v2\/types\/product"}],"wp:featuredmedia":[{"embeddable":true,"href":"https:\/\/www.muralunique.com\/fr\/wp-json\/wp\/v2\/media\/66865"}],"wp:attachment":[{"href":"https:\/\/www.muralunique.com\/fr\/wp-json\/wp\/v2\/media?parent=66866"}],"wp:term":[{"taxonomy":"product_brand","embeddable":true,"href":"https:\/\/www.muralunique.com\/fr\/wp-json\/wp\/v2\/product_brand?post=66866"},{"taxonomy":"product_cat","embeddable":true,"href":"https:\/\/www.muralunique.com\/fr\/wp-json\/wp\/v2\/product_cat?post=66866"},{"taxonomy":"product_tag","embeddable":true,"href":"https:\/\/www.muralunique.com\/fr\/wp-json\/wp\/v2\/product_tag?post=66866"}],"curies":[{"name":"wp","href":"https:\/\/api.w.org\/{rel}","templated":true}]}}