{"id":66916,"date":"2022-08-02T16:48:10","date_gmt":"2022-08-02T20:48:10","guid":{"rendered":"https:\/\/www.muralunique.com\/?post_type=product&#038;p=66916"},"modified":"2025-09-30T16:18:38","modified_gmt":"2025-09-30T20:18:38","slug":"art-steampunk","status":"publish","type":"product","link":"https:\/\/www.muralunique.com\/fr\/produit\/art-steampunk\/","title":{"rendered":"Art Steampunk"},"content":{"rendered":"<p>-Murale en papier peint d&#8217;un design de style steampunk. Tr\u00e8s stylis\u00e9e, cette murale vintage donnera un look unique et original \u00e0 votre int\u00e9rieur.<\/p>\n<p>-La murale comprend des laizes de 18\u2033 (45cm) de largeur. Par exemple, une murale de 6\u2032 (1,83m) de largeur a 4 laizes et une murale de 12\u2032 (3,66m) de largeur a 8 laizes.<\/p>\n<p>-Murale en papier\u00a0peint pr\u00e9encoll\u00e9e, lavable, s\u2019enl\u00e8ve \u00e0 sec et r\u00e9utilisable. Facile \u00e0 installer, se pose comme du papier\u00a0peint (tapisserie).<\/p>\n<p>-murale art steampunk, tapisserie art steampunk, papier peint art steampunk, murale en papier peint vintage, tapisserie vintage, papier peint vintage<\/p>\n","protected":false},"excerpt":{"rendered":"<p>-Murale en papier peint d&#8217;un design de style steampunk. Tr\u00e8s stylis\u00e9e, cette murale vintage donnera un look unique et original \u00e0 votre int\u00e9rieur. -La murale comprend des laizes de 18\u2033 (45cm) de largeur. Par exemple, une murale de 6\u2032 (1,83m) de largeur a 4 laizes et une murale de 12\u2032 (3,66m) de largeur a 8 [&hellip;]<\/p>\n","protected":false},"featured_media":66913,"template":"","meta":{"_acf_changed":false},"product_brand":[],"product_cat":[125,131,10434,401],"product_tag":[8751,9441,9901,9442,9724,9047,9049,9938,9512],"class_list":{"0":"post-66916","1":"product","2":"type-product","3":"status-publish","4":"has-post-thumbnail","6":"product_cat-abstrait-et-geometrie","7":"product_cat-adolescents","8":"product_cat-images-panoramiques","9":"product_cat-tous-nos-produits","10":"product_tag-abstrait","11":"product_tag-ado","12":"product_tag-adolescent","13":"product_tag-adolescents","14":"product_tag-art-fr","15":"product_tag-geometrie","16":"product_tag-geometrique","17":"product_tag-steampunk-fr","18":"product_tag-vintage-fr","20":"first","21":"instock","22":"taxable","23":"shipping-taxable","24":"purchasable","25":"product-type-variable","26":"has-default-attributes"},"acf":[],"_links":{"self":[{"href":"https:\/\/www.muralunique.com\/fr\/wp-json\/wp\/v2\/product\/66916","targetHints":{"allow":["GET"]}}],"collection":[{"href":"https:\/\/www.muralunique.com\/fr\/wp-json\/wp\/v2\/product"}],"about":[{"href":"https:\/\/www.muralunique.com\/fr\/wp-json\/wp\/v2\/types\/product"}],"wp:featuredmedia":[{"embeddable":true,"href":"https:\/\/www.muralunique.com\/fr\/wp-json\/wp\/v2\/media\/66913"}],"wp:attachment":[{"href":"https:\/\/www.muralunique.com\/fr\/wp-json\/wp\/v2\/media?parent=66916"}],"wp:term":[{"taxonomy":"product_brand","embeddable":true,"href":"https:\/\/www.muralunique.com\/fr\/wp-json\/wp\/v2\/product_brand?post=66916"},{"taxonomy":"product_cat","embeddable":true,"href":"https:\/\/www.muralunique.com\/fr\/wp-json\/wp\/v2\/product_cat?post=66916"},{"taxonomy":"product_tag","embeddable":true,"href":"https:\/\/www.muralunique.com\/fr\/wp-json\/wp\/v2\/product_tag?post=66916"}],"curies":[{"name":"wp","href":"https:\/\/api.w.org\/{rel}","templated":true}]}}