{"id":6709,"date":"2014-03-16T21:11:57","date_gmt":"2014-03-16T21:11:57","guid":{"rendered":"https:\/\/muralunique.com\/?post_type=product&#038;p=6709"},"modified":"2022-08-08T19:34:55","modified_gmt":"2022-08-08T23:34:55","slug":"mur-de-vieilles-pierres-de-champs","status":"publish","type":"product","link":"https:\/\/www.muralunique.com\/fr\/produit\/mur-de-vieilles-pierres-de-champs\/","title":{"rendered":"Mur de Vieilles Pierres de Champs"},"content":{"rendered":"<p>-Photo murale d&#8217;un mur de vieilles pierres de champs.\u00a0La qualit\u00e9 (r\u00e9solution) de cette image est exceptionnelle\u00a0(600\u00a0MegaPixels).<\/p>\n<p>-La murale comprend des laizes de 18\u2033 (45cm) de largeur. Par exemple, une murale de 6\u2032 (1,83m) de largeur a 4 laizes et une murale de 12\u2032 (3,66m) de largeur a 8 laizes.<\/p>\n<p>-Murale en papier\u00a0peint pr\u00e9encoll\u00e9e, lavable, s\u2019enl\u00e8ve \u00e0 sec et r\u00e9utilisable. Facile \u00e0 installer, se pose comme du papier\u00a0peint (tapisserie).<\/p>\n<p>-Photographie de Donn Petelka. Vous pouvez obtenir plus d&#8217;informations \u00e0 cette adresse:\u00a0<a href=\"mailto:donnpetelka@gmail.com\" target=\"_blank\" rel=\"noopener noreferrer\">donnpetelka@gmail.com<\/a>.<\/p>\n<p>-murale mur de pierres de champs, papier peint mur de pierres de champs, papier peint pierres, murale mur de pierres, photo murale mur de pierres<\/p>\n","protected":false},"excerpt":{"rendered":"<p>-Photo murale d&#8217;un mur de vieilles pierres de champs.\u00a0La qualit\u00e9 (r\u00e9solution) de cette image est exceptionnelle\u00a0(600\u00a0MegaPixels). -La murale comprend des laizes de 18\u2033 (45cm) de largeur. Par exemple, une murale de 6\u2032 (1,83m) de largeur a 4 laizes et une murale de 12\u2032 (3,66m) de largeur a 8 laizes. -Murale en papier\u00a0peint pr\u00e9encoll\u00e9e, lavable, s\u2019enl\u00e8ve [&hellip;]<\/p>\n","protected":false},"featured_media":67107,"template":"","meta":{"_acf_changed":false},"product_brand":[197],"product_cat":[169,401,427],"product_tag":[9515,9418,9416,8995,9417,9447,9448,9449,9234],"class_list":{"0":"post-6709","1":"product","2":"type-product","3":"status-publish","4":"has-post-thumbnail","6":"artist-donn-petelka-fr","7":"product_brand-donn-petelka-2","8":"product_cat-textures-2","9":"product_cat-tous-nos-produits","10":"product_cat-ultra-haute-d-finition-photos","11":"product_tag-mur","12":"product_tag-mur-de-pierres","13":"product_tag-pierre","14":"product_tag-pierre-des-champs","15":"product_tag-pierres","16":"product_tag-texture-fr","17":"product_tag-texture-fr-2","18":"product_tag-textures","19":"product_tag-vieux","21":"first","22":"instock","23":"taxable","24":"shipping-taxable","25":"purchasable","26":"product-type-variable","27":"has-default-attributes"},"acf":[],"_links":{"self":[{"href":"https:\/\/www.muralunique.com\/fr\/wp-json\/wp\/v2\/product\/6709","targetHints":{"allow":["GET"]}}],"collection":[{"href":"https:\/\/www.muralunique.com\/fr\/wp-json\/wp\/v2\/product"}],"about":[{"href":"https:\/\/www.muralunique.com\/fr\/wp-json\/wp\/v2\/types\/product"}],"wp:featuredmedia":[{"embeddable":true,"href":"https:\/\/www.muralunique.com\/fr\/wp-json\/wp\/v2\/media\/67107"}],"wp:attachment":[{"href":"https:\/\/www.muralunique.com\/fr\/wp-json\/wp\/v2\/media?parent=6709"}],"wp:term":[{"taxonomy":"product_brand","embeddable":true,"href":"https:\/\/www.muralunique.com\/fr\/wp-json\/wp\/v2\/product_brand?post=6709"},{"taxonomy":"product_cat","embeddable":true,"href":"https:\/\/www.muralunique.com\/fr\/wp-json\/wp\/v2\/product_cat?post=6709"},{"taxonomy":"product_tag","embeddable":true,"href":"https:\/\/www.muralunique.com\/fr\/wp-json\/wp\/v2\/product_tag?post=6709"}],"curies":[{"name":"wp","href":"https:\/\/api.w.org\/{rel}","templated":true}]}}