{"id":67146,"date":"2022-08-09T10:43:31","date_gmt":"2022-08-09T14:43:31","guid":{"rendered":"https:\/\/www.muralunique.com\/?post_type=product&#038;p=67146"},"modified":"2022-08-09T11:18:00","modified_gmt":"2022-08-09T15:18:00","slug":"jungle-artistique-avec-texture-de-canevas","status":"publish","type":"product","link":"https:\/\/www.muralunique.com\/fr\/produit\/jungle-artistique-avec-texture-de-canevas\/","title":{"rendered":"Jungle Artistique avec Texture de Canevas"},"content":{"rendered":"<p>-Murale en papier peint d&#8217;un paysage tropical artistique avec une texture de canvas. Une tapisserie murale tr\u00e8s tendance, id\u00e9ale pour cr\u00e9er un mur d&#8217;accent dans une chambre \u00e0 coucher, un salon, une salle \u00e0 manger ou une salle de bain.<\/p>\n<p>-La murale comprend des laizes de 18\u2033 (45cm) de largeur. Par exemple, une murale de 6\u2032 (1,83m) de largeur a 4 laizes et une murale de 12\u2032 (3,66m) de largeur a 8 laizes.<\/p>\n<p>-Murale en papier\u00a0peint pr\u00e9encoll\u00e9e, lavable, s\u2019enl\u00e8ve \u00e0 sec et r\u00e9utilisable. Facile \u00e0 installer, se pose comme du papier\u00a0peint (tapisserie).<\/p>\n<p>-murale jungle artistique, tapisserie jungle artistique, papier peint jungle artistique, murale en papier peint jungle artistique, murale paysage tropical, tapisserie paysage tropical, papier peint paysage tropical<\/p>\n","protected":false},"excerpt":{"rendered":"<p>-Murale en papier peint d&#8217;un paysage tropical artistique avec une texture de canvas. Une tapisserie murale tr\u00e8s tendance, id\u00e9ale pour cr\u00e9er un mur d&#8217;accent dans une chambre \u00e0 coucher, un salon, une salle \u00e0 manger ou une salle de bain. -La murale comprend des laizes de 18\u2033 (45cm) de largeur. Par exemple, une murale de [&hellip;]<\/p>\n","protected":false},"featured_media":67157,"template":"","meta":{"_acf_changed":false},"product_brand":[],"product_cat":[150,141,401],"product_tag":[9868,8970,9567,9122,9702,9242,9137,9486],"class_list":{"0":"post-67146","1":"product","2":"type-product","3":"status-publish","4":"has-post-thumbnail","6":"product_cat-fleurs-et-feuillages","7":"product_cat-nature-et-paysages","8":"product_cat-tous-nos-produits","9":"product_tag-artistique","10":"product_tag-exotique","11":"product_tag-feuilles-de-palmier","12":"product_tag-jungle-fr","13":"product_tag-palmier","14":"product_tag-palmiers","15":"product_tag-paysage","16":"product_tag-tropical-fr","18":"first","19":"instock","20":"taxable","21":"shipping-taxable","22":"purchasable","23":"product-type-variable","24":"has-default-attributes"},"acf":[],"_links":{"self":[{"href":"https:\/\/www.muralunique.com\/fr\/wp-json\/wp\/v2\/product\/67146","targetHints":{"allow":["GET"]}}],"collection":[{"href":"https:\/\/www.muralunique.com\/fr\/wp-json\/wp\/v2\/product"}],"about":[{"href":"https:\/\/www.muralunique.com\/fr\/wp-json\/wp\/v2\/types\/product"}],"wp:featuredmedia":[{"embeddable":true,"href":"https:\/\/www.muralunique.com\/fr\/wp-json\/wp\/v2\/media\/67157"}],"wp:attachment":[{"href":"https:\/\/www.muralunique.com\/fr\/wp-json\/wp\/v2\/media?parent=67146"}],"wp:term":[{"taxonomy":"product_brand","embeddable":true,"href":"https:\/\/www.muralunique.com\/fr\/wp-json\/wp\/v2\/product_brand?post=67146"},{"taxonomy":"product_cat","embeddable":true,"href":"https:\/\/www.muralunique.com\/fr\/wp-json\/wp\/v2\/product_cat?post=67146"},{"taxonomy":"product_tag","embeddable":true,"href":"https:\/\/www.muralunique.com\/fr\/wp-json\/wp\/v2\/product_tag?post=67146"}],"curies":[{"name":"wp","href":"https:\/\/api.w.org\/{rel}","templated":true}]}}