{"id":67170,"date":"2022-08-09T12:36:04","date_gmt":"2022-08-09T16:36:04","guid":{"rendered":"https:\/\/www.muralunique.com\/?post_type=product&#038;p=67170"},"modified":"2022-08-09T12:48:36","modified_gmt":"2022-08-09T16:48:36","slug":"chien-savant","status":"publish","type":"product","link":"https:\/\/www.muralunique.com\/fr\/produit\/chien-savant\/","title":{"rendered":"Chien Savant"},"content":{"rendered":"<p>-Murale d&#8217;un chien savant \u00e0 lunettes sur un fond multicolore. Un design color\u00e9 et original. La murale id\u00e9ale pour cr\u00e9er un mur exceptionnel et hors du commun.<\/p>\n<p>-La murale comprend des laizes de 18\u2033 (45cm) de largeur. Par exemple, une murale de 6\u2032 (1,83m) de largeur a 4 laizes et une murale de 12\u2032 (3,66m) de largeur a 8 laizes.<\/p>\n<p>-Murale en papier\u00a0peint pr\u00e9encoll\u00e9e, lavable, s\u2019enl\u00e8ve \u00e0 sec et r\u00e9utilisable. Facile \u00e0 installer, se pose comme du papier\u00a0peint (tapisserie).<\/p>\n<p>-murale chien savant, murale en papier peint chien savant, tapisserie chien savant, papier peint chien savant, murale multicolore, tapisserie multicolore, papier peint multicolore<\/p>\n","protected":false},"excerpt":{"rendered":"<p>-Murale d&#8217;un chien savant \u00e0 lunettes sur un fond multicolore. Un design color\u00e9 et original. La murale id\u00e9ale pour cr\u00e9er un mur exceptionnel et hors du commun. -La murale comprend des laizes de 18\u2033 (45cm) de largeur. Par exemple, une murale de 6\u2032 (1,83m) de largeur a 4 laizes et une murale de 12\u2032 (3,66m) [&hellip;]<\/p>\n","protected":false},"featured_media":67169,"template":"","meta":{"_acf_changed":false},"product_brand":[],"product_cat":[131,134,401],"product_tag":[9941,8947,9701,9942],"class_list":{"0":"post-67170","1":"product","2":"type-product","3":"status-publish","4":"has-post-thumbnail","6":"product_cat-adolescents","7":"product_cat-animaux","8":"product_cat-tous-nos-produits","9":"product_tag-chien","10":"product_tag-chiens-fr","11":"product_tag-multicolore","12":"product_tag-savant","14":"first","15":"instock","16":"taxable","17":"shipping-taxable","18":"purchasable","19":"product-type-variable","20":"has-default-attributes"},"acf":[],"_links":{"self":[{"href":"https:\/\/www.muralunique.com\/fr\/wp-json\/wp\/v2\/product\/67170","targetHints":{"allow":["GET"]}}],"collection":[{"href":"https:\/\/www.muralunique.com\/fr\/wp-json\/wp\/v2\/product"}],"about":[{"href":"https:\/\/www.muralunique.com\/fr\/wp-json\/wp\/v2\/types\/product"}],"wp:featuredmedia":[{"embeddable":true,"href":"https:\/\/www.muralunique.com\/fr\/wp-json\/wp\/v2\/media\/67169"}],"wp:attachment":[{"href":"https:\/\/www.muralunique.com\/fr\/wp-json\/wp\/v2\/media?parent=67170"}],"wp:term":[{"taxonomy":"product_brand","embeddable":true,"href":"https:\/\/www.muralunique.com\/fr\/wp-json\/wp\/v2\/product_brand?post=67170"},{"taxonomy":"product_cat","embeddable":true,"href":"https:\/\/www.muralunique.com\/fr\/wp-json\/wp\/v2\/product_cat?post=67170"},{"taxonomy":"product_tag","embeddable":true,"href":"https:\/\/www.muralunique.com\/fr\/wp-json\/wp\/v2\/product_tag?post=67170"}],"curies":[{"name":"wp","href":"https:\/\/api.w.org\/{rel}","templated":true}]}}