{"id":67188,"date":"2022-08-09T15:11:53","date_gmt":"2022-08-09T19:11:53","guid":{"rendered":"https:\/\/www.muralunique.com\/?post_type=product&#038;p=67188"},"modified":"2025-10-31T17:07:55","modified_gmt":"2025-10-31T21:07:55","slug":"foret-brumeuse-en-noir-et-blanc-avec-texture-de-canevas","status":"publish","type":"product","link":"https:\/\/www.muralunique.com\/fr\/produit\/foret-brumeuse-en-noir-et-blanc-avec-texture-de-canevas\/","title":{"rendered":"For\u00eat Brumeuse en Noir et Blanc avec Texture de Canevas"},"content":{"rendered":"<p>-Murale d&#8217;une for\u00eat brumeuse en noir et blanc avec une texture de canevas. Une superbe murale qui donnera de la personnalit\u00e9 \u00e0 vos murs et \u00e0 votre int\u00e9rieur.<\/p>\n<p>-La murale comprend des laizes de 18\u2033 (45cm) de largeur. Par exemple, une murale de 6\u2032 (1,83m) de largeur a 4 laizes et une murale de 12\u2032 (3,66m) de largeur a 8 laizes.<\/p>\n<p>-Murale en papier\u00a0peint pr\u00e9encoll\u00e9e, lavable, s\u2019enl\u00e8ve \u00e0 sec et r\u00e9utilisable. Facile \u00e0 installer, se pose comme du papier\u00a0peint (tapisserie).<\/p>\n<p>-murale for\u00eat brumeuse, murale en papier peint for\u00eat brumeuse, tapisserie for\u00eat brumeuse, papier peint for\u00eat brumeuse, murale for\u00eat en noir et blanc, tapisserie for\u00eat en noir et blanc, papier peint for\u00eat en noir et blanc<\/p>\n<p>&nbsp;<\/p>\n","protected":false},"excerpt":{"rendered":"<p>-Murale d&#8217;une for\u00eat brumeuse en noir et blanc avec une texture de canevas. Une superbe murale qui donnera de la personnalit\u00e9 \u00e0 vos murs et \u00e0 votre int\u00e9rieur. -La murale comprend des laizes de 18\u2033 (45cm) de largeur. Par exemple, une murale de 6\u2032 (1,83m) de largeur a 4 laizes et une murale de 12\u2032 [&hellip;]<\/p>\n","protected":false},"featured_media":67186,"template":"","meta":{"_acf_changed":false},"product_brand":[],"product_cat":[141,401],"product_tag":[9478,9013,9012,9011,9019,9219,9137],"class_list":{"0":"post-67188","1":"product","2":"type-product","3":"status-publish","4":"has-post-thumbnail","6":"product_cat-nature-et-paysages","7":"product_cat-tous-nos-produits","8":"product_tag-arbres","9":"product_tag-brouillard","10":"product_tag-brumailles","11":"product_tag-brumeux","12":"product_tag-foret","13":"product_tag-nature-fr","14":"product_tag-paysage","16":"first","17":"instock","18":"taxable","19":"shipping-taxable","20":"purchasable","21":"product-type-variable","22":"has-default-attributes"},"acf":[],"_links":{"self":[{"href":"https:\/\/www.muralunique.com\/fr\/wp-json\/wp\/v2\/product\/67188","targetHints":{"allow":["GET"]}}],"collection":[{"href":"https:\/\/www.muralunique.com\/fr\/wp-json\/wp\/v2\/product"}],"about":[{"href":"https:\/\/www.muralunique.com\/fr\/wp-json\/wp\/v2\/types\/product"}],"wp:featuredmedia":[{"embeddable":true,"href":"https:\/\/www.muralunique.com\/fr\/wp-json\/wp\/v2\/media\/67186"}],"wp:attachment":[{"href":"https:\/\/www.muralunique.com\/fr\/wp-json\/wp\/v2\/media?parent=67188"}],"wp:term":[{"taxonomy":"product_brand","embeddable":true,"href":"https:\/\/www.muralunique.com\/fr\/wp-json\/wp\/v2\/product_brand?post=67188"},{"taxonomy":"product_cat","embeddable":true,"href":"https:\/\/www.muralunique.com\/fr\/wp-json\/wp\/v2\/product_cat?post=67188"},{"taxonomy":"product_tag","embeddable":true,"href":"https:\/\/www.muralunique.com\/fr\/wp-json\/wp\/v2\/product_tag?post=67188"}],"curies":[{"name":"wp","href":"https:\/\/api.w.org\/{rel}","templated":true}]}}