{"id":67249,"date":"2022-08-10T16:25:02","date_gmt":"2022-08-10T20:25:02","guid":{"rendered":"https:\/\/www.muralunique.com\/?post_type=product&#038;p=67249"},"modified":"2025-10-23T08:51:42","modified_gmt":"2025-10-23T12:51:42","slug":"feuilles-argentees","status":"publish","type":"product","link":"https:\/\/www.muralunique.com\/fr\/produit\/feuilles-argentees\/","title":{"rendered":"Feuilles Argent\u00e9es"},"content":{"rendered":"<p>-Murale en papier peint d&#8217;un design \u00e9l\u00e9gant de feuilles argent\u00e9es. Transformez votre d\u00e9cor en un clin d&#8217;oeil avec cette superbe murale de feuillage.<\/p>\n<p><strong>-Seulement 1960 (9&#8242; x 9&#8242; (2,75m x 2,75m)) peut \u00eatre r\u00e9p\u00e9t\u00e9 horizontalement (pas 1960.01 et 1960.02).<\/strong><\/p>\n<p>-La murale comprend des laizes de 18\u2033 (45cm) de largeur. Par exemple, une murale de 6\u2032 (1,83m) de largeur a 4 laizes et une murale de 12\u2032 (3,66m) de largeur a 8 laizes.<\/p>\n<p>-Murale en papier\u00a0peint pr\u00e9encoll\u00e9e, lavable, s\u2019enl\u00e8ve \u00e0 sec et r\u00e9utilisable. Facile \u00e0 installer, se pose comme du papier\u00a0peint (tapisserie).<\/p>\n<p>-murale feuilles argent\u00e9es, tapisserie feuilles argent\u00e9es, papier peint feuilles argent\u00e9es, murale en papier peint de feuillage, tapisserie de feuillage, papier peint de feuillage<\/p>\n","protected":false},"excerpt":{"rendered":"<p>-Murale en papier peint d&#8217;un design \u00e9l\u00e9gant de feuilles argent\u00e9es. Transformez votre d\u00e9cor en un clin d&#8217;oeil avec cette superbe murale de feuillage. -Seulement 1960 (9&#8242; x 9&#8242; (2,75m x 2,75m)) peut \u00eatre r\u00e9p\u00e9t\u00e9 horizontalement (pas 1960.01 et 1960.02). -La murale comprend des laizes de 18\u2033 (45cm) de largeur. Par exemple, une murale de 6\u2032 [&hellip;]<\/p>\n","protected":false},"featured_media":67248,"template":"","meta":{"_acf_changed":false},"product_brand":[],"product_cat":[150,367,401],"product_tag":[9014,9142,9144],"class_list":{"0":"post-67249","1":"product","2":"type-product","3":"status-publish","4":"has-post-thumbnail","6":"product_cat-fleurs-et-feuillages","7":"product_cat-murales-en-r-p-tition","8":"product_cat-tous-nos-produits","9":"product_tag-feuillage","10":"product_tag-feuille","11":"product_tag-feuilles","13":"first","14":"instock","15":"taxable","16":"shipping-taxable","17":"purchasable","18":"product-type-variable"},"acf":[],"_links":{"self":[{"href":"https:\/\/www.muralunique.com\/fr\/wp-json\/wp\/v2\/product\/67249","targetHints":{"allow":["GET"]}}],"collection":[{"href":"https:\/\/www.muralunique.com\/fr\/wp-json\/wp\/v2\/product"}],"about":[{"href":"https:\/\/www.muralunique.com\/fr\/wp-json\/wp\/v2\/types\/product"}],"wp:featuredmedia":[{"embeddable":true,"href":"https:\/\/www.muralunique.com\/fr\/wp-json\/wp\/v2\/media\/67248"}],"wp:attachment":[{"href":"https:\/\/www.muralunique.com\/fr\/wp-json\/wp\/v2\/media?parent=67249"}],"wp:term":[{"taxonomy":"product_brand","embeddable":true,"href":"https:\/\/www.muralunique.com\/fr\/wp-json\/wp\/v2\/product_brand?post=67249"},{"taxonomy":"product_cat","embeddable":true,"href":"https:\/\/www.muralunique.com\/fr\/wp-json\/wp\/v2\/product_cat?post=67249"},{"taxonomy":"product_tag","embeddable":true,"href":"https:\/\/www.muralunique.com\/fr\/wp-json\/wp\/v2\/product_tag?post=67249"}],"curies":[{"name":"wp","href":"https:\/\/api.w.org\/{rel}","templated":true}]}}