{"id":67282,"date":"2022-08-11T18:27:37","date_gmt":"2022-08-11T22:27:37","guid":{"rendered":"https:\/\/www.muralunique.com\/?post_type=product&#038;p=67282"},"modified":"2022-08-11T18:43:47","modified_gmt":"2022-08-11T22:43:47","slug":"feuilles-tropicales-et-palmiers-avec-texture","status":"publish","type":"product","link":"https:\/\/www.muralunique.com\/fr\/produit\/feuilles-tropicales-et-palmiers-avec-texture\/","title":{"rendered":"Feuilles Tropicales et Palmiers avec Texture"},"content":{"rendered":"<p>-Murale en papier peint d&#8217;un paysage exotique avec des palmiers et des plantes tropicales sur une texture de canevas. Transformez votre espace avec cette murale tropicale tr\u00e8s tendance.<\/p>\n<p>-La murale comprend des laizes de 18\u2033 (45cm) de largeur. Par exemple, une murale de 6\u2032 (1,83m) de largeur a 4 laizes et une murale de 12\u2032 (3,66m) de largeur a 8 laizes.<\/p>\n<p>-Murale en papier\u00a0peint pr\u00e9encoll\u00e9e, lavable, s\u2019enl\u00e8ve \u00e0 sec et r\u00e9utilisable. Facile \u00e0 installer, se pose comme du papier\u00a0peint (tapisserie).<\/p>\n<p>-murale feuilles tropicales et palmiers, tapisserie feuilles tropicales et palmiers, papier peint feuilles tropicales et palmiers, tapisserie murale feuilles tropicales et palmiers, tapisserie murale tropicale, papier peint tropical<\/p>\n","protected":false},"excerpt":{"rendered":"<p>-Murale en papier peint d&#8217;un paysage exotique avec des palmiers et des plantes tropicales sur une texture de canevas. Transformez votre espace avec cette murale tropicale tr\u00e8s tendance. -La murale comprend des laizes de 18\u2033 (45cm) de largeur. Par exemple, une murale de 6\u2032 (1,83m) de largeur a 4 laizes et une murale de 12\u2032 [&hellip;]<\/p>\n","protected":false},"featured_media":67279,"template":"","meta":{"_acf_changed":false},"product_brand":[],"product_cat":[150,141,401],"product_tag":[9478,8970,9014,9219,10138,9242,9137,9486,9512],"class_list":{"0":"post-67282","1":"product","2":"type-product","3":"status-publish","4":"has-post-thumbnail","6":"product_cat-fleurs-et-feuillages","7":"product_cat-nature-et-paysages","8":"product_cat-tous-nos-produits","9":"product_tag-arbres","10":"product_tag-exotique","11":"product_tag-feuillage","12":"product_tag-nature-fr","13":"product_tag-palmier-fr","14":"product_tag-palmiers","15":"product_tag-paysage","16":"product_tag-tropical-fr","17":"product_tag-vintage-fr","19":"first","20":"instock","21":"taxable","22":"shipping-taxable","23":"purchasable","24":"product-type-variable","25":"has-default-attributes"},"acf":[],"_links":{"self":[{"href":"https:\/\/www.muralunique.com\/fr\/wp-json\/wp\/v2\/product\/67282","targetHints":{"allow":["GET"]}}],"collection":[{"href":"https:\/\/www.muralunique.com\/fr\/wp-json\/wp\/v2\/product"}],"about":[{"href":"https:\/\/www.muralunique.com\/fr\/wp-json\/wp\/v2\/types\/product"}],"wp:featuredmedia":[{"embeddable":true,"href":"https:\/\/www.muralunique.com\/fr\/wp-json\/wp\/v2\/media\/67279"}],"wp:attachment":[{"href":"https:\/\/www.muralunique.com\/fr\/wp-json\/wp\/v2\/media?parent=67282"}],"wp:term":[{"taxonomy":"product_brand","embeddable":true,"href":"https:\/\/www.muralunique.com\/fr\/wp-json\/wp\/v2\/product_brand?post=67282"},{"taxonomy":"product_cat","embeddable":true,"href":"https:\/\/www.muralunique.com\/fr\/wp-json\/wp\/v2\/product_cat?post=67282"},{"taxonomy":"product_tag","embeddable":true,"href":"https:\/\/www.muralunique.com\/fr\/wp-json\/wp\/v2\/product_tag?post=67282"}],"curies":[{"name":"wp","href":"https:\/\/api.w.org\/{rel}","templated":true}]}}