{"id":67425,"date":"2022-08-16T16:17:01","date_gmt":"2022-08-16T20:17:01","guid":{"rendered":"https:\/\/www.muralunique.com\/?post_type=product&#038;p=67425"},"modified":"2022-08-30T12:19:25","modified_gmt":"2022-08-30T16:19:25","slug":"branches-de-palmiers","status":"publish","type":"product","link":"https:\/\/www.muralunique.com\/fr\/produit\/branches-de-palmiers\/","title":{"rendered":"Branches de Palmiers"},"content":{"rendered":"<p>-Murale d&#8217;un design de branches de palmiers blanches. Un design tropical \u00e9l\u00e9gant qui transformera votre espace int\u00e9rieur.<\/p>\n<p>-La murale comprend des laizes de 18\u2033 (45cm) de largeur. Par exemple, une murale de 6\u2032 (1,83m) de largeur a 4 laizes et une murale de 12\u2032 (3,66m) de largeur a 8 laizes.<\/p>\n<p>-Murale en papier\u00a0peint pr\u00e9encoll\u00e9e, lavable, s\u2019enl\u00e8ve \u00e0 sec et r\u00e9utilisable. Facile \u00e0 installer, se pose comme du papier\u00a0peint (tapisserie).<\/p>\n<p>-murale branches de palmiers, murale en papier peint branches de palmiers, papier peint branches de palmiers, tapisserie branches de palmiers<\/p>\n","protected":false},"excerpt":{"rendered":"<p>-Murale d&#8217;un design de branches de palmiers blanches. Un design tropical \u00e9l\u00e9gant qui transformera votre espace int\u00e9rieur. -La murale comprend des laizes de 18\u2033 (45cm) de largeur. Par exemple, une murale de 6\u2032 (1,83m) de largeur a 4 laizes et une murale de 12\u2032 (3,66m) de largeur a 8 laizes. -Murale en papier\u00a0peint pr\u00e9encoll\u00e9e, lavable, [&hellip;]<\/p>\n","protected":false},"featured_media":67422,"template":"","meta":{"_acf_changed":false},"product_brand":[],"product_cat":[150,401],"product_tag":[8842,9014,9144,9567,9702],"class_list":{"0":"post-67425","1":"product","2":"type-product","3":"status-publish","4":"has-post-thumbnail","6":"product_cat-fleurs-et-feuillages","7":"product_cat-tous-nos-produits","8":"product_tag-branches-fr","9":"product_tag-feuillage","10":"product_tag-feuilles","11":"product_tag-feuilles-de-palmier","12":"product_tag-palmier","14":"first","15":"instock","16":"taxable","17":"shipping-taxable","18":"purchasable","19":"product-type-variable","20":"has-default-attributes"},"acf":[],"_links":{"self":[{"href":"https:\/\/www.muralunique.com\/fr\/wp-json\/wp\/v2\/product\/67425","targetHints":{"allow":["GET"]}}],"collection":[{"href":"https:\/\/www.muralunique.com\/fr\/wp-json\/wp\/v2\/product"}],"about":[{"href":"https:\/\/www.muralunique.com\/fr\/wp-json\/wp\/v2\/types\/product"}],"wp:featuredmedia":[{"embeddable":true,"href":"https:\/\/www.muralunique.com\/fr\/wp-json\/wp\/v2\/media\/67422"}],"wp:attachment":[{"href":"https:\/\/www.muralunique.com\/fr\/wp-json\/wp\/v2\/media?parent=67425"}],"wp:term":[{"taxonomy":"product_brand","embeddable":true,"href":"https:\/\/www.muralunique.com\/fr\/wp-json\/wp\/v2\/product_brand?post=67425"},{"taxonomy":"product_cat","embeddable":true,"href":"https:\/\/www.muralunique.com\/fr\/wp-json\/wp\/v2\/product_cat?post=67425"},{"taxonomy":"product_tag","embeddable":true,"href":"https:\/\/www.muralunique.com\/fr\/wp-json\/wp\/v2\/product_tag?post=67425"}],"curies":[{"name":"wp","href":"https:\/\/api.w.org\/{rel}","templated":true}]}}