{"id":6750,"date":"2014-04-07T10:39:28","date_gmt":"2014-04-07T10:39:28","guid":{"rendered":"https:\/\/muralunique.com\/?post_type=product&#038;p=6750"},"modified":"2022-05-03T21:31:08","modified_gmt":"2022-05-04T01:31:08","slug":"course-de-velos","status":"publish","type":"product","link":"https:\/\/www.muralunique.com\/fr\/produit\/course-de-velos\/","title":{"rendered":"Course de V\u00e9los"},"content":{"rendered":"<p>-Murale en papier peint d&#8217;une course de v\u00e9lo sur fond gris. Une donne id\u00e9e d\u00e9co pour les murs d&#8217;un gym, d&#8217;une\u00a0salle de sports ou d&#8217;une salle de spinning.<\/p>\n<p>-La murale comprend des laizes de 18&#8243; (45cm) de largeur. Par exemple, une murale de 6&#8242; (1,83m) de largeur a 4 laizes et une murale de 12&#8242; (3,66m) de largeur a 8 laizes.<\/p>\n<p>-Murale en papier\u00a0peint pr\u00e9encoll\u00e9e, lavable, s&#8217;enl\u00e8ve \u00e0 sec et r\u00e9utilisable. Facile \u00e0 installer, se pose comme du papier\u00a0peint (tapisserie).<\/p>\n<p>-murale course de v\u00e9lo, papier peint course de v\u00e9lo, tapisserie course de v\u00e9lo, murale de bicyclette, papier peint course de bicyclette<\/p>\n","protected":false},"excerpt":{"rendered":"<p>-Murale en papier peint d&#8217;une course de v\u00e9lo sur fond gris. Une donne id\u00e9e d\u00e9co pour les murs d&#8217;un gym, d&#8217;une\u00a0salle de sports ou d&#8217;une salle de spinning. -La murale comprend des laizes de 18&#8243; (45cm) de largeur. Par exemple, une murale de 6&#8242; (1,83m) de largeur a 4 laizes et une murale de 12&#8242; [&hellip;]<\/p>\n","protected":false},"featured_media":6751,"template":"","meta":{"_acf_changed":false},"product_brand":[203],"product_cat":[131,145,401,427],"product_tag":[9441,9442,8818,9309,9879,9400,8814],"class_list":{"0":"post-6750","1":"product","2":"type-product","3":"status-publish","4":"has-post-thumbnail","6":"product_brand-muralunique-com","7":"product_cat-adolescents","8":"product_cat-sports-2","9":"product_cat-tous-nos-produits","10":"product_cat-ultra-haute-d-finition-photos","11":"product_tag-ado","12":"product_tag-adolescents","13":"product_tag-bicyclette","14":"product_tag-course-fr","15":"product_tag-cyclisme","16":"product_tag-sports","17":"product_tag-velo","19":"first","20":"instock","21":"taxable","22":"shipping-taxable","23":"purchasable","24":"product-type-variable","25":"has-default-attributes"},"acf":[],"_links":{"self":[{"href":"https:\/\/www.muralunique.com\/fr\/wp-json\/wp\/v2\/product\/6750","targetHints":{"allow":["GET"]}}],"collection":[{"href":"https:\/\/www.muralunique.com\/fr\/wp-json\/wp\/v2\/product"}],"about":[{"href":"https:\/\/www.muralunique.com\/fr\/wp-json\/wp\/v2\/types\/product"}],"wp:featuredmedia":[{"embeddable":true,"href":"https:\/\/www.muralunique.com\/fr\/wp-json\/wp\/v2\/media\/6751"}],"wp:attachment":[{"href":"https:\/\/www.muralunique.com\/fr\/wp-json\/wp\/v2\/media?parent=6750"}],"wp:term":[{"taxonomy":"product_brand","embeddable":true,"href":"https:\/\/www.muralunique.com\/fr\/wp-json\/wp\/v2\/product_brand?post=6750"},{"taxonomy":"product_cat","embeddable":true,"href":"https:\/\/www.muralunique.com\/fr\/wp-json\/wp\/v2\/product_cat?post=6750"},{"taxonomy":"product_tag","embeddable":true,"href":"https:\/\/www.muralunique.com\/fr\/wp-json\/wp\/v2\/product_tag?post=6750"}],"curies":[{"name":"wp","href":"https:\/\/api.w.org\/{rel}","templated":true}]}}