{"id":67535,"date":"2022-08-18T15:16:30","date_gmt":"2022-08-18T19:16:30","guid":{"rendered":"https:\/\/www.muralunique.com\/?post_type=product&#038;p=67535"},"modified":"2022-09-23T15:30:54","modified_gmt":"2022-09-23T19:30:54","slug":"bambous-dans-le-brouillard-avec-texture-gris","status":"publish","type":"product","link":"https:\/\/www.muralunique.com\/fr\/produit\/bambous-dans-le-brouillard-avec-texture-gris\/","title":{"rendered":"Bambous dans le Brouillard avec Texture (Gris)"},"content":{"rendered":"<p>-Murale en papier peint de bambous dans le brouillard (version grise). Cette murale orientale donnera de l&#8217;\u00e9l\u00e9gance et de l&#8217;exotisme \u00e0 n&#8217;importe quel espace int\u00e9rieur.<\/p>\n<p>-La murale comprend des laizes de 18\u2033 (45cm) de largeur. Par exemple, une murale de 6\u2032 (1,83m) de largeur a 4 laizes et une murale de 12\u2032 (3,66m) de largeur a 8 laizes.<\/p>\n<p>-Murale en papier\u00a0peint pr\u00e9encoll\u00e9e, lavable, s\u2019enl\u00e8ve \u00e0 sec et r\u00e9utilisable. Facile \u00e0 installer, se pose comme du papier\u00a0peint (tapisserie).<\/p>\n<p>-murale bambous dans le brouillard, murale en papier peint bambous dans le brouillard, tapisserie bambous dans le brouillard, papier peint bambous dans le brouillard, murale orientale<\/p>\n","protected":false},"excerpt":{"rendered":"<p>-Murale en papier peint de bambous dans le brouillard (version grise). Cette murale orientale donnera de l&#8217;\u00e9l\u00e9gance et de l&#8217;exotisme \u00e0 n&#8217;importe quel espace int\u00e9rieur. -La murale comprend des laizes de 18\u2033 (45cm) de largeur. Par exemple, une murale de 6\u2032 (1,83m) de largeur a 4 laizes et une murale de 12\u2032 (3,66m) de largeur [&hellip;]<\/p>\n","protected":false},"featured_media":67534,"template":"","meta":{"_acf_changed":false},"product_brand":[],"product_cat":[150,141,138,401],"product_tag":[9478,8784,8783,8796,8797,8798,8970,9014,9019,9219,9238,9486],"class_list":{"0":"post-67535","1":"product","2":"type-product","3":"status-publish","4":"has-post-thumbnail","6":"product_cat-fleurs-et-feuillages","7":"product_cat-nature-et-paysages","8":"product_cat-oriental-religion-spiritualite","9":"product_cat-tous-nos-produits","10":"product_tag-arbres","11":"product_tag-asiatique","12":"product_tag-asie","13":"product_tag-bambou","14":"product_tag-bambous","15":"product_tag-batons-de-bambou","16":"product_tag-exotique","17":"product_tag-feuillage","18":"product_tag-foret","19":"product_tag-nature-fr","20":"product_tag-oriental-fr","21":"product_tag-tropical-fr","23":"first","24":"instock","25":"taxable","26":"shipping-taxable","27":"purchasable","28":"product-type-variable","29":"has-default-attributes"},"acf":[],"_links":{"self":[{"href":"https:\/\/www.muralunique.com\/fr\/wp-json\/wp\/v2\/product\/67535","targetHints":{"allow":["GET"]}}],"collection":[{"href":"https:\/\/www.muralunique.com\/fr\/wp-json\/wp\/v2\/product"}],"about":[{"href":"https:\/\/www.muralunique.com\/fr\/wp-json\/wp\/v2\/types\/product"}],"wp:featuredmedia":[{"embeddable":true,"href":"https:\/\/www.muralunique.com\/fr\/wp-json\/wp\/v2\/media\/67534"}],"wp:attachment":[{"href":"https:\/\/www.muralunique.com\/fr\/wp-json\/wp\/v2\/media?parent=67535"}],"wp:term":[{"taxonomy":"product_brand","embeddable":true,"href":"https:\/\/www.muralunique.com\/fr\/wp-json\/wp\/v2\/product_brand?post=67535"},{"taxonomy":"product_cat","embeddable":true,"href":"https:\/\/www.muralunique.com\/fr\/wp-json\/wp\/v2\/product_cat?post=67535"},{"taxonomy":"product_tag","embeddable":true,"href":"https:\/\/www.muralunique.com\/fr\/wp-json\/wp\/v2\/product_tag?post=67535"}],"curies":[{"name":"wp","href":"https:\/\/api.w.org\/{rel}","templated":true}]}}