{"id":6760,"date":"2014-04-11T12:02:44","date_gmt":"2014-04-11T12:02:44","guid":{"rendered":"https:\/\/muralunique.com\/?post_type=product&#038;p=6760"},"modified":"2022-09-07T11:32:33","modified_gmt":"2022-09-07T15:32:33","slug":"foret-sud-africaine-noir-et-blanc","status":"publish","type":"product","link":"https:\/\/www.muralunique.com\/fr\/produit\/foret-sud-africaine-noir-et-blanc\/","title":{"rendered":"For\u00eat Sud-Africaine (Noir et Blanc)"},"content":{"rendered":"<p>-Magnifique murale en papier peint d&#8217;une for\u00eat Sud-Africaine en noir et blanc.<\/p>\n<p>-La murale comprend des laizes de 18\u2033 (45cm) de largeur. Par exemple, une murale de 6\u2032 (1,83m) de largeur a 4 laizes et une murale de 12\u2032 (3,66m) de largeur a 8 laizes.<\/p>\n<p>-Murale en papier\u00a0peint pr\u00e9encoll\u00e9e, lavable, s\u2019enl\u00e8ve \u00e0 sec et r\u00e9utilisable. Facile \u00e0 installer, se pose comme du papier\u00a0peint (tapisserie).<\/p>\n<p>-murale for\u00eat Sud-Africaine en noir et blanc, murale for\u00eat Sud-Africaine, photo murale for\u00eat Sud-Africaine, photo murale\u00a0for\u00eat Sud-Africaine en noir et blanc<\/p>\n","protected":false},"excerpt":{"rendered":"<p>-Magnifique murale en papier peint d&#8217;une for\u00eat Sud-Africaine en noir et blanc. -La murale comprend des laizes de 18\u2033 (45cm) de largeur. Par exemple, une murale de 6\u2032 (1,83m) de largeur a 4 laizes et une murale de 12\u2032 (3,66m) de largeur a 8 laizes. -Murale en papier\u00a0peint pr\u00e9encoll\u00e9e, lavable, s\u2019enl\u00e8ve \u00e0 sec et r\u00e9utilisable. [&hellip;]<\/p>\n","protected":false},"featured_media":68166,"template":"","meta":{"_acf_changed":false},"product_brand":[203],"product_cat":[141,401],"product_tag":[8758,8757,9478,8864,9427,9019,9219,9261,9137,9467],"class_list":{"0":"post-6760","1":"product","2":"type-product","3":"status-publish","4":"has-post-thumbnail","6":"product_brand-muralunique-com","7":"product_cat-nature-et-paysages","8":"product_cat-tous-nos-produits","9":"product_tag-africain","10":"product_tag-afrique","11":"product_tag-arbres","12":"product_tag-calme","13":"product_tag-ete","14":"product_tag-foret","15":"product_tag-nature-fr","16":"product_tag-paisible","17":"product_tag-paysage","18":"product_tag-tranquilite","20":"first","21":"instock","22":"taxable","23":"shipping-taxable","24":"purchasable","25":"product-type-variable","26":"has-default-attributes"},"acf":[],"_links":{"self":[{"href":"https:\/\/www.muralunique.com\/fr\/wp-json\/wp\/v2\/product\/6760","targetHints":{"allow":["GET"]}}],"collection":[{"href":"https:\/\/www.muralunique.com\/fr\/wp-json\/wp\/v2\/product"}],"about":[{"href":"https:\/\/www.muralunique.com\/fr\/wp-json\/wp\/v2\/types\/product"}],"wp:featuredmedia":[{"embeddable":true,"href":"https:\/\/www.muralunique.com\/fr\/wp-json\/wp\/v2\/media\/68166"}],"wp:attachment":[{"href":"https:\/\/www.muralunique.com\/fr\/wp-json\/wp\/v2\/media?parent=6760"}],"wp:term":[{"taxonomy":"product_brand","embeddable":true,"href":"https:\/\/www.muralunique.com\/fr\/wp-json\/wp\/v2\/product_brand?post=6760"},{"taxonomy":"product_cat","embeddable":true,"href":"https:\/\/www.muralunique.com\/fr\/wp-json\/wp\/v2\/product_cat?post=6760"},{"taxonomy":"product_tag","embeddable":true,"href":"https:\/\/www.muralunique.com\/fr\/wp-json\/wp\/v2\/product_tag?post=6760"}],"curies":[{"name":"wp","href":"https:\/\/api.w.org\/{rel}","templated":true}]}}