{"id":6784,"date":"2014-04-25T17:36:31","date_gmt":"2014-04-25T17:36:31","guid":{"rendered":"https:\/\/muralunique.com\/?post_type=product&#038;p=6784"},"modified":"2021-08-12T16:04:19","modified_gmt":"2021-08-12T20:04:19","slug":"planches-de-ciment","status":"publish","type":"product","link":"https:\/\/www.muralunique.com\/fr\/produit\/planches-de-ciment\/","title":{"rendered":"Planches de Ciment"},"content":{"rendered":"<p>-Photo murale en papier peint\u00a0d&#8217;un mur de planches de ciment.\u00a0La qualit\u00e9 (r\u00e9solution) de cette image est exceptionnelle\u00a0(450 M\u00e9gaPixels).<\/p>\n<p>-La murale comprend des laizes de 18&#8243; (45cm) de largeur. Par exemple, une murale de 6&#8242; (1,83m) de largeur a 4 laizes et une murale de 12&#8242; (3,66m) de largeur a 8 laizes.<\/p>\n<p>-Murale en papier\u00a0peint pr\u00e9encoll\u00e9e, lavable, s&#8217;enl\u00e8ve \u00e0 sec et r\u00e9utilisable. Facile \u00e0 installer, se pose comme du papier\u00a0peint (tapisserie).<\/p>\n<p>-Photographie de Donn Petelka. Vous pouvez obtenir plus d&#8217;informations \u00e0 cette adresse:\u00a0<u><a style=\"color: #1155cc; font-family: verdana, sans-serif; font-size: large;\" href=\"mailto:donnpetelka@gmail.com\" target=\"_blank\" rel=\"noopener noreferrer\">donnpetelka@gmail.com<\/a><\/u>.<\/p>\n<p>-murale planches de ciment, papier peint planches de ciment, tapisserie planches de ciment, murale ciment, papier peint ciment<\/p>\n","protected":false},"excerpt":{"rendered":"<p>-Photo murale en papier peint\u00a0d&#8217;un mur de planches de ciment.\u00a0La qualit\u00e9 (r\u00e9solution) de cette image est exceptionnelle\u00a0(450 M\u00e9gaPixels). -La murale comprend des laizes de 18&#8243; (45cm) de largeur. Par exemple, une murale de 6&#8242; (1,83m) de largeur a 4 laizes et une murale de 12&#8242; (3,66m) de largeur a 8 laizes. -Murale en papier\u00a0peint pr\u00e9encoll\u00e9e, [&hellip;]<\/p>\n","protected":false},"featured_media":6785,"template":"","meta":{"_acf_changed":false},"product_brand":[197],"product_cat":[10434,367,169,401,427],"product_tag":[8919,8882,9515,9282,9283,9447,9448,9449],"class_list":{"0":"post-6784","1":"product","2":"type-product","3":"status-publish","4":"has-post-thumbnail","6":"artist-donn-petelka-fr","7":"product_brand-donn-petelka-2","8":"product_cat-images-panoramiques","9":"product_cat-murales-en-r-p-tition","10":"product_cat-textures-2","11":"product_cat-tous-nos-produits","12":"product_cat-ultra-haute-d-finition-photos","13":"product_tag-beton","14":"product_tag-ciment","15":"product_tag-mur","16":"product_tag-planche","17":"product_tag-planches","18":"product_tag-texture-fr","19":"product_tag-texture-fr-2","20":"product_tag-textures","22":"first","23":"instock","24":"taxable","25":"shipping-taxable","26":"purchasable","27":"product-type-variable","28":"has-default-attributes"},"acf":[],"_links":{"self":[{"href":"https:\/\/www.muralunique.com\/fr\/wp-json\/wp\/v2\/product\/6784","targetHints":{"allow":["GET"]}}],"collection":[{"href":"https:\/\/www.muralunique.com\/fr\/wp-json\/wp\/v2\/product"}],"about":[{"href":"https:\/\/www.muralunique.com\/fr\/wp-json\/wp\/v2\/types\/product"}],"wp:featuredmedia":[{"embeddable":true,"href":"https:\/\/www.muralunique.com\/fr\/wp-json\/wp\/v2\/media\/6785"}],"wp:attachment":[{"href":"https:\/\/www.muralunique.com\/fr\/wp-json\/wp\/v2\/media?parent=6784"}],"wp:term":[{"taxonomy":"product_brand","embeddable":true,"href":"https:\/\/www.muralunique.com\/fr\/wp-json\/wp\/v2\/product_brand?post=6784"},{"taxonomy":"product_cat","embeddable":true,"href":"https:\/\/www.muralunique.com\/fr\/wp-json\/wp\/v2\/product_cat?post=6784"},{"taxonomy":"product_tag","embeddable":true,"href":"https:\/\/www.muralunique.com\/fr\/wp-json\/wp\/v2\/product_tag?post=6784"}],"curies":[{"name":"wp","href":"https:\/\/api.w.org\/{rel}","templated":true}]}}