{"id":6799,"date":"2014-04-28T10:57:21","date_gmt":"2014-04-28T10:57:21","guid":{"rendered":"https:\/\/muralunique.com\/?post_type=product&#038;p=6799"},"modified":"2021-08-12T16:04:20","modified_gmt":"2021-08-12T20:04:20","slug":"rose-fractale","status":"publish","type":"product","link":"https:\/\/www.muralunique.com\/fr\/produit\/rose-fractale\/","title":{"rendered":"Rose Fractale"},"content":{"rendered":"<p>-Murale en papier peint abstraite d&#8217;une rose fractale tr\u00e8s\u00a0originale.<\/p>\n<p>-La murale comprend des laizes de 18&#8243; (45cm) de largeur. Par exemple, une murale de 6&#8242; (1,83m) de largeur a 4 laizes et une murale de 12&#8242; (3,66m) de largeur a 8 laizes.<\/p>\n<p>-Murale en papier\u00a0peint pr\u00e9encoll\u00e9e, lavable, s&#8217;enl\u00e8ve \u00e0 sec et r\u00e9utilisable. Facile \u00e0 installer, se pose comme du papier\u00a0peint (tapisserie).<\/p>\n<p>-murale rose fractale, papier peint rose fractale, tapisserie rose fractale, murale art fractal, papier peint art fractal<\/p>\n<p>&nbsp;<\/p>\n","protected":false},"excerpt":{"rendered":"<p>-Murale en papier peint abstraite d&#8217;une rose fractale tr\u00e8s\u00a0originale. -La murale comprend des laizes de 18&#8243; (45cm) de largeur. Par exemple, une murale de 6&#8242; (1,83m) de largeur a 4 laizes et une murale de 12&#8242; (3,66m) de largeur a 8 laizes. -Murale en papier\u00a0peint pr\u00e9encoll\u00e9e, lavable, s&#8217;enl\u00e8ve \u00e0 sec et r\u00e9utilisable. Facile \u00e0 installer, [&hellip;]<\/p>\n","protected":false},"featured_media":6800,"template":"","meta":{"_acf_changed":false},"product_brand":[203],"product_cat":[125,401,163],"product_tag":[8751,10193,8899,8921,9025,9047,9049,9340,9483,9612,9485],"class_list":{"0":"post-6799","1":"product","2":"type-product","3":"status-publish","4":"has-post-thumbnail","6":"product_brand-muralunique-com","7":"product_cat-abstrait-et-geometrie","8":"product_cat-tous-nos-produits","9":"product_cat-trompe-loeil","10":"product_tag-abstrait","11":"product_tag-cercle","12":"product_tag-cercles","13":"product_tag-contemporain","14":"product_tag-fractal-fr","15":"product_tag-geometrie","16":"product_tag-geometrique","17":"product_tag-rose","18":"product_tag-trompe-l-oeil","19":"product_tag-trompe-loeil-fr","20":"product_tag-trompe-oeil-fr","22":"first","23":"instock","24":"taxable","25":"shipping-taxable","26":"purchasable","27":"product-type-variable","28":"has-default-attributes"},"acf":[],"_links":{"self":[{"href":"https:\/\/www.muralunique.com\/fr\/wp-json\/wp\/v2\/product\/6799","targetHints":{"allow":["GET"]}}],"collection":[{"href":"https:\/\/www.muralunique.com\/fr\/wp-json\/wp\/v2\/product"}],"about":[{"href":"https:\/\/www.muralunique.com\/fr\/wp-json\/wp\/v2\/types\/product"}],"wp:featuredmedia":[{"embeddable":true,"href":"https:\/\/www.muralunique.com\/fr\/wp-json\/wp\/v2\/media\/6800"}],"wp:attachment":[{"href":"https:\/\/www.muralunique.com\/fr\/wp-json\/wp\/v2\/media?parent=6799"}],"wp:term":[{"taxonomy":"product_brand","embeddable":true,"href":"https:\/\/www.muralunique.com\/fr\/wp-json\/wp\/v2\/product_brand?post=6799"},{"taxonomy":"product_cat","embeddable":true,"href":"https:\/\/www.muralunique.com\/fr\/wp-json\/wp\/v2\/product_cat?post=6799"},{"taxonomy":"product_tag","embeddable":true,"href":"https:\/\/www.muralunique.com\/fr\/wp-json\/wp\/v2\/product_tag?post=6799"}],"curies":[{"name":"wp","href":"https:\/\/api.w.org\/{rel}","templated":true}]}}