{"id":68140,"date":"2022-09-06T16:49:13","date_gmt":"2022-09-06T20:49:13","guid":{"rendered":"https:\/\/www.muralunique.com\/?post_type=product&#038;p=68140"},"modified":"2022-09-06T17:06:06","modified_gmt":"2022-09-06T21:06:06","slug":"feuillages-tropicaux-sur-un-mur-blanc","status":"publish","type":"product","link":"https:\/\/www.muralunique.com\/fr\/produit\/feuillages-tropicaux-sur-un-mur-blanc\/","title":{"rendered":"Feuillages Tropicaux sur un Mur Blanc"},"content":{"rendered":"<p>-Murale en papier peint de feuillages tropicaux sur un mur blanc. Cr\u00e9ez un d\u00e9cor \u00e9poustouflant avec cette superbe murale de feuillages tropicaux.<\/p>\n<p>-La murale comprend des laizes de 18\u2033 (45cm) de largeur. Par exemple, une murale de 6\u2032 (1,83m) de largeur a 4 laizes et une murale de 12\u2032 (3,66m) de largeur a 8 laizes.<\/p>\n<p>-Murale en papier\u00a0peint pr\u00e9encoll\u00e9e, lavable, s\u2019enl\u00e8ve \u00e0 sec et r\u00e9utilisable. Facile \u00e0 installer, se pose comme du papier\u00a0peint (tapisserie).<\/p>\n<p>-murale feuillages tropicaux, papier peint feuillages tropicaux, tapisserie feuillages tropicaux, murale en papier peint feuillages tropicaux, murale feuilles tropicales, papier peint feuilles tropicales<\/p>\n","protected":false},"excerpt":{"rendered":"<p>-Murale en papier peint de feuillages tropicaux sur un mur blanc. Cr\u00e9ez un d\u00e9cor \u00e9poustouflant avec cette superbe murale de feuillages tropicaux. -La murale comprend des laizes de 18\u2033 (45cm) de largeur. Par exemple, une murale de 6\u2032 (1,83m) de largeur a 4 laizes et une murale de 12\u2032 (3,66m) de largeur a 8 laizes. [&hellip;]<\/p>\n","protected":false},"featured_media":68139,"template":"","meta":{"_acf_changed":false},"product_brand":[],"product_cat":[150,401],"product_tag":[8970,9014,9144,9515,9486],"class_list":{"0":"post-68140","1":"product","2":"type-product","3":"status-publish","4":"has-post-thumbnail","6":"product_cat-fleurs-et-feuillages","7":"product_cat-tous-nos-produits","8":"product_tag-exotique","9":"product_tag-feuillage","10":"product_tag-feuilles","11":"product_tag-mur","12":"product_tag-tropical-fr","14":"first","15":"instock","16":"taxable","17":"shipping-taxable","18":"purchasable","19":"product-type-variable","20":"has-default-attributes"},"acf":[],"_links":{"self":[{"href":"https:\/\/www.muralunique.com\/fr\/wp-json\/wp\/v2\/product\/68140","targetHints":{"allow":["GET"]}}],"collection":[{"href":"https:\/\/www.muralunique.com\/fr\/wp-json\/wp\/v2\/product"}],"about":[{"href":"https:\/\/www.muralunique.com\/fr\/wp-json\/wp\/v2\/types\/product"}],"wp:featuredmedia":[{"embeddable":true,"href":"https:\/\/www.muralunique.com\/fr\/wp-json\/wp\/v2\/media\/68139"}],"wp:attachment":[{"href":"https:\/\/www.muralunique.com\/fr\/wp-json\/wp\/v2\/media?parent=68140"}],"wp:term":[{"taxonomy":"product_brand","embeddable":true,"href":"https:\/\/www.muralunique.com\/fr\/wp-json\/wp\/v2\/product_brand?post=68140"},{"taxonomy":"product_cat","embeddable":true,"href":"https:\/\/www.muralunique.com\/fr\/wp-json\/wp\/v2\/product_cat?post=68140"},{"taxonomy":"product_tag","embeddable":true,"href":"https:\/\/www.muralunique.com\/fr\/wp-json\/wp\/v2\/product_tag?post=68140"}],"curies":[{"name":"wp","href":"https:\/\/api.w.org\/{rel}","templated":true}]}}