{"id":68228,"date":"2022-09-08T18:27:50","date_gmt":"2022-09-08T22:27:50","guid":{"rendered":"https:\/\/www.muralunique.com\/?post_type=product&#038;p=68228"},"modified":"2022-09-08T18:50:29","modified_gmt":"2022-09-08T22:50:29","slug":"galleria-sciarra-a-rome","status":"publish","type":"product","link":"https:\/\/www.muralunique.com\/fr\/produit\/galleria-sciarra-a-rome\/","title":{"rendered":"Galleria Sciarra \u00e0 Rome"},"content":{"rendered":"<p>-Murale en papier peint de la splendide Galleria Sciarra \u00e0 Rome, Italie. La cour opulente a \u00e9t\u00e9 construite \u00e0 la fin du XIXe si\u00e8cle pour la riche et influente famille Sciarra. Ses magnifiques fresques et ses couleurs \u00e9clatantes sont un r\u00e9gal pour les yeux.<\/p>\n<p>-La murale comprend des laizes de 18\u2033 (45cm) de largeur. Par exemple, une murale de 6\u2032 (1,83m) de largeur a 4 laizes et une murale de 12\u2032 (3,66m) de largeur a 8 laizes.<\/p>\n<p>-Murale en papier\u00a0peint pr\u00e9encoll\u00e9e, lavable, s\u2019enl\u00e8ve \u00e0 sec et r\u00e9utilisable. Facile \u00e0 installer, se pose comme du papier\u00a0peint (tapisserie).<\/p>\n<p>-murale Galleria Sciarra \u00e0 Rome, murale en papier peint Galleria Sciarra \u00e0 Rome, tapisserie murale Galleria Sciarra \u00e0 Rome, papier peint Galleria Sciarra \u00e0 Rome, murale trompe l&#8217;oeil<\/p>\n","protected":false},"excerpt":{"rendered":"<p>-Murale en papier peint de la splendide Galleria Sciarra \u00e0 Rome, Italie. La cour opulente a \u00e9t\u00e9 construite \u00e0 la fin du XIXe si\u00e8cle pour la riche et influente famille Sciarra. Ses magnifiques fresques et ses couleurs \u00e9clatantes sont un r\u00e9gal pour les yeux. -La murale comprend des laizes de 18\u2033 (45cm) de largeur. Par [&hellip;]<\/p>\n","protected":false},"featured_media":68227,"template":"","meta":{"_acf_changed":false},"product_brand":[],"product_cat":[128,401,163],"product_tag":[9959,9960,9961,9917,9115,9536,9537,9338,9958,9483,9612,9485],"class_list":{"0":"post-68228","1":"product","2":"type-product","3":"status-publish","4":"has-post-thumbnail","6":"artist-artistes-varies","7":"product_cat-merveilles-du-monde","8":"product_cat-tous-nos-produits","9":"product_cat-trompe-loeil","10":"product_tag-cour","11":"product_tag-fresque","12":"product_tag-fresques","13":"product_tag-galerie","14":"product_tag-italie","15":"product_tag-merveilles","16":"product_tag-merveilles-du-monde","17":"product_tag-rome-fr","18":"product_tag-sciarra-fr","19":"product_tag-trompe-l-oeil","20":"product_tag-trompe-loeil-fr","21":"product_tag-trompe-oeil-fr","23":"first","24":"instock","25":"taxable","26":"shipping-taxable","27":"purchasable","28":"product-type-variable","29":"has-default-attributes"},"acf":[],"_links":{"self":[{"href":"https:\/\/www.muralunique.com\/fr\/wp-json\/wp\/v2\/product\/68228","targetHints":{"allow":["GET"]}}],"collection":[{"href":"https:\/\/www.muralunique.com\/fr\/wp-json\/wp\/v2\/product"}],"about":[{"href":"https:\/\/www.muralunique.com\/fr\/wp-json\/wp\/v2\/types\/product"}],"wp:featuredmedia":[{"embeddable":true,"href":"https:\/\/www.muralunique.com\/fr\/wp-json\/wp\/v2\/media\/68227"}],"wp:attachment":[{"href":"https:\/\/www.muralunique.com\/fr\/wp-json\/wp\/v2\/media?parent=68228"}],"wp:term":[{"taxonomy":"product_brand","embeddable":true,"href":"https:\/\/www.muralunique.com\/fr\/wp-json\/wp\/v2\/product_brand?post=68228"},{"taxonomy":"product_cat","embeddable":true,"href":"https:\/\/www.muralunique.com\/fr\/wp-json\/wp\/v2\/product_cat?post=68228"},{"taxonomy":"product_tag","embeddable":true,"href":"https:\/\/www.muralunique.com\/fr\/wp-json\/wp\/v2\/product_tag?post=68228"}],"curies":[{"name":"wp","href":"https:\/\/api.w.org\/{rel}","templated":true}]}}