{"id":6854,"date":"2014-05-19T10:03:09","date_gmt":"2014-05-19T10:03:09","guid":{"rendered":"https:\/\/muralunique.com\/?post_type=product&#038;p=6854"},"modified":"2021-08-12T16:04:23","modified_gmt":"2021-08-12T20:04:23","slug":"mur-de-planches-de-bois-roses","status":"publish","type":"product","link":"https:\/\/www.muralunique.com\/fr\/produit\/mur-de-planches-de-bois-roses\/","title":{"rendered":"Mur de Planches de Bois Roses"},"content":{"rendered":"<p>-Photo murale originale d&#8217;un mur de planches de bois roses et mauves. \u00c9galement une tr\u00e8s bonne id\u00e9e pour une salle de jeu ou une chambre de petite fille.<\/p>\n<p>-La murale comprend des laizes de 18\u2033 (45cm) de largeur. Par exemple, une murale de 6\u2032 (1,83m) de largeur a 4 laizes et une murale de 12\u2032 (3,66m) de largeur a 8 laizes.<\/p>\n<p>-Murale en papier\u00a0peint pr\u00e9encoll\u00e9e, lavable, s\u2019enl\u00e8ve \u00e0 sec et r\u00e9utilisable. Facile \u00e0 installer, se pose comme du papier\u00a0peint (tapisserie).<\/p>\n<p>-murale en papier peint roses, murale de planches de bois roses, murale pour filles, murale bois rose, tapisserie rose filles, papier peint rose filles<\/p>\n","protected":false},"excerpt":{"rendered":"<p>-Photo murale originale d&#8217;un mur de planches de bois roses et mauves. \u00c9galement une tr\u00e8s bonne id\u00e9e pour une salle de jeu ou une chambre de petite fille. -La murale comprend des laizes de 18\u2033 (45cm) de largeur. Par exemple, une murale de 6\u2032 (1,83m) de largeur a 4 laizes et une murale de 12\u2032 [&hellip;]<\/p>\n","protected":false},"featured_media":6855,"template":"","meta":{"_acf_changed":false},"product_brand":[203],"product_cat":[173,367,169,401],"product_tag":[9538,8894,8895,9125,9282,9283,9447,9448,9449],"class_list":{"0":"post-6854","1":"product","2":"type-product","3":"status-publish","4":"has-post-thumbnail","6":"product_brand-muralunique-com","7":"product_cat-enfants","8":"product_cat-murales-en-r-p-tition","9":"product_cat-textures-2","10":"product_cat-tous-nos-produits","11":"product_tag-bois","12":"product_tag-enfant","13":"product_tag-enfants","14":"product_tag-gamins","15":"product_tag-planche","16":"product_tag-planches","17":"product_tag-texture-fr","18":"product_tag-texture-fr-2","19":"product_tag-textures","21":"first","22":"instock","23":"taxable","24":"shipping-taxable","25":"purchasable","26":"product-type-variable","27":"has-default-attributes"},"acf":[],"_links":{"self":[{"href":"https:\/\/www.muralunique.com\/fr\/wp-json\/wp\/v2\/product\/6854","targetHints":{"allow":["GET"]}}],"collection":[{"href":"https:\/\/www.muralunique.com\/fr\/wp-json\/wp\/v2\/product"}],"about":[{"href":"https:\/\/www.muralunique.com\/fr\/wp-json\/wp\/v2\/types\/product"}],"wp:featuredmedia":[{"embeddable":true,"href":"https:\/\/www.muralunique.com\/fr\/wp-json\/wp\/v2\/media\/6855"}],"wp:attachment":[{"href":"https:\/\/www.muralunique.com\/fr\/wp-json\/wp\/v2\/media?parent=6854"}],"wp:term":[{"taxonomy":"product_brand","embeddable":true,"href":"https:\/\/www.muralunique.com\/fr\/wp-json\/wp\/v2\/product_brand?post=6854"},{"taxonomy":"product_cat","embeddable":true,"href":"https:\/\/www.muralunique.com\/fr\/wp-json\/wp\/v2\/product_cat?post=6854"},{"taxonomy":"product_tag","embeddable":true,"href":"https:\/\/www.muralunique.com\/fr\/wp-json\/wp\/v2\/product_tag?post=6854"}],"curies":[{"name":"wp","href":"https:\/\/api.w.org\/{rel}","templated":true}]}}