{"id":68541,"date":"2022-09-15T15:33:29","date_gmt":"2022-09-15T19:33:29","guid":{"rendered":"https:\/\/www.muralunique.com\/?post_type=product&#038;p=68541"},"modified":"2022-09-15T15:47:08","modified_gmt":"2022-09-15T19:47:08","slug":"librairie-a-berlin","status":"publish","type":"product","link":"https:\/\/www.muralunique.com\/fr\/produit\/librairie-a-berlin\/","title":{"rendered":"Librairie \u00e0 Berlin"},"content":{"rendered":"<p>-Tapisserie murale trompe l&#8217;oeil de l&#8217;int\u00e9rieur d&#8217;une librairie spectaculaire \u00e0 Berlin en Allemagne. Une murale id\u00e9ale pour cr\u00e9er un mur d&#8217;accent dans un bureau \u00e0 domicile, dans un magasin ou dans un commerce.<\/p>\n<p>-La murale comprend des laizes de 18\u2033 (45cm) de largeur. Par exemple, une murale de 6\u2032 (1,83m) de largeur a 4 laizes et une murale de 12\u2032 (3,66m) de largeur a 8 laizes.<\/p>\n<p>-Murale en papier\u00a0peint pr\u00e9encoll\u00e9e, lavable, s\u2019enl\u00e8ve \u00e0 sec et r\u00e9utilisable. Facile \u00e0 installer, se pose comme du papier\u00a0peint (tapisserie).<\/p>\n<p>-tapisserie murale librairie, tapisserie librairie, papier peint librairie, murale en papier peint librairie, murale trompe l&#8217;oeil, murale en papier peint trompe l&#8217;oeil, tapisserie murale trompe l&#8217;oeil<\/p>\n","protected":false},"excerpt":{"rendered":"<p>-Tapisserie murale trompe l&#8217;oeil de l&#8217;int\u00e9rieur d&#8217;une librairie spectaculaire \u00e0 Berlin en Allemagne. Une murale id\u00e9ale pour cr\u00e9er un mur d&#8217;accent dans un bureau \u00e0 domicile, dans un magasin ou dans un commerce. -La murale comprend des laizes de 18\u2033 (45cm) de largeur. Par exemple, une murale de 6\u2032 (1,83m) de largeur a 4 laizes [&hellip;]<\/p>\n","protected":false},"featured_media":68539,"template":"","meta":{"_acf_changed":false},"product_brand":[],"product_cat":[401,163],"product_tag":[9658,8780,9963,8835,10110,10111,8691,9149,8834,8836,9483,9612,9485],"class_list":{"0":"post-68541","1":"product","2":"type-product","3":"status-publish","4":"has-post-thumbnail","6":"artist-artistes-varies","7":"product_cat-tous-nos-produits","8":"product_cat-trompe-loeil","9":"product_tag-allemagne","10":"product_tag-architecture-fr","11":"product_tag-berlin-fr","12":"product_tag-bibliotheque","13":"product_tag-etagere","14":"product_tag-etageres-fr","15":"product_tag-europe-fr","16":"product_tag-librairie","17":"product_tag-livre","18":"product_tag-livres","19":"product_tag-trompe-l-oeil","20":"product_tag-trompe-loeil-fr","21":"product_tag-trompe-oeil-fr","23":"first","24":"instock","25":"taxable","26":"shipping-taxable","27":"purchasable","28":"product-type-variable","29":"has-default-attributes"},"acf":[],"_links":{"self":[{"href":"https:\/\/www.muralunique.com\/fr\/wp-json\/wp\/v2\/product\/68541","targetHints":{"allow":["GET"]}}],"collection":[{"href":"https:\/\/www.muralunique.com\/fr\/wp-json\/wp\/v2\/product"}],"about":[{"href":"https:\/\/www.muralunique.com\/fr\/wp-json\/wp\/v2\/types\/product"}],"wp:featuredmedia":[{"embeddable":true,"href":"https:\/\/www.muralunique.com\/fr\/wp-json\/wp\/v2\/media\/68539"}],"wp:attachment":[{"href":"https:\/\/www.muralunique.com\/fr\/wp-json\/wp\/v2\/media?parent=68541"}],"wp:term":[{"taxonomy":"product_brand","embeddable":true,"href":"https:\/\/www.muralunique.com\/fr\/wp-json\/wp\/v2\/product_brand?post=68541"},{"taxonomy":"product_cat","embeddable":true,"href":"https:\/\/www.muralunique.com\/fr\/wp-json\/wp\/v2\/product_cat?post=68541"},{"taxonomy":"product_tag","embeddable":true,"href":"https:\/\/www.muralunique.com\/fr\/wp-json\/wp\/v2\/product_tag?post=68541"}],"curies":[{"name":"wp","href":"https:\/\/api.w.org\/{rel}","templated":true}]}}