{"id":6880,"date":"2014-05-25T11:31:47","date_gmt":"2014-05-25T11:31:47","guid":{"rendered":"https:\/\/muralunique.com\/?post_type=product&#038;p=6880"},"modified":"2021-08-12T16:04:24","modified_gmt":"2021-08-12T20:04:24","slug":"formation-de-roc-du-bouclier-canadien","status":"publish","type":"product","link":"https:\/\/www.muralunique.com\/fr\/produit\/formation-de-roc-du-bouclier-canadien\/","title":{"rendered":"Formation de Roc du Bouclier Canadien"},"content":{"rendered":"<p>-Photo murale d&#8217;une formation de roc du Bouclier Canadien. Ajoutez de la texture et du relief \u00e0 vos murs avec cette magnifique murale de texture de roc. R\u00e9sultat \u00e9poustouflant assur\u00e9!<\/p>\n<p>-La qualit\u00e9 (r\u00e9solution) de cette image est exceptionnelle (450 M\u00e9gaPixels).<\/p>\n<p>-La murale comprend des laizes de 18&#8243; (45cm) de largeur. Par exemple, une murale de 6&#8242; (1,83m) de largeur a 4 laizes et une murale de 12&#8242; (3,66m) de largeur a 8 laizes.<\/p>\n<p>-Murale en papier\u00a0peint pr\u00e9encoll\u00e9e, lavable, s&#8217;enl\u00e8ve \u00e0 sec et r\u00e9utilisable. Facile \u00e0 installer, se pose comme du papier\u00a0peint (tapisserie).<\/p>\n<p>-Photographie de Donn Petelka. Vous pouvez obtenir plus d&#8217;informations \u00e0 cette adresse:\u00a0<a href=\"mailto:donnpetelka@gmail.com\" target=\"_blank\" rel=\"noopener noreferrer\">donnpetelka@gmail.com<\/a>.<\/p>\n<p>-murale roc bouclier canadien, murale texture roc, murale texture roche, papier peint texture de roc, papier peint texture roche<\/p>\n","protected":false},"excerpt":{"rendered":"<p>-Photo murale d&#8217;une formation de roc du Bouclier Canadien. Ajoutez de la texture et du relief \u00e0 vos murs avec cette magnifique murale de texture de roc. R\u00e9sultat \u00e9poustouflant assur\u00e9! -La qualit\u00e9 (r\u00e9solution) de cette image est exceptionnelle (450 M\u00e9gaPixels). -La murale comprend des laizes de 18&#8243; (45cm) de largeur. Par exemple, une murale de [&hellip;]<\/p>\n","protected":false},"featured_media":6881,"template":"","meta":{"_acf_changed":false},"product_brand":[197],"product_cat":[169,401,163,427],"product_tag":[8921,9515,9418,9416,9332,9333,9448,9447,9449,9483,9612,9485,8975],"class_list":{"0":"post-6880","1":"product","2":"type-product","3":"status-publish","4":"has-post-thumbnail","6":"artist-donn-petelka-fr","7":"product_brand-donn-petelka-2","8":"product_cat-textures-2","9":"product_cat-tous-nos-produits","10":"product_cat-trompe-loeil","11":"product_cat-ultra-haute-d-finition-photos","12":"product_tag-contemporain","13":"product_tag-mur","14":"product_tag-mur-de-pierres","15":"product_tag-pierre","16":"product_tag-roc-fr","17":"product_tag-rocher-fr","18":"product_tag-texture-fr-2","19":"product_tag-texture-fr","20":"product_tag-textures","21":"product_tag-trompe-l-oeil","22":"product_tag-trompe-loeil-fr","23":"product_tag-trompe-oeil-fr","24":"product_tag-visage","26":"first","27":"instock","28":"taxable","29":"shipping-taxable","30":"purchasable","31":"product-type-variable","32":"has-default-attributes"},"acf":[],"_links":{"self":[{"href":"https:\/\/www.muralunique.com\/fr\/wp-json\/wp\/v2\/product\/6880","targetHints":{"allow":["GET"]}}],"collection":[{"href":"https:\/\/www.muralunique.com\/fr\/wp-json\/wp\/v2\/product"}],"about":[{"href":"https:\/\/www.muralunique.com\/fr\/wp-json\/wp\/v2\/types\/product"}],"wp:featuredmedia":[{"embeddable":true,"href":"https:\/\/www.muralunique.com\/fr\/wp-json\/wp\/v2\/media\/6881"}],"wp:attachment":[{"href":"https:\/\/www.muralunique.com\/fr\/wp-json\/wp\/v2\/media?parent=6880"}],"wp:term":[{"taxonomy":"product_brand","embeddable":true,"href":"https:\/\/www.muralunique.com\/fr\/wp-json\/wp\/v2\/product_brand?post=6880"},{"taxonomy":"product_cat","embeddable":true,"href":"https:\/\/www.muralunique.com\/fr\/wp-json\/wp\/v2\/product_cat?post=6880"},{"taxonomy":"product_tag","embeddable":true,"href":"https:\/\/www.muralunique.com\/fr\/wp-json\/wp\/v2\/product_tag?post=6880"}],"curies":[{"name":"wp","href":"https:\/\/api.w.org\/{rel}","templated":true}]}}