{"id":68980,"date":"2022-09-27T13:41:26","date_gmt":"2022-09-27T17:41:26","guid":{"rendered":"https:\/\/www.muralunique.com\/?post_type=product&#038;p=68980"},"modified":"2022-09-27T13:56:03","modified_gmt":"2022-09-27T17:56:03","slug":"jungle-tropicale-avec-texture-en-couleur-sepia","status":"publish","type":"product","link":"https:\/\/www.muralunique.com\/fr\/produit\/jungle-tropicale-avec-texture-en-couleur-sepia\/","title":{"rendered":"Jungle Tropicale avec Texture en Couleur S\u00e9pia"},"content":{"rendered":"<p>-Murale en couleur s\u00e9pia d&#8217;un magnifique paysage tropical avec diff\u00e9rents arbres, plantes et feuillages. Cr\u00e9ez un look tropical audacieux et ravivez votre int\u00e9rieur avec cette slpendide murale.<\/p>\n<p>-La murale comprend des laizes de 18\u2033 (45cm) de largeur. Par exemple, une murale de 6\u2032 (1,83m) de largeur a 4 laizes et une murale de 12\u2032 (3,66m) de largeur a 8 laizes.<\/p>\n<p>-Murale en papier\u00a0peint pr\u00e9encoll\u00e9e, lavable, s\u2019enl\u00e8ve \u00e0 sec et r\u00e9utilisable. Facile \u00e0 installer, se pose comme du papier\u00a0peint (tapisserie).<\/p>\n<p>-murale jungle tropicale s\u00e9pia, tapisserie jungle tropicale s\u00e9pia, tapisserie murale jungle tropicale s\u00e9pia, papier peint jungle tropicale s\u00e9pia, murale en papier peint jungle tropicale s\u00e9pia<\/p>\n","protected":false},"excerpt":{"rendered":"<p>-Murale en couleur s\u00e9pia d&#8217;un magnifique paysage tropical avec diff\u00e9rents arbres, plantes et feuillages. Cr\u00e9ez un look tropical audacieux et ravivez votre int\u00e9rieur avec cette slpendide murale. -La murale comprend des laizes de 18\u2033 (45cm) de largeur. Par exemple, une murale de 6\u2032 (1,83m) de largeur a 4 laizes et une murale de 12\u2032 (3,66m) [&hellip;]<\/p>\n","protected":false},"featured_media":68992,"template":"","meta":{"_acf_changed":false},"product_brand":[],"product_cat":[150,141,401],"product_tag":[9478,8970,9014,9567,9122,9219,9702,9242,9137,9486],"class_list":{"0":"post-68980","1":"product","2":"type-product","3":"status-publish","4":"has-post-thumbnail","6":"product_cat-fleurs-et-feuillages","7":"product_cat-nature-et-paysages","8":"product_cat-tous-nos-produits","9":"product_tag-arbres","10":"product_tag-exotique","11":"product_tag-feuillage","12":"product_tag-feuilles-de-palmier","13":"product_tag-jungle-fr","14":"product_tag-nature-fr","15":"product_tag-palmier","16":"product_tag-palmiers","17":"product_tag-paysage","18":"product_tag-tropical-fr","20":"first","21":"instock","22":"taxable","23":"shipping-taxable","24":"purchasable","25":"product-type-variable","26":"has-default-attributes"},"acf":[],"_links":{"self":[{"href":"https:\/\/www.muralunique.com\/fr\/wp-json\/wp\/v2\/product\/68980","targetHints":{"allow":["GET"]}}],"collection":[{"href":"https:\/\/www.muralunique.com\/fr\/wp-json\/wp\/v2\/product"}],"about":[{"href":"https:\/\/www.muralunique.com\/fr\/wp-json\/wp\/v2\/types\/product"}],"wp:featuredmedia":[{"embeddable":true,"href":"https:\/\/www.muralunique.com\/fr\/wp-json\/wp\/v2\/media\/68992"}],"wp:attachment":[{"href":"https:\/\/www.muralunique.com\/fr\/wp-json\/wp\/v2\/media?parent=68980"}],"wp:term":[{"taxonomy":"product_brand","embeddable":true,"href":"https:\/\/www.muralunique.com\/fr\/wp-json\/wp\/v2\/product_brand?post=68980"},{"taxonomy":"product_cat","embeddable":true,"href":"https:\/\/www.muralunique.com\/fr\/wp-json\/wp\/v2\/product_cat?post=68980"},{"taxonomy":"product_tag","embeddable":true,"href":"https:\/\/www.muralunique.com\/fr\/wp-json\/wp\/v2\/product_tag?post=68980"}],"curies":[{"name":"wp","href":"https:\/\/api.w.org\/{rel}","templated":true}]}}