{"id":69165,"date":"2022-09-30T14:16:12","date_gmt":"2022-09-30T18:16:12","guid":{"rendered":"https:\/\/www.muralunique.com\/?post_type=product&#038;p=69165"},"modified":"2025-09-30T16:18:58","modified_gmt":"2025-09-30T20:18:58","slug":"ma-petite-jungle-noir-et-blanc","status":"publish","type":"product","link":"https:\/\/www.muralunique.com\/fr\/produit\/ma-petite-jungle-noir-et-blanc\/","title":{"rendered":"Ma Petite Jungle (Noir et Blanc)"},"content":{"rendered":"<p>-Tapisserie murale d&#8217;une petite jungle en noir et blanc. Un joli paysage tropical avec des feuillages, des palmiers, deux girafes, z\u00e8bre, singe et oiseaux tropicaux. Une murale int\u00e9ressante pour une chambre d&#8217;enfant ou une salle de jeu.<\/p>\n<p>-La murale comprend des laizes de 18\u2033 (45cm) de largeur. Par exemple, une murale de 6\u2032 (1,83m) de largeur a 4 laizes et une murale de 12\u2032 (3,66m) de largeur a 8 laizes.<\/p>\n<p>-Murale en papier\u00a0peint pr\u00e9encoll\u00e9e, lavable, s\u2019enl\u00e8ve \u00e0 sec et r\u00e9utilisable. Facile \u00e0 installer, se pose comme du papier\u00a0peint (tapisserie).<\/p>\n<p>-murale jungle pour enfants en noir et blanc, tapisserie murale jungle pour enfants en noir et blanc, papier peint jungle pour enfants en noir et blanc, murale en papier peint jungle pour enfants en noir et blanc<\/p>\n","protected":false},"excerpt":{"rendered":"<p>-Tapisserie murale d&#8217;une petite jungle en noir et blanc. Un joli paysage tropical avec des feuillages, des palmiers, deux girafes, z\u00e8bre, singe et oiseaux tropicaux. Une murale int\u00e9ressante pour une chambre d&#8217;enfant ou une salle de jeu. -La murale comprend des laizes de 18\u2033 (45cm) de largeur. Par exemple, une murale de 6\u2032 (1,83m) de [&hellip;]<\/p>\n","protected":false},"featured_media":69175,"template":"","meta":{"_acf_changed":false},"product_brand":[],"product_cat":[134,173,401],"product_tag":[8768,8769,8894,8895,8970,9014,9567,9125,9050,9051,9122,8823,8824,9702,9242,9969,9191,9486,9550,9551],"class_list":{"0":"post-69165","1":"product","2":"type-product","3":"status-publish","4":"has-post-thumbnail","6":"product_cat-animaux","7":"product_cat-enfants","8":"product_cat-tous-nos-produits","9":"product_tag-animal","10":"product_tag-animaux","11":"product_tag-enfant","12":"product_tag-enfants","13":"product_tag-exotique","14":"product_tag-feuillage","15":"product_tag-feuilles-de-palmier","16":"product_tag-gamins","17":"product_tag-girafe","18":"product_tag-girafes","19":"product_tag-jungle-fr","20":"product_tag-oiseau","21":"product_tag-oiseaux","22":"product_tag-palmier","23":"product_tag-palmiers","24":"product_tag-singe","25":"product_tag-singes","26":"product_tag-tropical-fr","27":"product_tag-zebre","28":"product_tag-zebres","30":"first","31":"instock","32":"taxable","33":"shipping-taxable","34":"purchasable","35":"product-type-variable","36":"has-default-attributes"},"acf":[],"_links":{"self":[{"href":"https:\/\/www.muralunique.com\/fr\/wp-json\/wp\/v2\/product\/69165","targetHints":{"allow":["GET"]}}],"collection":[{"href":"https:\/\/www.muralunique.com\/fr\/wp-json\/wp\/v2\/product"}],"about":[{"href":"https:\/\/www.muralunique.com\/fr\/wp-json\/wp\/v2\/types\/product"}],"wp:featuredmedia":[{"embeddable":true,"href":"https:\/\/www.muralunique.com\/fr\/wp-json\/wp\/v2\/media\/69175"}],"wp:attachment":[{"href":"https:\/\/www.muralunique.com\/fr\/wp-json\/wp\/v2\/media?parent=69165"}],"wp:term":[{"taxonomy":"product_brand","embeddable":true,"href":"https:\/\/www.muralunique.com\/fr\/wp-json\/wp\/v2\/product_brand?post=69165"},{"taxonomy":"product_cat","embeddable":true,"href":"https:\/\/www.muralunique.com\/fr\/wp-json\/wp\/v2\/product_cat?post=69165"},{"taxonomy":"product_tag","embeddable":true,"href":"https:\/\/www.muralunique.com\/fr\/wp-json\/wp\/v2\/product_tag?post=69165"}],"curies":[{"name":"wp","href":"https:\/\/api.w.org\/{rel}","templated":true}]}}