{"id":69254,"date":"2022-10-03T18:26:56","date_gmt":"2022-10-03T22:26:56","guid":{"rendered":"https:\/\/www.muralunique.com\/?post_type=product&#038;p=69254"},"modified":"2022-10-03T18:54:27","modified_gmt":"2022-10-03T22:54:27","slug":"faisceau-lumineux","status":"publish","type":"product","link":"https:\/\/www.muralunique.com\/fr\/produit\/faisceau-lumineux\/","title":{"rendered":"Faisceau Lumineux"},"content":{"rendered":"<p>-Murale en papier peint d&#8217;un faisceau lumineux dans un canyon. Une murale avec des beaux effets de lumi\u00e8re et de profondeur, une bonne option pour habiller un petit mur.<\/p>\n<p>-La murale comprend des laizes de 18\u2033 (45cm) de largeur. Par exemple, une murale de 6\u2032 (1,83m) de largeur a 4 laizes et une murale de 12\u2032 (3,66m) de largeur a 8 laizes.<\/p>\n<p>-Murale en papier\u00a0peint pr\u00e9encoll\u00e9e, lavable, s\u2019enl\u00e8ve \u00e0 sec et r\u00e9utilisable. Facile \u00e0 installer, se pose comme du papier\u00a0peint (tapisserie).<\/p>\n<p>-murale canyon, tapisserie murale canyon, murale en papier peint canyon, murale faisceau lumineux, tapisserie murale faisceau lumineux, murale en papier peint faisceau lumineux<\/p>\n","protected":false},"excerpt":{"rendered":"<p>-Murale en papier peint d&#8217;un faisceau lumineux dans un canyon. Une murale avec des beaux effets de lumi\u00e8re et de profondeur, une bonne option pour habiller un petit mur. -La murale comprend des laizes de 18\u2033 (45cm) de largeur. Par exemple, une murale de 6\u2032 (1,83m) de largeur a 4 laizes et une murale de [&hellip;]<\/p>\n","protected":false},"featured_media":69253,"template":"","meta":{"_acf_changed":false},"product_brand":[],"product_cat":[128,141,401,163],"product_tag":[8871,9973,9974,9151,9315,9429,9767,9770,9333],"class_list":{"0":"post-69254","1":"product","2":"type-product","3":"status-publish","4":"has-post-thumbnail","6":"artist-artistes-varies","7":"product_cat-merveilles-du-monde","8":"product_cat-nature-et-paysages","9":"product_cat-tous-nos-produits","10":"product_cat-trompe-loeil","11":"product_tag-canyon-fr","12":"product_tag-faisceau","13":"product_tag-faisceaux","14":"product_tag-lumiere","15":"product_tag-rayons","16":"product_tag-rayons-de-soleil","17":"product_tag-rayons-de-soleil-fr","18":"product_tag-rayons-de-soleil-fr-2","19":"product_tag-rocher-fr","21":"first","22":"instock","23":"taxable","24":"shipping-taxable","25":"purchasable","26":"product-type-variable","27":"has-default-attributes"},"acf":[],"_links":{"self":[{"href":"https:\/\/www.muralunique.com\/fr\/wp-json\/wp\/v2\/product\/69254","targetHints":{"allow":["GET"]}}],"collection":[{"href":"https:\/\/www.muralunique.com\/fr\/wp-json\/wp\/v2\/product"}],"about":[{"href":"https:\/\/www.muralunique.com\/fr\/wp-json\/wp\/v2\/types\/product"}],"wp:featuredmedia":[{"embeddable":true,"href":"https:\/\/www.muralunique.com\/fr\/wp-json\/wp\/v2\/media\/69253"}],"wp:attachment":[{"href":"https:\/\/www.muralunique.com\/fr\/wp-json\/wp\/v2\/media?parent=69254"}],"wp:term":[{"taxonomy":"product_brand","embeddable":true,"href":"https:\/\/www.muralunique.com\/fr\/wp-json\/wp\/v2\/product_brand?post=69254"},{"taxonomy":"product_cat","embeddable":true,"href":"https:\/\/www.muralunique.com\/fr\/wp-json\/wp\/v2\/product_cat?post=69254"},{"taxonomy":"product_tag","embeddable":true,"href":"https:\/\/www.muralunique.com\/fr\/wp-json\/wp\/v2\/product_tag?post=69254"}],"curies":[{"name":"wp","href":"https:\/\/api.w.org\/{rel}","templated":true}]}}