{"id":69438,"date":"2022-10-07T11:25:10","date_gmt":"2022-10-07T15:25:10","guid":{"rendered":"https:\/\/www.muralunique.com\/?post_type=product&#038;p=69438"},"modified":"2025-10-23T08:44:01","modified_gmt":"2025-10-23T12:44:01","slug":"pivoines-a-laquarelle-en-noir-et-blanc-fond-noir","status":"publish","type":"product","link":"https:\/\/www.muralunique.com\/fr\/produit\/pivoines-a-laquarelle-en-noir-et-blanc-fond-noir\/","title":{"rendered":"Pivoines \u00e0 l&#8217;Aquarelle en Noir et Blanc (Fond Noir)"},"content":{"rendered":"<p>-Tapisserie murale florale d&#8217;un \u00e9l\u00e9gant design de fleurs \u00e0 l&#8217;aquarelle. Murale en noir et blanc avec un fond noir l\u00e9g\u00e8rement textur\u00e9.<\/p>\n<p><strong>-1944.20 (9\u2032 x 9\u2032 ((2,75m x 2,75m)) peut \u00eatre r\u00e9p\u00e9t\u00e9 horizontalement et verticalement.<\/strong><\/p>\n<p>-La murale comprend des laizes de 18\u2033 (45cm) de largeur. Par exemple, une murale de 6\u2032 (1,83m) de largeur a 4 laizes et une murale de 12\u2032 (3,66m) de largeur a 8 laizes.<\/p>\n<p>-Murale en papier\u00a0peint pr\u00e9encoll\u00e9e, lavable, s\u2019enl\u00e8ve \u00e0 sec et r\u00e9utilisable. Facile \u00e0 installer, se pose comme du papier\u00a0peint (tapisserie).<\/p>\n<p>-murale pivoines \u00e0 l&#8217;aquarelle en noir et blanc, murale en papier peint pivoines \u00e0 l&#8217;aquarelle en noir et blanc, tapisserie murale pivoines \u00e0 l&#8217;aquarelle en noir et blanc, papier peint pivoines \u00e0 l&#8217;aquarelle en noir et blanc<\/p>\n","protected":false},"excerpt":{"rendered":"<p>-Tapisserie murale florale d&#8217;un \u00e9l\u00e9gant design de fleurs \u00e0 l&#8217;aquarelle. Murale en noir et blanc avec un fond noir l\u00e9g\u00e8rement textur\u00e9. -1944.20 (9\u2032 x 9\u2032 ((2,75m x 2,75m)) peut \u00eatre r\u00e9p\u00e9t\u00e9 horizontalement et verticalement. -La murale comprend des laizes de 18\u2033 (45cm) de largeur. Par exemple, une murale de 6\u2032 (1,83m) de largeur a 4 [&hellip;]<\/p>\n","protected":false},"featured_media":88718,"template":"","meta":{"_acf_changed":false},"product_brand":[],"product_cat":[150,10434,367,401],"product_tag":[9653,9009,9010,9006,10195,9976],"class_list":{"0":"post-69438","1":"product","2":"type-product","3":"status-publish","4":"has-post-thumbnail","6":"product_cat-fleurs-et-feuillages","7":"product_cat-images-panoramiques","8":"product_cat-murales-en-r-p-tition","9":"product_cat-tous-nos-produits","10":"product_tag-aquarelle","11":"product_tag-fleur","12":"product_tag-fleurs","13":"product_tag-floral-fr","14":"product_tag-pivoine","15":"product_tag-pivoines","17":"first","18":"instock","19":"taxable","20":"shipping-taxable","21":"purchasable","22":"product-type-variable"},"acf":[],"_links":{"self":[{"href":"https:\/\/www.muralunique.com\/fr\/wp-json\/wp\/v2\/product\/69438","targetHints":{"allow":["GET"]}}],"collection":[{"href":"https:\/\/www.muralunique.com\/fr\/wp-json\/wp\/v2\/product"}],"about":[{"href":"https:\/\/www.muralunique.com\/fr\/wp-json\/wp\/v2\/types\/product"}],"wp:featuredmedia":[{"embeddable":true,"href":"https:\/\/www.muralunique.com\/fr\/wp-json\/wp\/v2\/media\/88718"}],"wp:attachment":[{"href":"https:\/\/www.muralunique.com\/fr\/wp-json\/wp\/v2\/media?parent=69438"}],"wp:term":[{"taxonomy":"product_brand","embeddable":true,"href":"https:\/\/www.muralunique.com\/fr\/wp-json\/wp\/v2\/product_brand?post=69438"},{"taxonomy":"product_cat","embeddable":true,"href":"https:\/\/www.muralunique.com\/fr\/wp-json\/wp\/v2\/product_cat?post=69438"},{"taxonomy":"product_tag","embeddable":true,"href":"https:\/\/www.muralunique.com\/fr\/wp-json\/wp\/v2\/product_tag?post=69438"}],"curies":[{"name":"wp","href":"https:\/\/api.w.org\/{rel}","templated":true}]}}