{"id":6948,"date":"2014-08-09T20:17:45","date_gmt":"2014-08-09T20:17:45","guid":{"rendered":"https:\/\/muralunique.com\/?post_type=product&#038;p=6948"},"modified":"2022-06-13T10:50:09","modified_gmt":"2022-06-13T14:50:09","slug":"cabine-de-telephone","status":"publish","type":"product","link":"https:\/\/www.muralunique.com\/fr\/produit\/cabine-de-telephone\/","title":{"rendered":"Cabine de T\u00e9l\u00e9phone"},"content":{"rendered":"<p>-Murale en papier peint trompe l&#8217;oeil d&#8217;une cabine de t\u00e9l\u00e9phone rouge.<\/p>\n<p>-La murale comprend des laizes de 18\u2033 (45cm) de largeur. Par exemple, une murale de 6\u2032 (1,83m) de largeur a 4 laizes et une murale de 12\u2032 (3,66m) de largeur a 8 laizes.<\/p>\n<p>-Murale en papier\u00a0peint pr\u00e9encoll\u00e9e, lavable, s\u2019enl\u00e8ve \u00e0 sec et r\u00e9utilisable. Facile \u00e0 installer, se pose comme du papier\u00a0peint (tapisserie).<\/p>\n<p>-murale cabine de t\u00e9l\u00e9phone rouge, photo murale cabine de t\u00e9l\u00e9phone rouge, papier peint cabine de t\u00e9l\u00e9phone rouge, murale en papier peint cabine de t\u00e9l\u00e9phone<\/p>\n","protected":false},"excerpt":{"rendered":"<p>-Murale en papier peint trompe l&#8217;oeil d&#8217;une cabine de t\u00e9l\u00e9phone rouge. -La murale comprend des laizes de 18\u2033 (45cm) de largeur. Par exemple, une murale de 6\u2032 (1,83m) de largeur a 4 laizes et une murale de 12\u2032 (3,66m) de largeur a 8 laizes. -Murale en papier\u00a0peint pr\u00e9encoll\u00e9e, lavable, s\u2019enl\u00e8ve \u00e0 sec et r\u00e9utilisable. Facile [&hellip;]<\/p>\n","protected":false},"featured_media":6949,"template":"","meta":{"_acf_changed":false},"product_brand":[203],"product_cat":[401,163],"product_tag":[9483,9612,9485],"class_list":{"0":"post-6948","1":"product","2":"type-product","3":"status-publish","4":"has-post-thumbnail","6":"product_brand-muralunique-com","7":"product_cat-tous-nos-produits","8":"product_cat-trompe-loeil","9":"product_tag-trompe-l-oeil","10":"product_tag-trompe-loeil-fr","11":"product_tag-trompe-oeil-fr","13":"first","14":"instock","15":"taxable","16":"shipping-taxable","17":"purchasable","18":"product-type-variable","19":"has-default-attributes"},"acf":[],"_links":{"self":[{"href":"https:\/\/www.muralunique.com\/fr\/wp-json\/wp\/v2\/product\/6948","targetHints":{"allow":["GET"]}}],"collection":[{"href":"https:\/\/www.muralunique.com\/fr\/wp-json\/wp\/v2\/product"}],"about":[{"href":"https:\/\/www.muralunique.com\/fr\/wp-json\/wp\/v2\/types\/product"}],"wp:featuredmedia":[{"embeddable":true,"href":"https:\/\/www.muralunique.com\/fr\/wp-json\/wp\/v2\/media\/6949"}],"wp:attachment":[{"href":"https:\/\/www.muralunique.com\/fr\/wp-json\/wp\/v2\/media?parent=6948"}],"wp:term":[{"taxonomy":"product_brand","embeddable":true,"href":"https:\/\/www.muralunique.com\/fr\/wp-json\/wp\/v2\/product_brand?post=6948"},{"taxonomy":"product_cat","embeddable":true,"href":"https:\/\/www.muralunique.com\/fr\/wp-json\/wp\/v2\/product_cat?post=6948"},{"taxonomy":"product_tag","embeddable":true,"href":"https:\/\/www.muralunique.com\/fr\/wp-json\/wp\/v2\/product_tag?post=6948"}],"curies":[{"name":"wp","href":"https:\/\/api.w.org\/{rel}","templated":true}]}}