{"id":69761,"date":"2022-10-13T12:07:36","date_gmt":"2022-10-13T16:07:36","guid":{"rendered":"https:\/\/www.muralunique.com\/?post_type=product&#038;p=69761"},"modified":"2025-10-23T09:58:39","modified_gmt":"2025-10-23T13:58:39","slug":"dance-tribale-en-noir-et-blanc","status":"publish","type":"product","link":"https:\/\/www.muralunique.com\/fr\/produit\/dance-tribale-en-noir-et-blanc\/","title":{"rendered":"Dance Tribale en Noir et Blanc"},"content":{"rendered":"<p>-Murale en papier peint d&#8217;une texture de cuir gris. Un design \u00e9l\u00e9gant et exclusif qui habillera n&#8217;importe quel mur en un clin d&#8217;\u0153il.<\/p>\n<p><strong>-Cette murale peut \u00eatre r\u00e9p\u00e9t\u00e9e verticalement.<\/strong><\/p>\n<p>-La murale comprend des laizes de 18\u2033 (45cm) de largeur. Par exemple, une murale de 6\u2032 (1,83m) de largeur a 4 laizes et une murale de 12\u2032 (3,66m) de largeur a 8 laizes.<\/p>\n<p>-Murale en papier\u00a0peint pr\u00e9encoll\u00e9e, lavable, s\u2019enl\u00e8ve \u00e0 sec et r\u00e9utilisable. Facile \u00e0 installer, se pose comme du papier\u00a0peint (tapisserie).<\/p>\n<p>-tapisserie texture de cuir, tapisserie murale texture de cuir, murale en papier peint texture de cuir, papier peint texture de cuir, murale de texture, papier peint de texture, tapisserie de texture<\/p>\n<p>&nbsp;<\/p>\n","protected":false},"excerpt":{"rendered":"<p>-Murale en papier peint d&#8217;une texture de cuir gris. Un design \u00e9l\u00e9gant et exclusif qui habillera n&#8217;importe quel mur en un clin d&#8217;\u0153il. -Cette murale peut \u00eatre r\u00e9p\u00e9t\u00e9e verticalement. -La murale comprend des laizes de 18\u2033 (45cm) de largeur. Par exemple, une murale de 6\u2032 (1,83m) de largeur a 4 laizes et une murale de [&hellip;]<\/p>\n","protected":false},"featured_media":71684,"template":"","meta":{"_acf_changed":false},"product_brand":[],"product_cat":[169,401],"product_tag":[9143,9447,9448,9449,9480],"class_list":{"0":"post-69761","1":"product","2":"type-product","3":"status-publish","4":"has-post-thumbnail","6":"product_cat-textures-2","7":"product_cat-tous-nos-produits","8":"product_tag-cuir","9":"product_tag-texture-fr","10":"product_tag-texture-fr-2","11":"product_tag-textures","12":"product_tag-tribale","14":"first","15":"instock","16":"taxable","17":"shipping-taxable","18":"purchasable","19":"product-type-variable","20":"has-default-attributes"},"acf":[],"_links":{"self":[{"href":"https:\/\/www.muralunique.com\/fr\/wp-json\/wp\/v2\/product\/69761","targetHints":{"allow":["GET"]}}],"collection":[{"href":"https:\/\/www.muralunique.com\/fr\/wp-json\/wp\/v2\/product"}],"about":[{"href":"https:\/\/www.muralunique.com\/fr\/wp-json\/wp\/v2\/types\/product"}],"wp:featuredmedia":[{"embeddable":true,"href":"https:\/\/www.muralunique.com\/fr\/wp-json\/wp\/v2\/media\/71684"}],"wp:attachment":[{"href":"https:\/\/www.muralunique.com\/fr\/wp-json\/wp\/v2\/media?parent=69761"}],"wp:term":[{"taxonomy":"product_brand","embeddable":true,"href":"https:\/\/www.muralunique.com\/fr\/wp-json\/wp\/v2\/product_brand?post=69761"},{"taxonomy":"product_cat","embeddable":true,"href":"https:\/\/www.muralunique.com\/fr\/wp-json\/wp\/v2\/product_cat?post=69761"},{"taxonomy":"product_tag","embeddable":true,"href":"https:\/\/www.muralunique.com\/fr\/wp-json\/wp\/v2\/product_tag?post=69761"}],"curies":[{"name":"wp","href":"https:\/\/api.w.org\/{rel}","templated":true}]}}