{"id":6978,"date":"2014-09-10T14:26:44","date_gmt":"2014-09-10T14:26:44","guid":{"rendered":"https:\/\/muralunique.com\/?post_type=product&#038;p=6978"},"modified":"2025-09-30T16:20:13","modified_gmt":"2025-09-30T20:20:13","slug":"place-royale-a-quebec","status":"publish","type":"product","link":"https:\/\/www.muralunique.com\/fr\/produit\/place-royale-a-quebec\/","title":{"rendered":"Place Royale \u00e0 Qu\u00e9bec"},"content":{"rendered":"<p>-Murale en papier peint de la Place Royale. La Place Royale est une place de Qu\u00e9bec (arrondissement historique du Vieux-Qu\u00e9bec) qui est consid\u00e9r\u00e9e commme le plus ancien \u00e9tablissement fran\u00e7ais en Am\u00e9rique.<\/p>\n<p>-La murale comprend des laizes de 18\u2033 (45cm) de largeur. Par exemple, une murale de 6\u2032 (1,83m) de largeur a 4 laizes et une murale de 12\u2032 (3,66m) de largeur a 8 laizes.<\/p>\n<p>-Murale en papier\u00a0peint pr\u00e9encoll\u00e9e, lavable, s\u2019enl\u00e8ve \u00e0 sec et r\u00e9utilisable. Facile \u00e0 installer, se pose comme du papier\u00a0peint (tapisserie).<\/p>\n<p>-Photographie de David Chapman.<\/p>\n<p>-murale Place Royale \u00e0 Qu\u00e9bec, photo murale Place Royale \u00e0 Qu\u00e9bec, papier peint Place Royale \u00e0 Qu\u00e9bec, photo murale Place Royale \u00e0 Qu\u00e9bec<\/p>\n","protected":false},"excerpt":{"rendered":"<p>-Murale en papier peint de la Place Royale. La Place Royale est une place de Qu\u00e9bec (arrondissement historique du Vieux-Qu\u00e9bec) qui est consid\u00e9r\u00e9e commme le plus ancien \u00e9tablissement fran\u00e7ais en Am\u00e9rique. -La murale comprend des laizes de 18\u2033 (45cm) de largeur. Par exemple, une murale de 6\u2032 (1,83m) de largeur a 4 laizes et une [&hellip;]<\/p>\n","protected":false},"featured_media":6979,"template":"","meta":{"_acf_changed":false},"product_brand":[200],"product_cat":[10434,128,166,401,163],"product_tag":[8676,9536,9537,8902,9306,9483,9482,9485,9500,9234],"class_list":{"0":"post-6978","1":"product","2":"type-product","3":"status-publish","4":"has-post-thumbnail","6":"artist-david-chapman-fr","7":"product_brand-david-chapman-2","8":"product_cat-images-panoramiques","9":"product_cat-merveilles-du-monde","10":"product_cat-scenes-urbaines-villes","11":"product_cat-tous-nos-produits","12":"product_cat-trompe-loeil","13":"product_tag-canada-fr","14":"product_tag-merveilles","15":"product_tag-merveilles-du-monde","16":"product_tag-paysage-urbain","17":"product_tag-quebec-fr","18":"product_tag-trompe-l-oeil","19":"product_tag-trompe-loeil","20":"product_tag-trompe-oeil-fr","21":"product_tag-urbain","22":"product_tag-vieux","24":"first","25":"instock","26":"taxable","27":"shipping-taxable","28":"purchasable","29":"product-type-variable","30":"has-default-attributes"},"acf":[],"_links":{"self":[{"href":"https:\/\/www.muralunique.com\/fr\/wp-json\/wp\/v2\/product\/6978","targetHints":{"allow":["GET"]}}],"collection":[{"href":"https:\/\/www.muralunique.com\/fr\/wp-json\/wp\/v2\/product"}],"about":[{"href":"https:\/\/www.muralunique.com\/fr\/wp-json\/wp\/v2\/types\/product"}],"wp:featuredmedia":[{"embeddable":true,"href":"https:\/\/www.muralunique.com\/fr\/wp-json\/wp\/v2\/media\/6979"}],"wp:attachment":[{"href":"https:\/\/www.muralunique.com\/fr\/wp-json\/wp\/v2\/media?parent=6978"}],"wp:term":[{"taxonomy":"product_brand","embeddable":true,"href":"https:\/\/www.muralunique.com\/fr\/wp-json\/wp\/v2\/product_brand?post=6978"},{"taxonomy":"product_cat","embeddable":true,"href":"https:\/\/www.muralunique.com\/fr\/wp-json\/wp\/v2\/product_cat?post=6978"},{"taxonomy":"product_tag","embeddable":true,"href":"https:\/\/www.muralunique.com\/fr\/wp-json\/wp\/v2\/product_tag?post=6978"}],"curies":[{"name":"wp","href":"https:\/\/api.w.org\/{rel}","templated":true}]}}