{"id":69966,"date":"2022-10-19T13:34:11","date_gmt":"2022-10-19T17:34:11","guid":{"rendered":"https:\/\/www.muralunique.com\/?post_type=product&#038;p=69966"},"modified":"2022-10-19T14:00:17","modified_gmt":"2022-10-19T18:00:17","slug":"bouleaux","status":"publish","type":"product","link":"https:\/\/www.muralunique.com\/fr\/produit\/bouleaux\/","title":{"rendered":"Bouleaux"},"content":{"rendered":"<p>-Superbe murale en papier peint d&#8217;une for\u00eat de bouleaux en noir et blanc. Cette murale de bouleaux myst\u00e9rieuse est parfaite pour cr\u00e9er un mur d&#8217;accent spectaculaire qui donnera de la personnalit\u00e9 et un look audacieux \u00e0 n&#8217;importe quelle pi\u00e8ce de votre maison.<\/p>\n<p>-La murale comprend des laizes de 18\u2033 (45cm) de largeur. Par exemple, une murale de 6\u2032 (1,83m) de largeur a 4 laizes et une murale de 12\u2032 (3,66m) de largeur a 8 laizes.<\/p>\n<p>-Murale en papier\u00a0peint pr\u00e9encoll\u00e9e, lavable, s\u2019enl\u00e8ve \u00e0 sec et r\u00e9utilisable. Facile \u00e0 installer, se pose comme du papier\u00a0peint (tapisserie).<\/p>\n<p>-murale de bouleaux, murale en papier peint de bouleaux, tapisserie murale de bouleaux, papier peint de bouleaux, murale for\u00eat de bouleaux, tapisserie murale for\u00eat de bouleaux<\/p>\n","protected":false},"excerpt":{"rendered":"<p>-Superbe murale en papier peint d&#8217;une for\u00eat de bouleaux en noir et blanc. Cette murale de bouleaux myst\u00e9rieuse est parfaite pour cr\u00e9er un mur d&#8217;accent spectaculaire qui donnera de la personnalit\u00e9 et un look audacieux \u00e0 n&#8217;importe quelle pi\u00e8ce de votre maison. -La murale comprend des laizes de 18\u2033 (45cm) de largeur. Par exemple, une [&hellip;]<\/p>\n","protected":false},"featured_media":69961,"template":"","meta":{"_acf_changed":false},"product_brand":[],"product_cat":[141,401],"product_tag":[8821,8822,9019,9219,9137],"class_list":{"0":"post-69966","1":"product","2":"type-product","3":"status-publish","4":"has-post-thumbnail","6":"artist-artistes-varies","7":"product_cat-nature-et-paysages","8":"product_cat-tous-nos-produits","9":"product_tag-bouleau","10":"product_tag-bouleaux","11":"product_tag-foret","12":"product_tag-nature-fr","13":"product_tag-paysage","15":"first","16":"instock","17":"taxable","18":"shipping-taxable","19":"purchasable","20":"product-type-variable","21":"has-default-attributes"},"acf":[],"_links":{"self":[{"href":"https:\/\/www.muralunique.com\/fr\/wp-json\/wp\/v2\/product\/69966","targetHints":{"allow":["GET"]}}],"collection":[{"href":"https:\/\/www.muralunique.com\/fr\/wp-json\/wp\/v2\/product"}],"about":[{"href":"https:\/\/www.muralunique.com\/fr\/wp-json\/wp\/v2\/types\/product"}],"wp:featuredmedia":[{"embeddable":true,"href":"https:\/\/www.muralunique.com\/fr\/wp-json\/wp\/v2\/media\/69961"}],"wp:attachment":[{"href":"https:\/\/www.muralunique.com\/fr\/wp-json\/wp\/v2\/media?parent=69966"}],"wp:term":[{"taxonomy":"product_brand","embeddable":true,"href":"https:\/\/www.muralunique.com\/fr\/wp-json\/wp\/v2\/product_brand?post=69966"},{"taxonomy":"product_cat","embeddable":true,"href":"https:\/\/www.muralunique.com\/fr\/wp-json\/wp\/v2\/product_cat?post=69966"},{"taxonomy":"product_tag","embeddable":true,"href":"https:\/\/www.muralunique.com\/fr\/wp-json\/wp\/v2\/product_tag?post=69966"}],"curies":[{"name":"wp","href":"https:\/\/api.w.org\/{rel}","templated":true}]}}