{"id":70191,"date":"2022-10-26T10:55:52","date_gmt":"2022-10-26T14:55:52","guid":{"rendered":"https:\/\/www.muralunique.com\/?post_type=product&#038;p=70191"},"modified":"2022-10-26T11:27:52","modified_gmt":"2022-10-26T15:27:52","slug":"coucher-de-soleil-dans-les-asturies-espagne","status":"publish","type":"product","link":"https:\/\/www.muralunique.com\/fr\/produit\/coucher-de-soleil-dans-les-asturies-espagne\/","title":{"rendered":"Coucher de Soleil dans les Asturies, Espagne"},"content":{"rendered":"<p>-Photo murale d&#8217;un magnifique coucher de soleil dans la mer Cantabrique (oc\u00e9an Atlantique) dans les Asturies. La Principaut\u00e9 des Asturies, une r\u00e9gion du nord-ouest de l&#8217;Espagne, est connue pour sa c\u00f4te accident\u00e9e, ses montagnes, ses sites religieux et son architecture m\u00e9di\u00e9vale.<\/p>\n<p>-La murale comprend des laizes de 18\u2033 (45cm) de largeur. Par exemple, une murale de 6\u2032 (1,83m) de largeur a 4 laizes et une murale de 12\u2032 (3,66m) de largeur a 8 laizes.<\/p>\n<p>-Murale en papier\u00a0peint pr\u00e9encoll\u00e9e, lavable, s\u2019enl\u00e8ve \u00e0 sec et r\u00e9utilisable. Facile \u00e0 installer, se pose comme du papier\u00a0peint (tapisserie).<\/p>\n<p>-Photographie de Lars Van de Goor. Vous pouvez obtenir plus d\u2019informations \u00e0\u00a0<a href=\"http:\/\/www.larsvandegoor.com\/\" rel=\"nofollow noopener\" target=\"_blank\">www.larsvandegoor.com<\/a>.<\/p>\n<p>-murale coucher de soleil, tapisserie murale coucher de soleil, papier peint coucher de soleil, murale coucher de soleil dans les Asturies en Espagne, papier peint coucher de soleil dans les Asturies en Espagne<\/p>\n","protected":false},"excerpt":{"rendered":"<p>-Photo murale d&#8217;un magnifique coucher de soleil dans la mer Cantabrique (oc\u00e9an Atlantique) dans les Asturies. La Principaut\u00e9 des Asturies, une r\u00e9gion du nord-ouest de l&#8217;Espagne, est connue pour sa c\u00f4te accident\u00e9e, ses montagnes, ses sites religieux et son architecture m\u00e9di\u00e9vale. -La murale comprend des laizes de 18\u2033 (45cm) de largeur. Par exemple, une murale [&hellip;]<\/p>\n","protected":false},"featured_media":70201,"template":"","meta":{"_acf_changed":false},"product_brand":[],"product_cat":[153,141,401],"product_tag":[9432,9517,8731,9352,9219,9231],"class_list":{"0":"post-70191","1":"product","2":"type-product","3":"status-publish","4":"has-post-thumbnail","6":"artist-lars-van-de-goor-fr","7":"product_cat-eau-et-plages","8":"product_cat-nature-et-paysages","9":"product_cat-tous-nos-produits","10":"product_tag-coucher-de-soleil","11":"product_tag-eau","12":"product_tag-espagne","13":"product_tag-mer","14":"product_tag-nature-fr","15":"product_tag-ocean-fr-2","17":"first","18":"instock","19":"taxable","20":"shipping-taxable","21":"purchasable","22":"product-type-variable","23":"has-default-attributes"},"acf":[],"_links":{"self":[{"href":"https:\/\/www.muralunique.com\/fr\/wp-json\/wp\/v2\/product\/70191","targetHints":{"allow":["GET"]}}],"collection":[{"href":"https:\/\/www.muralunique.com\/fr\/wp-json\/wp\/v2\/product"}],"about":[{"href":"https:\/\/www.muralunique.com\/fr\/wp-json\/wp\/v2\/types\/product"}],"wp:featuredmedia":[{"embeddable":true,"href":"https:\/\/www.muralunique.com\/fr\/wp-json\/wp\/v2\/media\/70201"}],"wp:attachment":[{"href":"https:\/\/www.muralunique.com\/fr\/wp-json\/wp\/v2\/media?parent=70191"}],"wp:term":[{"taxonomy":"product_brand","embeddable":true,"href":"https:\/\/www.muralunique.com\/fr\/wp-json\/wp\/v2\/product_brand?post=70191"},{"taxonomy":"product_cat","embeddable":true,"href":"https:\/\/www.muralunique.com\/fr\/wp-json\/wp\/v2\/product_cat?post=70191"},{"taxonomy":"product_tag","embeddable":true,"href":"https:\/\/www.muralunique.com\/fr\/wp-json\/wp\/v2\/product_tag?post=70191"}],"curies":[{"name":"wp","href":"https:\/\/api.w.org\/{rel}","templated":true}]}}