{"id":70218,"date":"2022-10-26T13:39:35","date_gmt":"2022-10-26T17:39:35","guid":{"rendered":"https:\/\/www.muralunique.com\/?post_type=product&#038;p=70218"},"modified":"2022-10-26T16:36:24","modified_gmt":"2022-10-26T20:36:24","slug":"en-silence","status":"publish","type":"product","link":"https:\/\/www.muralunique.com\/fr\/produit\/en-silence\/","title":{"rendered":"En Silence"},"content":{"rendered":"<p>-Apportez la beaut\u00e9 de la nature dans votre maison avec cette magnifique murale de for\u00eat. Une sc\u00e8ne de nature avec de belles couleurs et une luminosit\u00e9 int\u00e9ressante du c\u00e9l\u00e8bre photographe Lars Van De Goor.<\/p>\n<p>-La murale comprend des laizes de 18\u2033 (45cm) de largeur. Par exemple, une murale de 6\u2032 (1,83m) de largeur a 4 laizes et une murale de 12\u2032 (3,66m) de largeur a 8 laizes.<\/p>\n<p>-Murale en papier\u00a0peint pr\u00e9encoll\u00e9e, lavable, s\u2019enl\u00e8ve \u00e0 sec et r\u00e9utilisable. Facile \u00e0 installer, se pose comme du papier\u00a0peint (tapisserie).<\/p>\n<p>-Photographie de Lars Van de Goor. Vous pouvez obtenir plus d\u2019informations \u00e0\u00a0<a href=\"http:\/\/www.larsvandegoor.com\/\" rel=\"nofollow noopener\" target=\"_blank\">www.larsvandegoor.com<\/a>.<\/p>\n<p>-murale de for\u00eat, murale en papier peint de for\u00eat, tapisserie murale de for\u00eat, papier peint de for\u00eat, murale en papier peint de paysage, tapisserie murale de paysage, murale de paysage<\/p>\n","protected":false},"excerpt":{"rendered":"<p>-Apportez la beaut\u00e9 de la nature dans votre maison avec cette magnifique murale de for\u00eat. Une sc\u00e8ne de nature avec de belles couleurs et une luminosit\u00e9 int\u00e9ressante du c\u00e9l\u00e8bre photographe Lars Van De Goor. -La murale comprend des laizes de 18\u2033 (45cm) de largeur. Par exemple, une murale de 6\u2032 (1,83m) de largeur a 4 [&hellip;]<\/p>\n","protected":false},"featured_media":70234,"template":"","meta":{"_acf_changed":false},"product_brand":[],"product_cat":[141,401],"product_tag":[9478,9427,9019,9219,9137],"class_list":{"0":"post-70218","1":"product","2":"type-product","3":"status-publish","4":"has-post-thumbnail","6":"artist-lars-van-de-goor-fr","7":"product_cat-nature-et-paysages","8":"product_cat-tous-nos-produits","9":"product_tag-arbres","10":"product_tag-ete","11":"product_tag-foret","12":"product_tag-nature-fr","13":"product_tag-paysage","15":"first","16":"instock","17":"taxable","18":"shipping-taxable","19":"purchasable","20":"product-type-variable","21":"has-default-attributes"},"acf":[],"_links":{"self":[{"href":"https:\/\/www.muralunique.com\/fr\/wp-json\/wp\/v2\/product\/70218","targetHints":{"allow":["GET"]}}],"collection":[{"href":"https:\/\/www.muralunique.com\/fr\/wp-json\/wp\/v2\/product"}],"about":[{"href":"https:\/\/www.muralunique.com\/fr\/wp-json\/wp\/v2\/types\/product"}],"wp:featuredmedia":[{"embeddable":true,"href":"https:\/\/www.muralunique.com\/fr\/wp-json\/wp\/v2\/media\/70234"}],"wp:attachment":[{"href":"https:\/\/www.muralunique.com\/fr\/wp-json\/wp\/v2\/media?parent=70218"}],"wp:term":[{"taxonomy":"product_brand","embeddable":true,"href":"https:\/\/www.muralunique.com\/fr\/wp-json\/wp\/v2\/product_brand?post=70218"},{"taxonomy":"product_cat","embeddable":true,"href":"https:\/\/www.muralunique.com\/fr\/wp-json\/wp\/v2\/product_cat?post=70218"},{"taxonomy":"product_tag","embeddable":true,"href":"https:\/\/www.muralunique.com\/fr\/wp-json\/wp\/v2\/product_tag?post=70218"}],"curies":[{"name":"wp","href":"https:\/\/api.w.org\/{rel}","templated":true}]}}