{"id":7052,"date":"2014-10-08T19:09:32","date_gmt":"2014-10-08T19:09:32","guid":{"rendered":"https:\/\/muralunique.com\/?post_type=product&#038;p=7052"},"modified":"2021-08-12T16:04:20","modified_gmt":"2021-08-12T20:04:20","slug":"mur-de-pierres-seches","status":"publish","type":"product","link":"https:\/\/www.muralunique.com\/fr\/produit\/mur-de-pierres-seches\/","title":{"rendered":"Mur de Pierres S\u00e8ches"},"content":{"rendered":"<p>-Murale en papier\u00a0peint d&#8217;un mur de pierres s\u00e8ches.<\/p>\n<p>-La murale comprend des laizes de 18&#8243; (45cm) de largeur. Par exemple, une murale de 6&#8242; (1,83m) de largeur a 4 laizes et une murale de 12&#8242; (3,66m) de largeur a 8 laizes.<\/p>\n<p>-Murale en papier\u00a0peint pr\u00e9encoll\u00e9e, lavable, s&#8217;enl\u00e8ve \u00e0 sec et r\u00e9utilisable. Facile \u00e0 installer, se pose comme du papier\u00a0peint (tapisserie).<\/p>\n<p>-murale mur de pierres s\u00e8ches, murale mur de pierres, papier peint pierres, tapisserie pierres, murale texture<\/p>\n","protected":false},"excerpt":{"rendered":"<p>-Murale en papier\u00a0peint d&#8217;un mur de pierres s\u00e8ches. -La murale comprend des laizes de 18&#8243; (45cm) de largeur. Par exemple, une murale de 6&#8242; (1,83m) de largeur a 4 laizes et une murale de 12&#8242; (3,66m) de largeur a 8 laizes. -Murale en papier\u00a0peint pr\u00e9encoll\u00e9e, lavable, s&#8217;enl\u00e8ve \u00e0 sec et r\u00e9utilisable. Facile \u00e0 installer, se [&hellip;]<\/p>\n","protected":false},"featured_media":7053,"template":"","meta":{"_acf_changed":false},"product_brand":[203],"product_cat":[169,401],"product_tag":[9515,9418,9416,9417,9332,8958,9447,9448,9449],"class_list":{"0":"post-7052","1":"product","2":"type-product","3":"status-publish","4":"has-post-thumbnail","6":"artist-donn-petelka-fr","7":"product_brand-muralunique-com","8":"product_cat-textures-2","9":"product_cat-tous-nos-produits","10":"product_tag-mur","11":"product_tag-mur-de-pierres","12":"product_tag-pierre","13":"product_tag-pierres","14":"product_tag-roc-fr","15":"product_tag-seche","16":"product_tag-texture-fr","17":"product_tag-texture-fr-2","18":"product_tag-textures","20":"first","21":"instock","22":"taxable","23":"shipping-taxable","24":"purchasable","25":"product-type-variable","26":"has-default-attributes"},"acf":[],"_links":{"self":[{"href":"https:\/\/www.muralunique.com\/fr\/wp-json\/wp\/v2\/product\/7052","targetHints":{"allow":["GET"]}}],"collection":[{"href":"https:\/\/www.muralunique.com\/fr\/wp-json\/wp\/v2\/product"}],"about":[{"href":"https:\/\/www.muralunique.com\/fr\/wp-json\/wp\/v2\/types\/product"}],"wp:featuredmedia":[{"embeddable":true,"href":"https:\/\/www.muralunique.com\/fr\/wp-json\/wp\/v2\/media\/7053"}],"wp:attachment":[{"href":"https:\/\/www.muralunique.com\/fr\/wp-json\/wp\/v2\/media?parent=7052"}],"wp:term":[{"taxonomy":"product_brand","embeddable":true,"href":"https:\/\/www.muralunique.com\/fr\/wp-json\/wp\/v2\/product_brand?post=7052"},{"taxonomy":"product_cat","embeddable":true,"href":"https:\/\/www.muralunique.com\/fr\/wp-json\/wp\/v2\/product_cat?post=7052"},{"taxonomy":"product_tag","embeddable":true,"href":"https:\/\/www.muralunique.com\/fr\/wp-json\/wp\/v2\/product_tag?post=7052"}],"curies":[{"name":"wp","href":"https:\/\/api.w.org\/{rel}","templated":true}]}}