{"id":70657,"date":"2022-11-10T10:54:01","date_gmt":"2022-11-10T15:54:01","guid":{"rendered":"https:\/\/www.muralunique.com\/?post_type=product&#038;p=70657"},"modified":"2022-11-10T11:13:57","modified_gmt":"2022-11-10T16:13:57","slug":"rideaux-volatiles","status":"publish","type":"product","link":"https:\/\/www.muralunique.com\/fr\/produit\/rideaux-volatiles\/","title":{"rendered":"Rideaux Volatiles"},"content":{"rendered":"<p>-Tapisserie murale de vagues de fum\u00e9e dans les tons de rouge et de mauve. Une murale \u00e9clatante, id\u00e9ale pour cr\u00e9er un mur \u00e9poustouflant et hors de l&#8217;ordinaire.<\/p>\n<p>-La murale comprend des laizes de 18\u2033 (45cm) de largeur. Par exemple, une murale de 6\u2032 (1,83m) de largeur a 4 laizes et une murale de 12\u2032 (3,66m) de largeur a 8 laizes.<\/p>\n<p>-Murale en papier\u00a0peint pr\u00e9encoll\u00e9e, lavable, s\u2019enl\u00e8ve \u00e0 sec et r\u00e9utilisable. Facile \u00e0 installer, se pose comme du papier\u00a0peint (tapisserie).<\/p>\n<p>-murale vagues de fum\u00e9e, murale en papier peint vagues de fum\u00e9e, papier peint vagues de fum\u00e9e, tapisserie murale vagues de fum\u00e9e, murale fum\u00e9e, papier peint fum\u00e9e, tapisserie fum\u00e9e, papier peint fum\u00e9e<\/p>\n","protected":false},"excerpt":{"rendered":"<p>-Tapisserie murale de vagues de fum\u00e9e dans les tons de rouge et de mauve. Une murale \u00e9clatante, id\u00e9ale pour cr\u00e9er un mur \u00e9poustouflant et hors de l&#8217;ordinaire. -La murale comprend des laizes de 18\u2033 (45cm) de largeur. Par exemple, une murale de 6\u2032 (1,83m) de largeur a 4 laizes et une murale de 12\u2032 (3,66m) [&hellip;]<\/p>\n","protected":false},"featured_media":70656,"template":"","meta":{"_acf_changed":false},"product_brand":[],"product_cat":[125,401],"product_tag":[9985,9986,9983,9984,9519,9520],"class_list":{"0":"post-70657","1":"product","2":"type-product","3":"status-publish","4":"has-post-thumbnail","6":"artist-artistes-varies","7":"product_cat-abstrait-et-geometrie","8":"product_cat-tous-nos-produits","9":"product_tag-fumee","10":"product_tag-fumees","11":"product_tag-rideau","12":"product_tag-rideaux","13":"product_tag-vague","14":"product_tag-vagues","16":"first","17":"instock","18":"taxable","19":"shipping-taxable","20":"purchasable","21":"product-type-variable","22":"has-default-attributes"},"acf":[],"_links":{"self":[{"href":"https:\/\/www.muralunique.com\/fr\/wp-json\/wp\/v2\/product\/70657","targetHints":{"allow":["GET"]}}],"collection":[{"href":"https:\/\/www.muralunique.com\/fr\/wp-json\/wp\/v2\/product"}],"about":[{"href":"https:\/\/www.muralunique.com\/fr\/wp-json\/wp\/v2\/types\/product"}],"wp:featuredmedia":[{"embeddable":true,"href":"https:\/\/www.muralunique.com\/fr\/wp-json\/wp\/v2\/media\/70656"}],"wp:attachment":[{"href":"https:\/\/www.muralunique.com\/fr\/wp-json\/wp\/v2\/media?parent=70657"}],"wp:term":[{"taxonomy":"product_brand","embeddable":true,"href":"https:\/\/www.muralunique.com\/fr\/wp-json\/wp\/v2\/product_brand?post=70657"},{"taxonomy":"product_cat","embeddable":true,"href":"https:\/\/www.muralunique.com\/fr\/wp-json\/wp\/v2\/product_cat?post=70657"},{"taxonomy":"product_tag","embeddable":true,"href":"https:\/\/www.muralunique.com\/fr\/wp-json\/wp\/v2\/product_tag?post=70657"}],"curies":[{"name":"wp","href":"https:\/\/api.w.org\/{rel}","templated":true}]}}