{"id":70669,"date":"2022-11-10T11:59:10","date_gmt":"2022-11-10T16:59:10","guid":{"rendered":"https:\/\/www.muralunique.com\/?post_type=product&#038;p=70669"},"modified":"2022-11-10T12:49:13","modified_gmt":"2022-11-10T17:49:13","slug":"puissant-faisceau-lumineux","status":"publish","type":"product","link":"https:\/\/www.muralunique.com\/fr\/produit\/puissant-faisceau-lumineux\/","title":{"rendered":"Puissant Faisceau Lumineux"},"content":{"rendered":"<p>-Tapisserie murale d&#8217;une for\u00eat avec une magnifique luminosit\u00e9 et un tr\u00e8s bel effet de profondeur. Admirez quotidiennement la beaut\u00e9 de la nature dans votre int\u00e9rieur avec cette plendide murale. Une photographie du c\u00e9l\u00e8bre photographe Lars Van De Goor.<\/p>\n<p>-La murale comprend des laizes de 18\u2033 (45cm) de largeur. Par exemple, une murale de 6\u2032 (1,83m) de largeur a 4 laizes et une murale de 12\u2032 (3,66m) de largeur a 8 laizes.<\/p>\n<p>-Murale en papier\u00a0peint pr\u00e9encoll\u00e9e, lavable, s\u2019enl\u00e8ve \u00e0 sec et r\u00e9utilisable. Facile \u00e0 installer, se pose comme du papier\u00a0peint (tapisserie).<\/p>\n<p>-Photographie de Lars Van de Goor. Vous pouvez obtenir plus d\u2019informations \u00e0\u00a0<a href=\"http:\/\/www.larsvandegoor.com\/\" rel=\"nofollow noopener\" target=\"_blank\">www.larsvandegoor.com<\/a>.<\/p>\n<p>-murale sc\u00e8ne de for\u00eat, tapisserie sc\u00e8ne de for\u00eat, tapisserie murale\u00a0sc\u00e8ne de for\u00eat, papier peint sc\u00e8ne de for\u00eat, murale en papier peint sc\u00e8ne de for\u00eat, murale puissant faisceau lumineux, papier peint puissant faisceau lumineux<\/p>\n","protected":false},"excerpt":{"rendered":"<p>-Tapisserie murale d&#8217;une for\u00eat avec une magnifique luminosit\u00e9 et un tr\u00e8s bel effet de profondeur. Admirez quotidiennement la beaut\u00e9 de la nature dans votre int\u00e9rieur avec cette plendide murale. Une photographie du c\u00e9l\u00e8bre photographe Lars Van De Goor. -La murale comprend des laizes de 18\u2033 (45cm) de largeur. Par exemple, une murale de 6\u2032 (1,83m) [&hellip;]<\/p>\n","protected":false},"featured_media":70687,"template":"","meta":{"_acf_changed":false},"product_brand":[],"product_cat":[141,401],"product_tag":[9478,9427,9973,9974,9019,9219,9137,9315,9429,9767,9770,9428],"class_list":{"0":"post-70669","1":"product","2":"type-product","3":"status-publish","4":"has-post-thumbnail","6":"artist-lars-van-de-goor-fr","7":"product_cat-nature-et-paysages","8":"product_cat-tous-nos-produits","9":"product_tag-arbres","10":"product_tag-ete","11":"product_tag-faisceau","12":"product_tag-faisceaux","13":"product_tag-foret","14":"product_tag-nature-fr","15":"product_tag-paysage","16":"product_tag-rayons","17":"product_tag-rayons-de-soleil","18":"product_tag-rayons-de-soleil-fr","19":"product_tag-rayons-de-soleil-fr-2","20":"product_tag-soleil","22":"first","23":"instock","24":"taxable","25":"shipping-taxable","26":"purchasable","27":"product-type-variable","28":"has-default-attributes"},"acf":[],"_links":{"self":[{"href":"https:\/\/www.muralunique.com\/fr\/wp-json\/wp\/v2\/product\/70669","targetHints":{"allow":["GET"]}}],"collection":[{"href":"https:\/\/www.muralunique.com\/fr\/wp-json\/wp\/v2\/product"}],"about":[{"href":"https:\/\/www.muralunique.com\/fr\/wp-json\/wp\/v2\/types\/product"}],"wp:featuredmedia":[{"embeddable":true,"href":"https:\/\/www.muralunique.com\/fr\/wp-json\/wp\/v2\/media\/70687"}],"wp:attachment":[{"href":"https:\/\/www.muralunique.com\/fr\/wp-json\/wp\/v2\/media?parent=70669"}],"wp:term":[{"taxonomy":"product_brand","embeddable":true,"href":"https:\/\/www.muralunique.com\/fr\/wp-json\/wp\/v2\/product_brand?post=70669"},{"taxonomy":"product_cat","embeddable":true,"href":"https:\/\/www.muralunique.com\/fr\/wp-json\/wp\/v2\/product_cat?post=70669"},{"taxonomy":"product_tag","embeddable":true,"href":"https:\/\/www.muralunique.com\/fr\/wp-json\/wp\/v2\/product_tag?post=70669"}],"curies":[{"name":"wp","href":"https:\/\/api.w.org\/{rel}","templated":true}]}}