{"id":7070,"date":"2014-10-16T12:30:02","date_gmt":"2014-10-16T12:30:02","guid":{"rendered":"https:\/\/muralunique.com\/?post_type=product&#038;p=7070"},"modified":"2021-08-12T16:04:22","modified_gmt":"2021-08-12T20:04:22","slug":"vieux-mur-de-briques","status":"publish","type":"product","link":"https:\/\/www.muralunique.com\/fr\/produit\/vieux-mur-de-briques\/","title":{"rendered":"Vieux Mur de Briques"},"content":{"rendered":"<p>-Tr\u00e8s grand vieux mur de briques sur lequel il n&#8217;y a aucune r\u00e9p\u00e9tition. Cette murale en papier peint est disponible jusqu&#8217;\u00e0 une dimension de 45&#8242; x 14&#8242; (13,72m x 4,27m) sans aucune r\u00e9p\u00e9tition. La qualit\u00e9 (r\u00e9solution) de cette image est exceptionnelle (450\u00a0M\u00e9gaPixels).<\/p>\n<p>-La murale comprend des laizes de 18\u2033 (45cm) de largeur. Par exemple, une murale de 6\u2032 (1,83m) de largeur a 4 laizes et une murale de 12\u2032 (3,66m) de largeur a 8 laizes.<\/p>\n<p>-Murale en papier\u00a0peint pr\u00e9encoll\u00e9e, lavable, s\u2019enl\u00e8ve \u00e0 sec et r\u00e9utilisable. Facile \u00e0 installer, se pose comme du papier\u00a0peint (tapisserie).<\/p>\n<p>-Photographie de Donn Petelka. Vous pouvez obtenir plus d&#8217;informations \u00e0 cette adresse:\u00a0<a href=\"mailto:donnpetelka@gmail.com\" target=\"_blank\" rel=\"noopener noreferrer\">donnpetelka@gmail.com<\/a>.<\/p>\n<p>-murale vieux mur de briques, papier peint vieux mur de briques, tapisserie vieux mur de briques, photo murale vieux mur de briques, murale texture de briques<\/p>\n","protected":false},"excerpt":{"rendered":"<p>-Tr\u00e8s grand vieux mur de briques sur lequel il n&#8217;y a aucune r\u00e9p\u00e9tition. Cette murale en papier peint est disponible jusqu&#8217;\u00e0 une dimension de 45&#8242; x 14&#8242; (13,72m x 4,27m) sans aucune r\u00e9p\u00e9tition. La qualit\u00e9 (r\u00e9solution) de cette image est exceptionnelle (450\u00a0M\u00e9gaPixels). -La murale comprend des laizes de 18\u2033 (45cm) de largeur. Par exemple, une [&hellip;]<\/p>\n","protected":false},"featured_media":6987,"template":"","meta":{"_acf_changed":false},"product_brand":[197],"product_cat":[10434,169,401,427],"product_tag":[8846,8847,9515,8848,9447,9448,9449],"class_list":{"0":"post-7070","1":"product","2":"type-product","3":"status-publish","4":"has-post-thumbnail","6":"artist-donn-petelka-fr","7":"product_brand-donn-petelka-2","8":"product_cat-images-panoramiques","9":"product_cat-textures-2","10":"product_cat-tous-nos-produits","11":"product_cat-ultra-haute-d-finition-photos","12":"product_tag-brique","13":"product_tag-briques","14":"product_tag-mur","15":"product_tag-mur-de-briques","16":"product_tag-texture-fr","17":"product_tag-texture-fr-2","18":"product_tag-textures","20":"first","21":"instock","22":"taxable","23":"shipping-taxable","24":"purchasable","25":"product-type-variable","26":"has-default-attributes"},"acf":[],"_links":{"self":[{"href":"https:\/\/www.muralunique.com\/fr\/wp-json\/wp\/v2\/product\/7070","targetHints":{"allow":["GET"]}}],"collection":[{"href":"https:\/\/www.muralunique.com\/fr\/wp-json\/wp\/v2\/product"}],"about":[{"href":"https:\/\/www.muralunique.com\/fr\/wp-json\/wp\/v2\/types\/product"}],"wp:featuredmedia":[{"embeddable":true,"href":"https:\/\/www.muralunique.com\/fr\/wp-json\/wp\/v2\/media\/6987"}],"wp:attachment":[{"href":"https:\/\/www.muralunique.com\/fr\/wp-json\/wp\/v2\/media?parent=7070"}],"wp:term":[{"taxonomy":"product_brand","embeddable":true,"href":"https:\/\/www.muralunique.com\/fr\/wp-json\/wp\/v2\/product_brand?post=7070"},{"taxonomy":"product_cat","embeddable":true,"href":"https:\/\/www.muralunique.com\/fr\/wp-json\/wp\/v2\/product_cat?post=7070"},{"taxonomy":"product_tag","embeddable":true,"href":"https:\/\/www.muralunique.com\/fr\/wp-json\/wp\/v2\/product_tag?post=7070"}],"curies":[{"name":"wp","href":"https:\/\/api.w.org\/{rel}","templated":true}]}}