{"id":70861,"date":"2022-11-16T12:33:45","date_gmt":"2022-11-16T17:33:45","guid":{"rendered":"https:\/\/www.muralunique.com\/?post_type=product&#038;p=70861"},"modified":"2022-11-16T13:14:02","modified_gmt":"2022-11-16T18:14:02","slug":"rayons-a-laube","status":"publish","type":"product","link":"https:\/\/www.muralunique.com\/fr\/produit\/rayons-a-laube\/","title":{"rendered":"Rayons \u00e0 l&#8217;Aube"},"content":{"rendered":"<p>-Tapisserie murale d&#8217;une for\u00eat de conif\u00e8res travers\u00e9e par de magnifiques rayons lumineux et par un beau petit sentier. Une murale avec de beaux effets de lumi\u00e8re et un bel effet de profondeur gr\u00e2ce au petit sentier. Parfait pour donner un effet d&#8217;amplitude \u00e0 une petite pi\u00e8ce.<\/p>\n<p>-La murale comprend des laizes de 18\u2033 (45cm) de largeur. Par exemple, une murale de 6\u2032 (1,83m) de largeur a 4 laizes et une murale de 12\u2032 (3,66m) de largeur a 8 laizes.<\/p>\n<p>-Murale en papier\u00a0peint pr\u00e9encoll\u00e9e, lavable, s\u2019enl\u00e8ve \u00e0 sec et r\u00e9utilisable. Facile \u00e0 installer, se pose comme du papier\u00a0peint (tapisserie).<\/p>\n<p>-Photographie de Lars Van de Goor. Vous pouvez obtenir plus d\u2019informations \u00e0\u00a0<a href=\"http:\/\/www.larsvandegoor.com\/\" rel=\"nofollow noopener\" target=\"_blank\">www.larsvandegoor.com<\/a>.<\/p>\n<p>-murale for\u00eat de conif\u00e8res, tapisserie murale for\u00eat de conif\u00e8res, murale en papier peint for\u00eat de conif\u00e8res, papier peint for\u00eat de conif\u00e8res, murale rayons \u00e0 l&#8217;aube, papier peint rayons \u00e0 l&#8217;aube, tapisserie rayons \u00e0 l&#8217;aube<\/p>\n","protected":false},"excerpt":{"rendered":"<p>-Tapisserie murale d&#8217;une for\u00eat de conif\u00e8res travers\u00e9e par de magnifiques rayons lumineux et par un beau petit sentier. Une murale avec de beaux effets de lumi\u00e8re et un bel effet de profondeur gr\u00e2ce au petit sentier. Parfait pour donner un effet d&#8217;amplitude \u00e0 une petite pi\u00e8ce. -La murale comprend des laizes de 18\u2033 (45cm) de [&hellip;]<\/p>\n","protected":false},"featured_media":70871,"template":"","meta":{"_acf_changed":false},"product_brand":[],"product_cat":[141,401,163],"product_tag":[9478,8938,9604,9019,9219,9137,9315,9767,9770],"class_list":{"0":"post-70861","1":"product","2":"type-product","3":"status-publish","4":"has-post-thumbnail","6":"artist-lars-van-de-goor-fr","7":"product_cat-nature-et-paysages","8":"product_cat-tous-nos-produits","9":"product_cat-trompe-loeil","10":"product_tag-arbres","11":"product_tag-aube","12":"product_tag-conifere","13":"product_tag-foret","14":"product_tag-nature-fr","15":"product_tag-paysage","16":"product_tag-rayons","17":"product_tag-rayons-de-soleil-fr","18":"product_tag-rayons-de-soleil-fr-2","20":"first","21":"instock","22":"taxable","23":"shipping-taxable","24":"purchasable","25":"product-type-variable","26":"has-default-attributes"},"acf":[],"_links":{"self":[{"href":"https:\/\/www.muralunique.com\/fr\/wp-json\/wp\/v2\/product\/70861","targetHints":{"allow":["GET"]}}],"collection":[{"href":"https:\/\/www.muralunique.com\/fr\/wp-json\/wp\/v2\/product"}],"about":[{"href":"https:\/\/www.muralunique.com\/fr\/wp-json\/wp\/v2\/types\/product"}],"wp:featuredmedia":[{"embeddable":true,"href":"https:\/\/www.muralunique.com\/fr\/wp-json\/wp\/v2\/media\/70871"}],"wp:attachment":[{"href":"https:\/\/www.muralunique.com\/fr\/wp-json\/wp\/v2\/media?parent=70861"}],"wp:term":[{"taxonomy":"product_brand","embeddable":true,"href":"https:\/\/www.muralunique.com\/fr\/wp-json\/wp\/v2\/product_brand?post=70861"},{"taxonomy":"product_cat","embeddable":true,"href":"https:\/\/www.muralunique.com\/fr\/wp-json\/wp\/v2\/product_cat?post=70861"},{"taxonomy":"product_tag","embeddable":true,"href":"https:\/\/www.muralunique.com\/fr\/wp-json\/wp\/v2\/product_tag?post=70861"}],"curies":[{"name":"wp","href":"https:\/\/api.w.org\/{rel}","templated":true}]}}