{"id":7088,"date":"2014-10-17T12:21:43","date_gmt":"2014-10-17T12:21:43","guid":{"rendered":"https:\/\/muralunique.com\/?post_type=product&#038;p=7088"},"modified":"2024-06-10T16:09:43","modified_gmt":"2024-06-10T20:09:43","slug":"parc-provincial-awenda-ontario-canada","status":"publish","type":"product","link":"https:\/\/www.muralunique.com\/fr\/produit\/parc-provincial-awenda-ontario-canada\/","title":{"rendered":"Parc Provincial Awenda (Ontario, Canada)"},"content":{"rendered":"<p>-Murale en papier peint du Parc Provincial Awenda en Ontario (Canada).\u00a0La qualit\u00e9 (r\u00e9solution) de cette image est exceptionnelle (200\u00a0M\u00e9gaPixels). Cette murale panoramique en haute r\u00e9solution est parfaite pour donner vie \u00e0 un grand mur.<\/p>\n<p>-La murale comprend des laizes de 18&#8243; (45cm) de largeur. Par exemple, une murale de 6&#8242; (1,83m) de largeur a 4 laizes et une murale de 12&#8242; (3,66m) de largeur a 8 laizes.<\/p>\n<p>-Murale en papier\u00a0peint pr\u00e9encoll\u00e9e, lavable, s&#8217;enl\u00e8ve \u00e0 sec et r\u00e9utilisable. Facile \u00e0 installer, se pose comme du papier\u00a0peint (tapisserie).<\/p>\n<p>-Photographie de Donn Petelka. Vous pouvez obtenir plus d&#8217;informations \u00e0 cette adresse:\u00a0<u><a style=\"color: #1155cc; font-family: verdana, sans-serif; font-size: large;\" href=\"mailto:donnpetelka@gmail.com\" target=\"_blank\" rel=\"noopener noreferrer\">donnpetelka@gmail.com<\/a><\/u>.<\/p>\n<p>-murale panoramique, murale panoramique de for\u00eat,papier peint panoramique de for\u00eat, tapisserie de for\u00eat, murale de for\u00eat, papier peint de paysage<\/p>\n","protected":false},"excerpt":{"rendered":"<p>-Murale en papier peint du Parc Provincial Awenda en Ontario (Canada).\u00a0La qualit\u00e9 (r\u00e9solution) de cette image est exceptionnelle (200\u00a0M\u00e9gaPixels). Cette murale panoramique en haute r\u00e9solution est parfaite pour donner vie \u00e0 un grand mur. -La murale comprend des laizes de 18&#8243; (45cm) de largeur. Par exemple, une murale de 6&#8242; (1,83m) de largeur a 4 [&hellip;]<\/p>\n","protected":false},"featured_media":90240,"template":"","meta":{"_acf_changed":false},"product_brand":[197],"product_cat":[10434,141,401,427],"product_tag":[9478,8676,9258,9427,9019,9219,8719,9252,9137],"class_list":{"0":"post-7088","1":"product","2":"type-product","3":"status-publish","4":"has-post-thumbnail","6":"artist-donn-petelka-fr","7":"product_brand-donn-petelka-2","8":"product_cat-images-panoramiques","9":"product_cat-nature-et-paysages","10":"product_cat-tous-nos-produits","11":"product_cat-ultra-haute-d-finition-photos","12":"product_tag-arbres","13":"product_tag-canada-fr","14":"product_tag-chemin","15":"product_tag-ete","16":"product_tag-foret","17":"product_tag-nature-fr","18":"product_tag-ontario-fr","19":"product_tag-parc","20":"product_tag-paysage","22":"first","23":"instock","24":"taxable","25":"shipping-taxable","26":"purchasable","27":"product-type-variable","28":"has-default-attributes"},"acf":[],"_links":{"self":[{"href":"https:\/\/www.muralunique.com\/fr\/wp-json\/wp\/v2\/product\/7088","targetHints":{"allow":["GET"]}}],"collection":[{"href":"https:\/\/www.muralunique.com\/fr\/wp-json\/wp\/v2\/product"}],"about":[{"href":"https:\/\/www.muralunique.com\/fr\/wp-json\/wp\/v2\/types\/product"}],"wp:featuredmedia":[{"embeddable":true,"href":"https:\/\/www.muralunique.com\/fr\/wp-json\/wp\/v2\/media\/90240"}],"wp:attachment":[{"href":"https:\/\/www.muralunique.com\/fr\/wp-json\/wp\/v2\/media?parent=7088"}],"wp:term":[{"taxonomy":"product_brand","embeddable":true,"href":"https:\/\/www.muralunique.com\/fr\/wp-json\/wp\/v2\/product_brand?post=7088"},{"taxonomy":"product_cat","embeddable":true,"href":"https:\/\/www.muralunique.com\/fr\/wp-json\/wp\/v2\/product_cat?post=7088"},{"taxonomy":"product_tag","embeddable":true,"href":"https:\/\/www.muralunique.com\/fr\/wp-json\/wp\/v2\/product_tag?post=7088"}],"curies":[{"name":"wp","href":"https:\/\/api.w.org\/{rel}","templated":true}]}}